{"id":4004,"date":"2024-03-25T13:23:35","date_gmt":"2024-03-25T12:23:35","guid":{"rendered":"https:\/\/baz.pariver.com\/?page_id=4004"},"modified":"2024-04-25T10:47:37","modified_gmt":"2024-04-25T08:47:37","slug":"herencias-y-legados","status":"publish","type":"page","link":"https:\/\/baz.pariver.com\/index.php\/herencias-y-legados\/","title":{"rendered":"Herencias y legados"},"content":{"rendered":"\t\t<div data-elementor-type=\"wp-page\" data-elementor-id=\"4004\" class=\"elementor elementor-4004\" data-elementor-post-type=\"page\">\n\t\t\t\t<div class=\"elementor-element elementor-element-69d7bb9d e-flex e-con-boxed wpr-particle-no wpr-jarallax-no wpr-parallax-no wpr-sticky-section-no e-con e-parent\" data-id=\"69d7bb9d\" data-element_type=\"container\">\n\t\t\t\t\t<div class=\"e-con-inner\">\n\t\t\t\t<div class=\"elementor-element elementor-element-62eadd1 elementor-widget elementor-widget-text-editor\" data-id=\"62eadd1\" data-element_type=\"widget\" data-widget_type=\"text-editor.default\">\n\t\t\t\t<div class=\"elementor-widget-container\">\n\t\t\t<style>\/*! elementor - v3.21.0 - 08-05-2024 *\/\n.elementor-widget-text-editor.elementor-drop-cap-view-stacked .elementor-drop-cap{background-color:#69727d;color:#fff}.elementor-widget-text-editor.elementor-drop-cap-view-framed .elementor-drop-cap{color:#69727d;border:3px solid;background-color:transparent}.elementor-widget-text-editor:not(.elementor-drop-cap-view-default) .elementor-drop-cap{margin-top:8px}.elementor-widget-text-editor:not(.elementor-drop-cap-view-default) .elementor-drop-cap-letter{width:1em;height:1em}.elementor-widget-text-editor .elementor-drop-cap{float:left;text-align:center;line-height:1;font-size:50px}.elementor-widget-text-editor .elementor-drop-cap-letter{display:inline-block}<\/style>\t\t\t\t<!-- wp:paragraph -->\n<p><strong>\u00bfSe puede legar a la Fundaci\u00f3n Banco de Alimentos de Zaragoza?<\/strong><\/p>\n<!-- \/wp:paragraph --><!-- wp:paragraph -->\n<p>La \u00a0<strong>ley dispone que una parte de la propia herencia<\/strong>\u00a0(cuya cuant\u00eda depende de quienes sean los herederos forzosos)\u00a0<strong>puede destinarse libremente a una o m\u00e1s personas, f\u00edsicas o jur\u00eddicas,\u00a0<\/strong>adem\u00e1s de a aquellos familiares que son los que seg\u00fan ley tienen derecho a recibir una parte de la herencia.<\/p>\n<!-- \/wp:paragraph --><!-- wp:paragraph -->\n<p>\u200bEsto incluye a\u00a0<strong>entidades de todo tipo<\/strong>\u00a0y por tanto a\u00a0<strong>entidades sin \u00e1nimo de lucro<\/strong>\u00a0como la\u00a0<strong>Fundaci\u00f3n Banco de Alimentos de Zaragoza.<\/strong><\/p>\n<!-- \/wp:paragraph --><!-- wp:paragraph -->\n<p>Es una Fundaci\u00f3n sin \u00e1nimo de lucro y basada en un\u00a0<strong>voluntariado aconfesional y apol\u00edtico cuya labor es obtener alimentos por distintas v\u00edas, y hacerlos llegar a Entidades<\/strong>\u00a0que, o bien los reparten a su vez a familias necesitadas, o los utilizan en sus comedores sociales.<\/p>\n<!-- \/wp:paragraph --><!-- wp:paragraph -->\n<p>Las\u00a0<strong>donaciones econ\u00f3micas son necesarias<\/strong>\u00a0para cubrir los gastos de su estructura.<\/p>\n<!-- \/wp:paragraph --><!-- wp:paragraph -->\n<p><strong>\u00bfC\u00f3mo se puede legar?<\/strong><\/p>\n<!-- \/wp:paragraph --><!-- wp:paragraph -->\n<p>Existen\u00a0<strong>varias posibilidades<\/strong>\u00a0seg\u00fan los deseos y la situaci\u00f3n de la persona:<\/p>\n<!-- \/wp:paragraph --><!-- wp:paragraph -->\n<p>_ Destinar\u00a0<strong>un porcentaje<\/strong>\u00a0de la herencia a Fundaci\u00f3n Banco de Alimentos de Zaragoza<br \/>_ Nombrar a Fundaci\u00f3n Banco de Alimentos de Zaragoza\u00a0<strong>heredera \u00fanica<\/strong>\u00a0de todos los bienes.<br \/>_ Hacer un\u00a0<strong>legado espec\u00edfico<\/strong>\u00a0a Fundaci\u00f3n Banco de Alimentos de Zaragoza\u00a0de alg\u00fan bien.<\/p>\n<!-- \/wp:paragraph --><!-- wp:paragraph -->\n<p><strong>En ninguno de estos 3 casos\u00a0<\/strong>\u00a0tu legado perjudicar\u00e1 los derechos de tus<strong>\u00a0herederos forzosos<\/strong>\u00a0y que por ley\u00a0<strong>tienen derecho<\/strong>\u00a0a recibir su parte de la herencia llamada leg\u00edtima.<\/p>\n<!-- \/wp:paragraph --><!-- wp:paragraph -->\n<p>Al incluir a\u00a0<strong>Fundaci\u00f3n Banco de Alimentos de Zaragoza<\/strong>\u00a0en el testamento,\u00a0<strong>cita siempre de forma expl\u00edcita<\/strong>\u00a0estos datos:<\/p>\n<!-- \/wp:paragraph --><!-- wp:paragraph -->\n<p><em><strong>Fundaci\u00f3n Banco de Alimentos de Zaragoza<\/strong><br \/>Mercazaragoza, Carretera Cogullada 65 , Calle P, naves 3, 4, 5 y 6.<br \/>Zaragoza 50014<br \/><strong>CIF: G50597632<\/strong><\/em><\/p>\n<!-- \/wp:paragraph --><!-- wp:paragraph -->\n<p>Y para cualquier duda, ponte en\u00a0<strong>contacto<\/strong> con nosotros pinchando <a href=\"https:\/\/baz.pariver.com\/index.php\/contactar\/\">aqu\u00ed\u00a0<\/a><\/p>\n<!-- \/wp:paragraph -->\t\t\t\t\t\t<\/div>\n\t\t\t\t<\/div>\n\t\t\t\t\t<\/div>\n\t\t\t\t<\/div>\n\t\t\t\t<\/div>\n\t\t","protected":false},"excerpt":{"rendered":"<p>\u00bfSe puede legar a la Fundaci\u00f3n Banco de Alimentos de Zaragoza? La \u00a0ley dispone que una parte de la propia [&hellip;]<\/p>\n","protected":false},"author":1,"featured_media":0,"parent":0,"menu_order":0,"comment_status":"closed","ping_status":"closed","template":"","meta":{"site-sidebar-layout":"default","site-content-layout":"","ast-site-content-layout":"","site-content-style":"default","site-sidebar-style":"default","ast-global-header-display":"","ast-banner-title-visibility":"","ast-main-header-display":"","ast-hfb-above-header-display":"","ast-hfb-below-header-display":"","ast-hfb-mobile-header-display":"","site-post-title":"","ast-breadcrumbs-content":"","ast-featured-img":"","footer-sml-layout":"","theme-transparent-header-meta":"","adv-header-id-meta":"","stick-header-meta":"","header-above-stick-meta":"","header-main-stick-meta":"","header-below-stick-meta":"","astra-migrate-meta-layouts":"default","ast-page-background-enabled":"default","ast-page-background-meta":{"desktop":{"background-color":"var(--ast-global-color-4)","background-image":"","background-repeat":"repeat","background-position":"center center","background-size":"auto","background-attachment":"scroll","background-type":"","background-media":"","overlay-type":"","overlay-color":"","overlay-gradient":""},"tablet":{"background-color":"","background-image":"","background-repeat":"repeat","background-position":"center center","background-size":"auto","background-attachment":"scroll","background-type":"","background-media":"","overlay-type":"","overlay-color":"","overlay-gradient":""},"mobile":{"background-color":"","background-image":"","background-repeat":"repeat","background-position":"center center","background-size":"auto","background-attachment":"scroll","background-type":"","background-media":"","overlay-type":"","overlay-color":"","overlay-gradient":""}},"ast-content-background-meta":{"desktop":{"background-color":"var(--ast-global-color-5)","background-image":"","background-repeat":"repeat","background-position":"center center","background-size":"auto","background-attachment":"scroll","background-type":"","background-media":"","overlay-type":"","overlay-color":"","overlay-gradient":""},"tablet":{"background-color":"var(--ast-global-color-5)","background-image":"","background-repeat":"repeat","background-position":"center center","background-size":"auto","background-attachment":"scroll","background-type":"","background-media":"","overlay-type":"","overlay-color":"","overlay-gradient":""},"mobile":{"background-color":"var(--ast-global-color-5)","background-image":"","background-repeat":"repeat","background-position":"center center","background-size":"auto","background-attachment":"scroll","background-type":"","background-media":"","overlay-type":"","overlay-color":"","overlay-gradient":""}},"footnotes":""},"class_list":["post-4004","page","type-page","status-publish","hentry"],"yoast_head":"<!-- This site is optimized with the Yoast SEO plugin v22.6 - https:\/\/yoast.com\/wordpress\/plugins\/seo\/ -->\n<title>Herencias y legados - Fundacion Banco de Alimentos de Zaragoza<\/title>\n<meta name=\"description\" content=\"\u00bfQuieres dejar un legado solidario? Descubre c\u00f3mo puedes incluir a la Fundaci\u00f3n Banco de Alimentos de Zaragoza en tu testamento. Tu legado ayudar\u00e1 a seguir apoyando a familias necesitadas. Inf\u00f3rmate aqu\u00ed.\" \/>\n<meta name=\"robots\" content=\"index, follow, max-snippet:-1, max-image-preview:large, max-video-preview:-1\" \/>\n<link rel=\"canonical\" href=\"https:\/\/baz.pariver.com\/index.php\/herencias-y-legados\/\" \/>\n<meta property=\"og:locale\" content=\"es_ES\" \/>\n<meta property=\"og:type\" content=\"article\" \/>\n<meta property=\"og:title\" content=\"Herencias y legados - Fundacion Banco de Alimentos de Zaragoza\" \/>\n<meta property=\"og:description\" content=\"\u00bfQuieres dejar un legado solidario? Descubre c\u00f3mo puedes incluir a la Fundaci\u00f3n Banco de Alimentos de Zaragoza en tu testamento. Tu legado ayudar\u00e1 a seguir apoyando a familias necesitadas. Inf\u00f3rmate aqu\u00ed.\" \/>\n<meta property=\"og:url\" content=\"https:\/\/baz.pariver.com\/index.php\/herencias-y-legados\/\" \/>\n<meta property=\"og:site_name\" content=\"Fundacion Banco de Alimentos de Zaragoza\" \/>\n<meta property=\"article:publisher\" content=\"https:\/\/www.facebook.com\/BancoAlimentosZaragoza\" \/>\n<meta property=\"article:modified_time\" content=\"2024-04-25T08:47:37+00:00\" \/>\n<meta name=\"twitter:card\" content=\"summary_large_image\" \/>\n<meta name=\"twitter:site\" content=\"@b_alimentoszgz\" \/>\n<meta name=\"twitter:label1\" content=\"Tiempo de lectura\" \/>\n\t<meta name=\"twitter:data1\" content=\"2 minutos\" \/>\n<script type=\"application\/ld+json\" class=\"yoast-schema-graph\">{\"@context\":\"https:\/\/schema.org\",\"@graph\":[{\"@type\":\"WebPage\",\"@id\":\"https:\/\/baz.pariver.com\/index.php\/herencias-y-legados\/\",\"url\":\"https:\/\/baz.pariver.com\/index.php\/herencias-y-legados\/\",\"name\":\"Herencias y legados - Fundacion Banco de Alimentos de Zaragoza\",\"isPartOf\":{\"@id\":\"https:\/\/baz.pariver.com\/#website\"},\"datePublished\":\"2024-03-25T12:23:35+00:00\",\"dateModified\":\"2024-04-25T08:47:37+00:00\",\"description\":\"\u00bfQuieres dejar un legado solidario? Descubre c\u00f3mo puedes incluir a la Fundaci\u00f3n Banco de Alimentos de Zaragoza en tu testamento. Tu legado ayudar\u00e1 a seguir apoyando a familias necesitadas. Inf\u00f3rmate aqu\u00ed.\",\"breadcrumb\":{\"@id\":\"https:\/\/baz.pariver.com\/index.php\/herencias-y-legados\/#breadcrumb\"},\"inLanguage\":\"es\",\"potentialAction\":[{\"@type\":\"ReadAction\",\"target\":[\"https:\/\/baz.pariver.com\/index.php\/herencias-y-legados\/\"]}]},{\"@type\":\"BreadcrumbList\",\"@id\":\"https:\/\/baz.pariver.com\/index.php\/herencias-y-legados\/#breadcrumb\",\"itemListElement\":[{\"@type\":\"ListItem\",\"position\":1,\"name\":\"Portada\",\"item\":\"https:\/\/baz.pariver.com\/\"},{\"@type\":\"ListItem\",\"position\":2,\"name\":\"Herencias y legados\"}]},{\"@type\":\"WebSite\",\"@id\":\"https:\/\/baz.pariver.com\/#website\",\"url\":\"https:\/\/baz.pariver.com\/\",\"name\":\"Fundacion Banco de Alimentos de Zaragoza\",\"description\":\"Nos hace falta lo que a ti te sobra\",\"publisher\":{\"@id\":\"https:\/\/baz.pariver.com\/#organization\"},\"potentialAction\":[{\"@type\":\"SearchAction\",\"target\":{\"@type\":\"EntryPoint\",\"urlTemplate\":\"https:\/\/baz.pariver.com\/?s={search_term_string}\"},\"query-input\":\"required name=search_term_string\"}],\"inLanguage\":\"es\"},{\"@type\":\"Organization\",\"@id\":\"https:\/\/baz.pariver.com\/#organization\",\"name\":\"Fundacion Banco de Alimentos de Zaragoza\",\"url\":\"https:\/\/baz.pariver.com\/\",\"logo\":{\"@type\":\"ImageObject\",\"inLanguage\":\"es\",\"@id\":\"https:\/\/baz.pariver.com\/#\/schema\/logo\/image\/\",\"url\":\"https:\/\/baz.pariver.com\/wp-content\/uploads\/2024\/04\/banco-alimentos.png\",\"contentUrl\":\"https:\/\/baz.pariver.com\/wp-content\/uploads\/2024\/04\/banco-alimentos.png\",\"width\":303,\"height\":309,\"caption\":\"Fundacion Banco de Alimentos de Zaragoza\"},\"image\":{\"@id\":\"https:\/\/baz.pariver.com\/#\/schema\/logo\/image\/\"},\"sameAs\":[\"https:\/\/www.facebook.com\/BancoAlimentosZaragoza\",\"https:\/\/x.com\/b_alimentoszgz\",\"https:\/\/www.instagram.com\/b_alimentoszgz\/\",\"https:\/\/www.linkedin.com\/company\/fundacin-banco-de-alimentos-de-zaragoza\/\"]}]}<\/script>\n<!-- \/ Yoast SEO plugin. -->","yoast_head_json":{"title":"Herencias y legados - Fundacion Banco de Alimentos de Zaragoza","description":"\u00bfQuieres dejar un legado solidario? Descubre c\u00f3mo puedes incluir a la Fundaci\u00f3n Banco de Alimentos de Zaragoza en tu testamento. Tu legado ayudar\u00e1 a seguir apoyando a familias necesitadas. Inf\u00f3rmate aqu\u00ed.","robots":{"index":"index","follow":"follow","max-snippet":"max-snippet:-1","max-image-preview":"max-image-preview:large","max-video-preview":"max-video-preview:-1"},"canonical":"https:\/\/baz.pariver.com\/index.php\/herencias-y-legados\/","og_locale":"es_ES","og_type":"article","og_title":"Herencias y legados - Fundacion Banco de Alimentos de Zaragoza","og_description":"\u00bfQuieres dejar un legado solidario? Descubre c\u00f3mo puedes incluir a la Fundaci\u00f3n Banco de Alimentos de Zaragoza en tu testamento. Tu legado ayudar\u00e1 a seguir apoyando a familias necesitadas. Inf\u00f3rmate aqu\u00ed.","og_url":"https:\/\/baz.pariver.com\/index.php\/herencias-y-legados\/","og_site_name":"Fundacion Banco de Alimentos de Zaragoza","article_publisher":"https:\/\/www.facebook.com\/BancoAlimentosZaragoza","article_modified_time":"2024-04-25T08:47:37+00:00","twitter_card":"summary_large_image","twitter_site":"@b_alimentoszgz","twitter_misc":{"Tiempo de lectura":"2 minutos"},"schema":{"@context":"https:\/\/schema.org","@graph":[{"@type":"WebPage","@id":"https:\/\/baz.pariver.com\/index.php\/herencias-y-legados\/","url":"https:\/\/baz.pariver.com\/index.php\/herencias-y-legados\/","name":"Herencias y legados - Fundacion Banco de Alimentos de Zaragoza","isPartOf":{"@id":"https:\/\/baz.pariver.com\/#website"},"datePublished":"2024-03-25T12:23:35+00:00","dateModified":"2024-04-25T08:47:37+00:00","description":"\u00bfQuieres dejar un legado solidario? Descubre c\u00f3mo puedes incluir a la Fundaci\u00f3n Banco de Alimentos de Zaragoza en tu testamento. Tu legado ayudar\u00e1 a seguir apoyando a familias necesitadas. Inf\u00f3rmate aqu\u00ed.","breadcrumb":{"@id":"https:\/\/baz.pariver.com\/index.php\/herencias-y-legados\/#breadcrumb"},"inLanguage":"es","potentialAction":[{"@type":"ReadAction","target":["https:\/\/baz.pariver.com\/index.php\/herencias-y-legados\/"]}]},{"@type":"BreadcrumbList","@id":"https:\/\/baz.pariver.com\/index.php\/herencias-y-legados\/#breadcrumb","itemListElement":[{"@type":"ListItem","position":1,"name":"Portada","item":"https:\/\/baz.pariver.com\/"},{"@type":"ListItem","position":2,"name":"Herencias y legados"}]},{"@type":"WebSite","@id":"https:\/\/baz.pariver.com\/#website","url":"https:\/\/baz.pariver.com\/","name":"Fundacion Banco de Alimentos de Zaragoza","description":"Nos hace falta lo que a ti te sobra","publisher":{"@id":"https:\/\/baz.pariver.com\/#organization"},"potentialAction":[{"@type":"SearchAction","target":{"@type":"EntryPoint","urlTemplate":"https:\/\/baz.pariver.com\/?s={search_term_string}"},"query-input":"required name=search_term_string"}],"inLanguage":"es"},{"@type":"Organization","@id":"https:\/\/baz.pariver.com\/#organization","name":"Fundacion Banco de Alimentos de Zaragoza","url":"https:\/\/baz.pariver.com\/","logo":{"@type":"ImageObject","inLanguage":"es","@id":"https:\/\/baz.pariver.com\/#\/schema\/logo\/image\/","url":"https:\/\/baz.pariver.com\/wp-content\/uploads\/2024\/04\/banco-alimentos.png","contentUrl":"https:\/\/baz.pariver.com\/wp-content\/uploads\/2024\/04\/banco-alimentos.png","width":303,"height":309,"caption":"Fundacion Banco de Alimentos de Zaragoza"},"image":{"@id":"https:\/\/baz.pariver.com\/#\/schema\/logo\/image\/"},"sameAs":["https:\/\/www.facebook.com\/BancoAlimentosZaragoza","https:\/\/x.com\/b_alimentoszgz","https:\/\/www.instagram.com\/b_alimentoszgz\/","https:\/\/www.linkedin.com\/company\/fundacin-banco-de-alimentos-de-zaragoza\/"]}]}},"_links":{"self":[{"href":"https:\/\/baz.pariver.com\/index.php\/wp-json\/wp\/v2\/pages\/4004","targetHints":{"allow":["GET"]}}],"collection":[{"href":"https:\/\/baz.pariver.com\/index.php\/wp-json\/wp\/v2\/pages"}],"about":[{"href":"https:\/\/baz.pariver.com\/index.php\/wp-json\/wp\/v2\/types\/page"}],"author":[{"embeddable":true,"href":"https:\/\/baz.pariver.com\/index.php\/wp-json\/wp\/v2\/users\/1"}],"replies":[{"embeddable":true,"href":"https:\/\/baz.pariver.com\/index.php\/wp-json\/wp\/v2\/comments?post=4004"}],"version-history":[{"count":7,"href":"https:\/\/baz.pariver.com\/index.php\/wp-json\/wp\/v2\/pages\/4004\/revisions"}],"predecessor-version":[{"id":6180,"href":"https:\/\/baz.pariver.com\/index.php\/wp-json\/wp\/v2\/pages\/4004\/revisions\/6180"}],"wp:attachment":[{"href":"https:\/\/baz.pariver.com\/index.php\/wp-json\/wp\/v2\/media?parent=4004"}],"curies":[{"name":"wp","href":"https:\/\/api.w.org\/{rel}","templated":true}]}}