{"id":3989,"date":"2024-03-25T13:15:03","date_gmt":"2024-03-25T12:15:03","guid":{"rendered":"https:\/\/baz.pariver.com\/?page_id=3989"},"modified":"2024-04-25T10:45:22","modified_gmt":"2024-04-25T08:45:22","slug":"desde-tu-movil-bizum-38087","status":"publish","type":"page","link":"https:\/\/baz.pariver.com\/index.php\/desde-tu-movil-bizum-38087\/","title":{"rendered":"Desde tu m\u00f3vil: Bizum 38087"},"content":{"rendered":"\t\t<div data-elementor-type=\"wp-page\" data-elementor-id=\"3989\" class=\"elementor elementor-3989\" data-elementor-post-type=\"page\">\n\t\t\t\t<div class=\"elementor-element elementor-element-8878f8b e-flex e-con-boxed wpr-particle-no wpr-jarallax-no wpr-parallax-no wpr-sticky-section-no e-con e-parent\" data-id=\"8878f8b\" data-element_type=\"container\">\n\t\t\t\t\t<div class=\"e-con-inner\">\n\t\t\t\t<div class=\"elementor-element elementor-element-55cdcb40 elementor-widget elementor-widget-text-editor\" data-id=\"55cdcb40\" data-element_type=\"widget\" data-widget_type=\"text-editor.default\">\n\t\t\t\t<div class=\"elementor-widget-container\">\n\t\t\t<style>\/*! elementor - v3.21.0 - 08-05-2024 *\/\n.elementor-widget-text-editor.elementor-drop-cap-view-stacked .elementor-drop-cap{background-color:#69727d;color:#fff}.elementor-widget-text-editor.elementor-drop-cap-view-framed .elementor-drop-cap{color:#69727d;border:3px solid;background-color:transparent}.elementor-widget-text-editor:not(.elementor-drop-cap-view-default) .elementor-drop-cap{margin-top:8px}.elementor-widget-text-editor:not(.elementor-drop-cap-view-default) .elementor-drop-cap-letter{width:1em;height:1em}.elementor-widget-text-editor .elementor-drop-cap{float:left;text-align:center;line-height:1;font-size:50px}.elementor-widget-text-editor .elementor-drop-cap-letter{display:inline-block}<\/style>\t\t\t\t<!-- wp:paragraph -->\n<p><strong>Desde tu m\u00f3vil\u00a0<\/strong>usando la aplicaci\u00f3n\u00a0<strong>Bizum<\/strong>\u00a0de la entidad financiera con la que trabajes habitualmente, al\u00a0<strong>n\u00famero 38087<\/strong><\/p>\n<!-- \/wp:paragraph --><!-- wp:paragraph -->\n<p><em>Nota: Las medidas de seguridad de las entidades bancarias cambian con frecuencia. Si al poner el n\u00famero 38087 no se activa la posibilidad de enviar la donaci\u00f3n, tendr\u00e1s que buscar \u2018Fundacion Banco de Alimentos de Zaragoza\u2019 en las \u2018Ongs\u2019 de la libreta de direcciones de Bizum, y seleccion\u00e1ndolo podr\u00e1s continuar.<\/em><\/p>\n<!-- \/wp:paragraph --><!-- wp:paragraph -->\n<p>Y si quieres recibir un\u00a0<strong>certificado fiscal<\/strong>\u00a0para tu desgravaci\u00f3n fiscal, env\u00eda un\u00a0<strong>correo electr\u00f3nico a\u00a0<a href=\"mailto:contabilidad@bazgz.es\">contabilidad@bazgz.es<\/a><\/strong>\u00a0incluyendo estos datos que nos permitir\u00e1n localizar tu donaci\u00f3n:<\/p>\n<!-- \/wp:paragraph --><!-- wp:list -->\n<ul><!-- wp:list-item -->\n<li><strong>Nombre y apellidos, o raz\u00f3n social<\/strong><\/li>\n<!-- \/wp:list-item --><!-- wp:list-item -->\n<li><strong>DNI o CIF<\/strong><\/li>\n<!-- \/wp:list-item --><!-- wp:list-item -->\n<li><strong>Domicilio<\/strong><\/li>\n<!-- \/wp:list-item --><!-- wp:list-item -->\n<li><strong>Tel\u00e9fono<\/strong><\/li>\n<!-- \/wp:list-item --><!-- wp:list-item -->\n<li><strong>E-mail<\/strong><\/li>\n<!-- \/wp:list-item --><!-- wp:list-item -->\n<li><strong>Fecha e importe donaci\u00f3n<\/strong><\/li>\n<!-- \/wp:list-item --><!-- wp:list-item -->\n<li><strong>N\u00famero de Referencia Bizum (este dato lo puedes ver en tu m\u00f3vil una vez hecha la donaci\u00f3n)<\/strong><\/li>\n<!-- \/wp:list-item --><\/ul>\n<!-- \/wp:list --><!-- wp:paragraph -->\n<p>En<a href=\"http:\/\/bizum.es\/ongs\" target=\"_blank\" rel=\"noreferrer noopener\">\u00a0<strong>bizum.es\/ongs<\/strong>\u00a0<\/a>tienes m\u00e1s informaci\u00f3n y la relaci\u00f3n de todas las ONGs a las que puedes hacer una donaci\u00f3n por esta v\u00eda.<\/p>\n<!-- \/wp:paragraph -->\t\t\t\t\t\t<\/div>\n\t\t\t\t<\/div>\n\t\t\t\t\t<\/div>\n\t\t\t\t<\/div>\n\t\t\t\t<\/div>\n\t\t","protected":false},"excerpt":{"rendered":"<p>Desde tu m\u00f3vil\u00a0usando la aplicaci\u00f3n\u00a0Bizum\u00a0de la entidad financiera con la que trabajes habitualmente, al\u00a0n\u00famero 38087 Nota: Las medidas de seguridad [&hellip;]<\/p>\n","protected":false},"author":1,"featured_media":0,"parent":0,"menu_order":0,"comment_status":"closed","ping_status":"closed","template":"","meta":{"site-sidebar-layout":"default","site-content-layout":"","ast-site-content-layout":"","site-content-style":"default","site-sidebar-style":"default","ast-global-header-display":"","ast-banner-title-visibility":"","ast-main-header-display":"","ast-hfb-above-header-display":"","ast-hfb-below-header-display":"","ast-hfb-mobile-header-display":"","site-post-title":"","ast-breadcrumbs-content":"","ast-featured-img":"","footer-sml-layout":"","theme-transparent-header-meta":"","adv-header-id-meta":"","stick-header-meta":"","header-above-stick-meta":"","header-main-stick-meta":"","header-below-stick-meta":"","astra-migrate-meta-layouts":"default","ast-page-background-enabled":"default","ast-page-background-meta":{"desktop":{"background-color":"var(--ast-global-color-4)","background-image":"","background-repeat":"repeat","background-position":"center center","background-size":"auto","background-attachment":"scroll","background-type":"","background-media":"","overlay-type":"","overlay-color":"","overlay-gradient":""},"tablet":{"background-color":"","background-image":"","background-repeat":"repeat","background-position":"center center","background-size":"auto","background-attachment":"scroll","background-type":"","background-media":"","overlay-type":"","overlay-color":"","overlay-gradient":""},"mobile":{"background-color":"","background-image":"","background-repeat":"repeat","background-position":"center center","background-size":"auto","background-attachment":"scroll","background-type":"","background-media":"","overlay-type":"","overlay-color":"","overlay-gradient":""}},"ast-content-background-meta":{"desktop":{"background-color":"var(--ast-global-color-5)","background-image":"","background-repeat":"repeat","background-position":"center center","background-size":"auto","background-attachment":"scroll","background-type":"","background-media":"","overlay-type":"","overlay-color":"","overlay-gradient":""},"tablet":{"background-color":"var(--ast-global-color-5)","background-image":"","background-repeat":"repeat","background-position":"center center","background-size":"auto","background-attachment":"scroll","background-type":"","background-media":"","overlay-type":"","overlay-color":"","overlay-gradient":""},"mobile":{"background-color":"var(--ast-global-color-5)","background-image":"","background-repeat":"repeat","background-position":"center center","background-size":"auto","background-attachment":"scroll","background-type":"","background-media":"","overlay-type":"","overlay-color":"","overlay-gradient":""}},"footnotes":""},"class_list":["post-3989","page","type-page","status-publish","hentry"],"yoast_head":"<!-- This site is optimized with the Yoast SEO plugin v22.6 - https:\/\/yoast.com\/wordpress\/plugins\/seo\/ -->\n<title>Desde tu m\u00f3vil: Bizum 38087 - Fundacion Banco de Alimentos de Zaragoza<\/title>\n<meta name=\"description\" content=\"Realiza tu donaci\u00f3n al Banco de Alimentos de Zaragoza de manera r\u00e1pida y sencilla utilizando la aplicaci\u00f3n Bizum desde tu m\u00f3vil. Sigue las instrucciones para enviar tu contribuci\u00f3n al n\u00famero 38087 o buscando &#039;Fundacion Banco de Alimentos de Zaragoza&#039; en la lista de ONGs de tu libreta de direcciones de Bizum. Si deseas recibir un certificado fiscal para tu desgravaci\u00f3n, env\u00eda un correo electr\u00f3nico con tus datos y el n\u00famero de referencia Bizum. Ayuda a quienes m\u00e1s lo necesitan con tu donaci\u00f3n.\" \/>\n<meta name=\"robots\" content=\"index, follow, max-snippet:-1, max-image-preview:large, max-video-preview:-1\" \/>\n<link rel=\"canonical\" href=\"https:\/\/baz.pariver.com\/index.php\/desde-tu-movil-bizum-38087\/\" \/>\n<meta property=\"og:locale\" content=\"es_ES\" \/>\n<meta property=\"og:type\" content=\"article\" \/>\n<meta property=\"og:title\" content=\"Desde tu m\u00f3vil: Bizum 38087 - Fundacion Banco de Alimentos de Zaragoza\" \/>\n<meta property=\"og:description\" content=\"Realiza tu donaci\u00f3n al Banco de Alimentos de Zaragoza de manera r\u00e1pida y sencilla utilizando la aplicaci\u00f3n Bizum desde tu m\u00f3vil. Sigue las instrucciones para enviar tu contribuci\u00f3n al n\u00famero 38087 o buscando &#039;Fundacion Banco de Alimentos de Zaragoza&#039; en la lista de ONGs de tu libreta de direcciones de Bizum. Si deseas recibir un certificado fiscal para tu desgravaci\u00f3n, env\u00eda un correo electr\u00f3nico con tus datos y el n\u00famero de referencia Bizum. Ayuda a quienes m\u00e1s lo necesitan con tu donaci\u00f3n.\" \/>\n<meta property=\"og:url\" content=\"https:\/\/baz.pariver.com\/index.php\/desde-tu-movil-bizum-38087\/\" \/>\n<meta property=\"og:site_name\" content=\"Fundacion Banco de Alimentos de Zaragoza\" \/>\n<meta property=\"article:publisher\" content=\"https:\/\/www.facebook.com\/BancoAlimentosZaragoza\" \/>\n<meta property=\"article:modified_time\" content=\"2024-04-25T08:45:22+00:00\" \/>\n<meta name=\"twitter:card\" content=\"summary_large_image\" \/>\n<meta name=\"twitter:site\" content=\"@b_alimentoszgz\" \/>\n<meta name=\"twitter:label1\" content=\"Tiempo de lectura\" \/>\n\t<meta name=\"twitter:data1\" content=\"1 minuto\" \/>\n<script type=\"application\/ld+json\" class=\"yoast-schema-graph\">{\"@context\":\"https:\/\/schema.org\",\"@graph\":[{\"@type\":\"WebPage\",\"@id\":\"https:\/\/baz.pariver.com\/index.php\/desde-tu-movil-bizum-38087\/\",\"url\":\"https:\/\/baz.pariver.com\/index.php\/desde-tu-movil-bizum-38087\/\",\"name\":\"Desde tu m\u00f3vil: Bizum 38087 - Fundacion Banco de Alimentos de Zaragoza\",\"isPartOf\":{\"@id\":\"https:\/\/baz.pariver.com\/#website\"},\"datePublished\":\"2024-03-25T12:15:03+00:00\",\"dateModified\":\"2024-04-25T08:45:22+00:00\",\"description\":\"Realiza tu donaci\u00f3n al Banco de Alimentos de Zaragoza de manera r\u00e1pida y sencilla utilizando la aplicaci\u00f3n Bizum desde tu m\u00f3vil. Sigue las instrucciones para enviar tu contribuci\u00f3n al n\u00famero 38087 o buscando 'Fundacion Banco de Alimentos de Zaragoza' en la lista de ONGs de tu libreta de direcciones de Bizum. Si deseas recibir un certificado fiscal para tu desgravaci\u00f3n, env\u00eda un correo electr\u00f3nico con tus datos y el n\u00famero de referencia Bizum. Ayuda a quienes m\u00e1s lo necesitan con tu donaci\u00f3n.\",\"breadcrumb\":{\"@id\":\"https:\/\/baz.pariver.com\/index.php\/desde-tu-movil-bizum-38087\/#breadcrumb\"},\"inLanguage\":\"es\",\"potentialAction\":[{\"@type\":\"ReadAction\",\"target\":[\"https:\/\/baz.pariver.com\/index.php\/desde-tu-movil-bizum-38087\/\"]}]},{\"@type\":\"BreadcrumbList\",\"@id\":\"https:\/\/baz.pariver.com\/index.php\/desde-tu-movil-bizum-38087\/#breadcrumb\",\"itemListElement\":[{\"@type\":\"ListItem\",\"position\":1,\"name\":\"Portada\",\"item\":\"https:\/\/baz.pariver.com\/\"},{\"@type\":\"ListItem\",\"position\":2,\"name\":\"Desde tu m\u00f3vil: Bizum 38087\"}]},{\"@type\":\"WebSite\",\"@id\":\"https:\/\/baz.pariver.com\/#website\",\"url\":\"https:\/\/baz.pariver.com\/\",\"name\":\"Fundacion Banco de Alimentos de Zaragoza\",\"description\":\"Nos hace falta lo que a ti te sobra\",\"publisher\":{\"@id\":\"https:\/\/baz.pariver.com\/#organization\"},\"potentialAction\":[{\"@type\":\"SearchAction\",\"target\":{\"@type\":\"EntryPoint\",\"urlTemplate\":\"https:\/\/baz.pariver.com\/?s={search_term_string}\"},\"query-input\":\"required name=search_term_string\"}],\"inLanguage\":\"es\"},{\"@type\":\"Organization\",\"@id\":\"https:\/\/baz.pariver.com\/#organization\",\"name\":\"Fundacion Banco de Alimentos de Zaragoza\",\"url\":\"https:\/\/baz.pariver.com\/\",\"logo\":{\"@type\":\"ImageObject\",\"inLanguage\":\"es\",\"@id\":\"https:\/\/baz.pariver.com\/#\/schema\/logo\/image\/\",\"url\":\"https:\/\/baz.pariver.com\/wp-content\/uploads\/2024\/04\/banco-alimentos.png\",\"contentUrl\":\"https:\/\/baz.pariver.com\/wp-content\/uploads\/2024\/04\/banco-alimentos.png\",\"width\":303,\"height\":309,\"caption\":\"Fundacion Banco de Alimentos de Zaragoza\"},\"image\":{\"@id\":\"https:\/\/baz.pariver.com\/#\/schema\/logo\/image\/\"},\"sameAs\":[\"https:\/\/www.facebook.com\/BancoAlimentosZaragoza\",\"https:\/\/x.com\/b_alimentoszgz\",\"https:\/\/www.instagram.com\/b_alimentoszgz\/\",\"https:\/\/www.linkedin.com\/company\/fundacin-banco-de-alimentos-de-zaragoza\/\"]}]}<\/script>\n<!-- \/ Yoast SEO plugin. -->","yoast_head_json":{"title":"Desde tu m\u00f3vil: Bizum 38087 - Fundacion Banco de Alimentos de Zaragoza","description":"Realiza tu donaci\u00f3n al Banco de Alimentos de Zaragoza de manera r\u00e1pida y sencilla utilizando la aplicaci\u00f3n Bizum desde tu m\u00f3vil. Sigue las instrucciones para enviar tu contribuci\u00f3n al n\u00famero 38087 o buscando 'Fundacion Banco de Alimentos de Zaragoza' en la lista de ONGs de tu libreta de direcciones de Bizum. Si deseas recibir un certificado fiscal para tu desgravaci\u00f3n, env\u00eda un correo electr\u00f3nico con tus datos y el n\u00famero de referencia Bizum. Ayuda a quienes m\u00e1s lo necesitan con tu donaci\u00f3n.","robots":{"index":"index","follow":"follow","max-snippet":"max-snippet:-1","max-image-preview":"max-image-preview:large","max-video-preview":"max-video-preview:-1"},"canonical":"https:\/\/baz.pariver.com\/index.php\/desde-tu-movil-bizum-38087\/","og_locale":"es_ES","og_type":"article","og_title":"Desde tu m\u00f3vil: Bizum 38087 - Fundacion Banco de Alimentos de Zaragoza","og_description":"Realiza tu donaci\u00f3n al Banco de Alimentos de Zaragoza de manera r\u00e1pida y sencilla utilizando la aplicaci\u00f3n Bizum desde tu m\u00f3vil. Sigue las instrucciones para enviar tu contribuci\u00f3n al n\u00famero 38087 o buscando 'Fundacion Banco de Alimentos de Zaragoza' en la lista de ONGs de tu libreta de direcciones de Bizum. Si deseas recibir un certificado fiscal para tu desgravaci\u00f3n, env\u00eda un correo electr\u00f3nico con tus datos y el n\u00famero de referencia Bizum. Ayuda a quienes m\u00e1s lo necesitan con tu donaci\u00f3n.","og_url":"https:\/\/baz.pariver.com\/index.php\/desde-tu-movil-bizum-38087\/","og_site_name":"Fundacion Banco de Alimentos de Zaragoza","article_publisher":"https:\/\/www.facebook.com\/BancoAlimentosZaragoza","article_modified_time":"2024-04-25T08:45:22+00:00","twitter_card":"summary_large_image","twitter_site":"@b_alimentoszgz","twitter_misc":{"Tiempo de lectura":"1 minuto"},"schema":{"@context":"https:\/\/schema.org","@graph":[{"@type":"WebPage","@id":"https:\/\/baz.pariver.com\/index.php\/desde-tu-movil-bizum-38087\/","url":"https:\/\/baz.pariver.com\/index.php\/desde-tu-movil-bizum-38087\/","name":"Desde tu m\u00f3vil: Bizum 38087 - Fundacion Banco de Alimentos de Zaragoza","isPartOf":{"@id":"https:\/\/baz.pariver.com\/#website"},"datePublished":"2024-03-25T12:15:03+00:00","dateModified":"2024-04-25T08:45:22+00:00","description":"Realiza tu donaci\u00f3n al Banco de Alimentos de Zaragoza de manera r\u00e1pida y sencilla utilizando la aplicaci\u00f3n Bizum desde tu m\u00f3vil. Sigue las instrucciones para enviar tu contribuci\u00f3n al n\u00famero 38087 o buscando 'Fundacion Banco de Alimentos de Zaragoza' en la lista de ONGs de tu libreta de direcciones de Bizum. Si deseas recibir un certificado fiscal para tu desgravaci\u00f3n, env\u00eda un correo electr\u00f3nico con tus datos y el n\u00famero de referencia Bizum. Ayuda a quienes m\u00e1s lo necesitan con tu donaci\u00f3n.","breadcrumb":{"@id":"https:\/\/baz.pariver.com\/index.php\/desde-tu-movil-bizum-38087\/#breadcrumb"},"inLanguage":"es","potentialAction":[{"@type":"ReadAction","target":["https:\/\/baz.pariver.com\/index.php\/desde-tu-movil-bizum-38087\/"]}]},{"@type":"BreadcrumbList","@id":"https:\/\/baz.pariver.com\/index.php\/desde-tu-movil-bizum-38087\/#breadcrumb","itemListElement":[{"@type":"ListItem","position":1,"name":"Portada","item":"https:\/\/baz.pariver.com\/"},{"@type":"ListItem","position":2,"name":"Desde tu m\u00f3vil: Bizum 38087"}]},{"@type":"WebSite","@id":"https:\/\/baz.pariver.com\/#website","url":"https:\/\/baz.pariver.com\/","name":"Fundacion Banco de Alimentos de Zaragoza","description":"Nos hace falta lo que a ti te sobra","publisher":{"@id":"https:\/\/baz.pariver.com\/#organization"},"potentialAction":[{"@type":"SearchAction","target":{"@type":"EntryPoint","urlTemplate":"https:\/\/baz.pariver.com\/?s={search_term_string}"},"query-input":"required name=search_term_string"}],"inLanguage":"es"},{"@type":"Organization","@id":"https:\/\/baz.pariver.com\/#organization","name":"Fundacion Banco de Alimentos de Zaragoza","url":"https:\/\/baz.pariver.com\/","logo":{"@type":"ImageObject","inLanguage":"es","@id":"https:\/\/baz.pariver.com\/#\/schema\/logo\/image\/","url":"https:\/\/baz.pariver.com\/wp-content\/uploads\/2024\/04\/banco-alimentos.png","contentUrl":"https:\/\/baz.pariver.com\/wp-content\/uploads\/2024\/04\/banco-alimentos.png","width":303,"height":309,"caption":"Fundacion Banco de Alimentos de Zaragoza"},"image":{"@id":"https:\/\/baz.pariver.com\/#\/schema\/logo\/image\/"},"sameAs":["https:\/\/www.facebook.com\/BancoAlimentosZaragoza","https:\/\/x.com\/b_alimentoszgz","https:\/\/www.instagram.com\/b_alimentoszgz\/","https:\/\/www.linkedin.com\/company\/fundacin-banco-de-alimentos-de-zaragoza\/"]}]}},"_links":{"self":[{"href":"https:\/\/baz.pariver.com\/index.php\/wp-json\/wp\/v2\/pages\/3989","targetHints":{"allow":["GET"]}}],"collection":[{"href":"https:\/\/baz.pariver.com\/index.php\/wp-json\/wp\/v2\/pages"}],"about":[{"href":"https:\/\/baz.pariver.com\/index.php\/wp-json\/wp\/v2\/types\/page"}],"author":[{"embeddable":true,"href":"https:\/\/baz.pariver.com\/index.php\/wp-json\/wp\/v2\/users\/1"}],"replies":[{"embeddable":true,"href":"https:\/\/baz.pariver.com\/index.php\/wp-json\/wp\/v2\/comments?post=3989"}],"version-history":[{"count":7,"href":"https:\/\/baz.pariver.com\/index.php\/wp-json\/wp\/v2\/pages\/3989\/revisions"}],"predecessor-version":[{"id":5692,"href":"https:\/\/baz.pariver.com\/index.php\/wp-json\/wp\/v2\/pages\/3989\/revisions\/5692"}],"wp:attachment":[{"href":"https:\/\/baz.pariver.com\/index.php\/wp-json\/wp\/v2\/media?parent=3989"}],"curies":[{"name":"wp","href":"https:\/\/api.w.org\/{rel}","templated":true}]}}