{"id":3959,"date":"2024-03-25T12:55:04","date_gmt":"2024-03-25T11:55:04","guid":{"rendered":"https:\/\/baz.pariver.com\/?page_id=3959"},"modified":"2024-04-29T11:31:27","modified_gmt":"2024-04-29T09:31:27","slug":"ingresa-mediante-transferencia","status":"publish","type":"page","link":"https:\/\/baz.pariver.com\/index.php\/ingresa-mediante-transferencia\/","title":{"rendered":"Ingresa mediante transferencia"},"content":{"rendered":"\t\t<div data-elementor-type=\"wp-page\" data-elementor-id=\"3959\" class=\"elementor elementor-3959\" data-elementor-post-type=\"page\">\n\t\t\t\t<div class=\"elementor-element elementor-element-54649286 e-flex e-con-boxed wpr-particle-no wpr-jarallax-no wpr-parallax-no wpr-sticky-section-no e-con e-parent\" data-id=\"54649286\" data-element_type=\"container\">\n\t\t\t\t\t<div class=\"e-con-inner\">\n\t\t\t\t<div class=\"elementor-element elementor-element-75778bfc elementor-widget elementor-widget-text-editor\" data-id=\"75778bfc\" data-element_type=\"widget\" data-widget_type=\"text-editor.default\">\n\t\t\t\t<div class=\"elementor-widget-container\">\n\t\t\t<style>\/*! elementor - v3.21.0 - 08-05-2024 *\/\n.elementor-widget-text-editor.elementor-drop-cap-view-stacked .elementor-drop-cap{background-color:#69727d;color:#fff}.elementor-widget-text-editor.elementor-drop-cap-view-framed .elementor-drop-cap{color:#69727d;border:3px solid;background-color:transparent}.elementor-widget-text-editor:not(.elementor-drop-cap-view-default) .elementor-drop-cap{margin-top:8px}.elementor-widget-text-editor:not(.elementor-drop-cap-view-default) .elementor-drop-cap-letter{width:1em;height:1em}.elementor-widget-text-editor .elementor-drop-cap{float:left;text-align:center;line-height:1;font-size:50px}.elementor-widget-text-editor .elementor-drop-cap-letter{display:inline-block}<\/style>\t\t\t\t<!-- wp:paragraph -->\n<p>Si quieres hacer una donaci\u00f3n mediante transferencia, puedes hacerla a nombre del Banco de Alimentos de Zaragoza, a cualquiera de nuestras cuentas:<\/p>\n<!-- \/wp:paragraph --><!-- wp:list -->\n<ul><!-- wp:list-item -->\n<li style=\"text-align: left;\"><strong>IBERCAJA\u00a0 \u00a0<\/strong>IBAN:\u00a0 ES 24 2085 5300 1503 3025 6244<\/li>\n<!-- \/wp:list-item --><!-- wp:list-item -->\n<li style=\"text-align: left;\"><strong>LA CAIXA\u00a0\u00a0 <\/strong>\u00a0IBAN:\u00a0\u00a0\u00a0 ES 89 2100 2046 6002 0003 2671<\/li>\n<!-- \/wp:list-item --><\/ul>\n<!-- \/wp:list --><!-- wp:paragraph -->\n<p>No olvides indicar en la transferencia el NIF o CIF, Nombre y Apellidos y domicilio, para que podamos hacer\u00a0<strong>el certificado con el que te podr\u00e1s desgravar en el Impuesto sobre la Renta de las Personas F\u00edsicas o en el Impuesto de Sociedades.<\/strong><\/p>\n<!-- \/wp:paragraph --><!-- wp:paragraph -->\n<p>Y si no puedes incluir todo esto en alg\u00fan texto de la transferencia, env\u00eda un\u00a0<strong>correo electr\u00f3nico a\u00a0<a href=\"mailto:contabilidad@bazgz.es\">contabilidad@bazgz.es<\/a><\/strong>\u00a0indicando estos datos que nos permitir\u00e1n localizar tu donaci\u00f3n:<\/p>\n<!-- \/wp:paragraph --><!-- wp:list -->\n<ul><!-- wp:list-item -->\n<li>Nombre y apellidos, o raz\u00f3n social<\/li>\n<!-- \/wp:list-item --><!-- wp:list-item -->\n<li>DNI o CIF<\/li>\n<!-- \/wp:list-item --><!-- wp:list-item -->\n<li>Domicilio<\/li>\n<!-- \/wp:list-item --><!-- wp:list-item -->\n<li>Tel\u00e9fono<\/li>\n<!-- \/wp:list-item --><!-- wp:list-item -->\n<li>E-mail<\/li>\n<!-- \/wp:list-item --><!-- wp:list-item -->\n<li>Fecha e importe donaci\u00f3n<\/li>\n<!-- \/wp:list-item --><!-- wp:list-item -->\n<li>Cuenta del banco a la que has hecho la transferencia.<\/li>\n<!-- \/wp:list-item --><\/ul>\n<!-- \/wp:list --><!-- wp:paragraph -->\n<p>Muchas gracias.<\/p>\n<!-- \/wp:paragraph -->\t\t\t\t\t\t<\/div>\n\t\t\t\t<\/div>\n\t\t\t\t\t<\/div>\n\t\t\t\t<\/div>\n\t\t\t\t<\/div>\n\t\t","protected":false},"excerpt":{"rendered":"<p>Si quieres hacer una donaci\u00f3n mediante transferencia, puedes hacerla a nombre del Banco de Alimentos de Zaragoza, a cualquiera de [&hellip;]<\/p>\n","protected":false},"author":1,"featured_media":0,"parent":0,"menu_order":0,"comment_status":"closed","ping_status":"closed","template":"","meta":{"site-sidebar-layout":"default","site-content-layout":"","ast-site-content-layout":"","site-content-style":"default","site-sidebar-style":"default","ast-global-header-display":"","ast-banner-title-visibility":"","ast-main-header-display":"","ast-hfb-above-header-display":"","ast-hfb-below-header-display":"","ast-hfb-mobile-header-display":"","site-post-title":"","ast-breadcrumbs-content":"","ast-featured-img":"","footer-sml-layout":"","theme-transparent-header-meta":"","adv-header-id-meta":"","stick-header-meta":"","header-above-stick-meta":"","header-main-stick-meta":"","header-below-stick-meta":"","astra-migrate-meta-layouts":"default","ast-page-background-enabled":"default","ast-page-background-meta":{"desktop":{"background-color":"var(--ast-global-color-4)","background-image":"","background-repeat":"repeat","background-position":"center center","background-size":"auto","background-attachment":"scroll","background-type":"","background-media":"","overlay-type":"","overlay-color":"","overlay-gradient":""},"tablet":{"background-color":"","background-image":"","background-repeat":"repeat","background-position":"center center","background-size":"auto","background-attachment":"scroll","background-type":"","background-media":"","overlay-type":"","overlay-color":"","overlay-gradient":""},"mobile":{"background-color":"","background-image":"","background-repeat":"repeat","background-position":"center center","background-size":"auto","background-attachment":"scroll","background-type":"","background-media":"","overlay-type":"","overlay-color":"","overlay-gradient":""}},"ast-content-background-meta":{"desktop":{"background-color":"var(--ast-global-color-5)","background-image":"","background-repeat":"repeat","background-position":"center center","background-size":"auto","background-attachment":"scroll","background-type":"","background-media":"","overlay-type":"","overlay-color":"","overlay-gradient":""},"tablet":{"background-color":"var(--ast-global-color-5)","background-image":"","background-repeat":"repeat","background-position":"center center","background-size":"auto","background-attachment":"scroll","background-type":"","background-media":"","overlay-type":"","overlay-color":"","overlay-gradient":""},"mobile":{"background-color":"var(--ast-global-color-5)","background-image":"","background-repeat":"repeat","background-position":"center center","background-size":"auto","background-attachment":"scroll","background-type":"","background-media":"","overlay-type":"","overlay-color":"","overlay-gradient":""}},"footnotes":""},"class_list":["post-3959","page","type-page","status-publish","hentry"],"yoast_head":"<!-- This site is optimized with the Yoast SEO plugin v22.6 - https:\/\/yoast.com\/wordpress\/plugins\/seo\/ -->\n<title>Ingresa mediante transferencia - Fundacion Banco de Alimentos de Zaragoza<\/title>\n<meta name=\"description\" content=\"Haz tu donaci\u00f3n al Banco de Alimentos de Zaragoza a trav\u00e9s de una transferencia bancaria. Utiliza cualquiera de nuestras cuentas proporcionadas, asegur\u00e1ndote de incluir tus datos personales para recibir un certificado que te permitir\u00e1 desgravarte en tu declaraci\u00f3n de IRPF o Impuesto de Sociedades. Si no puedes incluir todos los datos en la transferencia, env\u00eda un correo electr\u00f3nico a contabilidad@bazgz.es con la informaci\u00f3n necesaria. Ayuda a quienes m\u00e1s lo necesitan y obt\u00e9n beneficios fiscales.\" \/>\n<meta name=\"robots\" content=\"index, follow, max-snippet:-1, max-image-preview:large, max-video-preview:-1\" \/>\n<link rel=\"canonical\" href=\"https:\/\/baz.pariver.com\/index.php\/ingresa-mediante-transferencia\/\" \/>\n<meta property=\"og:locale\" content=\"es_ES\" \/>\n<meta property=\"og:type\" content=\"article\" \/>\n<meta property=\"og:title\" content=\"Ingresa mediante transferencia - Fundacion Banco de Alimentos de Zaragoza\" \/>\n<meta property=\"og:description\" content=\"Haz tu donaci\u00f3n al Banco de Alimentos de Zaragoza a trav\u00e9s de una transferencia bancaria. Utiliza cualquiera de nuestras cuentas proporcionadas, asegur\u00e1ndote de incluir tus datos personales para recibir un certificado que te permitir\u00e1 desgravarte en tu declaraci\u00f3n de IRPF o Impuesto de Sociedades. Si no puedes incluir todos los datos en la transferencia, env\u00eda un correo electr\u00f3nico a contabilidad@bazgz.es con la informaci\u00f3n necesaria. Ayuda a quienes m\u00e1s lo necesitan y obt\u00e9n beneficios fiscales.\" \/>\n<meta property=\"og:url\" content=\"https:\/\/baz.pariver.com\/index.php\/ingresa-mediante-transferencia\/\" \/>\n<meta property=\"og:site_name\" content=\"Fundacion Banco de Alimentos de Zaragoza\" \/>\n<meta property=\"article:publisher\" content=\"https:\/\/www.facebook.com\/BancoAlimentosZaragoza\" \/>\n<meta property=\"article:modified_time\" content=\"2024-04-29T09:31:27+00:00\" \/>\n<meta name=\"twitter:card\" content=\"summary_large_image\" \/>\n<meta name=\"twitter:site\" content=\"@b_alimentoszgz\" \/>\n<meta name=\"twitter:label1\" content=\"Tiempo de lectura\" \/>\n\t<meta name=\"twitter:data1\" content=\"1 minuto\" \/>\n<script type=\"application\/ld+json\" class=\"yoast-schema-graph\">{\"@context\":\"https:\/\/schema.org\",\"@graph\":[{\"@type\":\"WebPage\",\"@id\":\"https:\/\/baz.pariver.com\/index.php\/ingresa-mediante-transferencia\/\",\"url\":\"https:\/\/baz.pariver.com\/index.php\/ingresa-mediante-transferencia\/\",\"name\":\"Ingresa mediante transferencia - Fundacion Banco de Alimentos de Zaragoza\",\"isPartOf\":{\"@id\":\"https:\/\/baz.pariver.com\/#website\"},\"datePublished\":\"2024-03-25T11:55:04+00:00\",\"dateModified\":\"2024-04-29T09:31:27+00:00\",\"description\":\"Haz tu donaci\u00f3n al Banco de Alimentos de Zaragoza a trav\u00e9s de una transferencia bancaria. Utiliza cualquiera de nuestras cuentas proporcionadas, asegur\u00e1ndote de incluir tus datos personales para recibir un certificado que te permitir\u00e1 desgravarte en tu declaraci\u00f3n de IRPF o Impuesto de Sociedades. Si no puedes incluir todos los datos en la transferencia, env\u00eda un correo electr\u00f3nico a contabilidad@bazgz.es con la informaci\u00f3n necesaria. Ayuda a quienes m\u00e1s lo necesitan y obt\u00e9n beneficios fiscales.\",\"breadcrumb\":{\"@id\":\"https:\/\/baz.pariver.com\/index.php\/ingresa-mediante-transferencia\/#breadcrumb\"},\"inLanguage\":\"es\",\"potentialAction\":[{\"@type\":\"ReadAction\",\"target\":[\"https:\/\/baz.pariver.com\/index.php\/ingresa-mediante-transferencia\/\"]}]},{\"@type\":\"BreadcrumbList\",\"@id\":\"https:\/\/baz.pariver.com\/index.php\/ingresa-mediante-transferencia\/#breadcrumb\",\"itemListElement\":[{\"@type\":\"ListItem\",\"position\":1,\"name\":\"Portada\",\"item\":\"https:\/\/baz.pariver.com\/\"},{\"@type\":\"ListItem\",\"position\":2,\"name\":\"Ingresa mediante transferencia\"}]},{\"@type\":\"WebSite\",\"@id\":\"https:\/\/baz.pariver.com\/#website\",\"url\":\"https:\/\/baz.pariver.com\/\",\"name\":\"Fundacion Banco de Alimentos de Zaragoza\",\"description\":\"Nos hace falta lo que a ti te sobra\",\"publisher\":{\"@id\":\"https:\/\/baz.pariver.com\/#organization\"},\"potentialAction\":[{\"@type\":\"SearchAction\",\"target\":{\"@type\":\"EntryPoint\",\"urlTemplate\":\"https:\/\/baz.pariver.com\/?s={search_term_string}\"},\"query-input\":\"required name=search_term_string\"}],\"inLanguage\":\"es\"},{\"@type\":\"Organization\",\"@id\":\"https:\/\/baz.pariver.com\/#organization\",\"name\":\"Fundacion Banco de Alimentos de Zaragoza\",\"url\":\"https:\/\/baz.pariver.com\/\",\"logo\":{\"@type\":\"ImageObject\",\"inLanguage\":\"es\",\"@id\":\"https:\/\/baz.pariver.com\/#\/schema\/logo\/image\/\",\"url\":\"https:\/\/baz.pariver.com\/wp-content\/uploads\/2024\/04\/banco-alimentos.png\",\"contentUrl\":\"https:\/\/baz.pariver.com\/wp-content\/uploads\/2024\/04\/banco-alimentos.png\",\"width\":303,\"height\":309,\"caption\":\"Fundacion Banco de Alimentos de Zaragoza\"},\"image\":{\"@id\":\"https:\/\/baz.pariver.com\/#\/schema\/logo\/image\/\"},\"sameAs\":[\"https:\/\/www.facebook.com\/BancoAlimentosZaragoza\",\"https:\/\/x.com\/b_alimentoszgz\",\"https:\/\/www.instagram.com\/b_alimentoszgz\/\",\"https:\/\/www.linkedin.com\/company\/fundacin-banco-de-alimentos-de-zaragoza\/\"]}]}<\/script>\n<!-- \/ Yoast SEO plugin. -->","yoast_head_json":{"title":"Ingresa mediante transferencia - Fundacion Banco de Alimentos de Zaragoza","description":"Haz tu donaci\u00f3n al Banco de Alimentos de Zaragoza a trav\u00e9s de una transferencia bancaria. Utiliza cualquiera de nuestras cuentas proporcionadas, asegur\u00e1ndote de incluir tus datos personales para recibir un certificado que te permitir\u00e1 desgravarte en tu declaraci\u00f3n de IRPF o Impuesto de Sociedades. Si no puedes incluir todos los datos en la transferencia, env\u00eda un correo electr\u00f3nico a contabilidad@bazgz.es con la informaci\u00f3n necesaria. Ayuda a quienes m\u00e1s lo necesitan y obt\u00e9n beneficios fiscales.","robots":{"index":"index","follow":"follow","max-snippet":"max-snippet:-1","max-image-preview":"max-image-preview:large","max-video-preview":"max-video-preview:-1"},"canonical":"https:\/\/baz.pariver.com\/index.php\/ingresa-mediante-transferencia\/","og_locale":"es_ES","og_type":"article","og_title":"Ingresa mediante transferencia - Fundacion Banco de Alimentos de Zaragoza","og_description":"Haz tu donaci\u00f3n al Banco de Alimentos de Zaragoza a trav\u00e9s de una transferencia bancaria. Utiliza cualquiera de nuestras cuentas proporcionadas, asegur\u00e1ndote de incluir tus datos personales para recibir un certificado que te permitir\u00e1 desgravarte en tu declaraci\u00f3n de IRPF o Impuesto de Sociedades. Si no puedes incluir todos los datos en la transferencia, env\u00eda un correo electr\u00f3nico a contabilidad@bazgz.es con la informaci\u00f3n necesaria. Ayuda a quienes m\u00e1s lo necesitan y obt\u00e9n beneficios fiscales.","og_url":"https:\/\/baz.pariver.com\/index.php\/ingresa-mediante-transferencia\/","og_site_name":"Fundacion Banco de Alimentos de Zaragoza","article_publisher":"https:\/\/www.facebook.com\/BancoAlimentosZaragoza","article_modified_time":"2024-04-29T09:31:27+00:00","twitter_card":"summary_large_image","twitter_site":"@b_alimentoszgz","twitter_misc":{"Tiempo de lectura":"1 minuto"},"schema":{"@context":"https:\/\/schema.org","@graph":[{"@type":"WebPage","@id":"https:\/\/baz.pariver.com\/index.php\/ingresa-mediante-transferencia\/","url":"https:\/\/baz.pariver.com\/index.php\/ingresa-mediante-transferencia\/","name":"Ingresa mediante transferencia - Fundacion Banco de Alimentos de Zaragoza","isPartOf":{"@id":"https:\/\/baz.pariver.com\/#website"},"datePublished":"2024-03-25T11:55:04+00:00","dateModified":"2024-04-29T09:31:27+00:00","description":"Haz tu donaci\u00f3n al Banco de Alimentos de Zaragoza a trav\u00e9s de una transferencia bancaria. Utiliza cualquiera de nuestras cuentas proporcionadas, asegur\u00e1ndote de incluir tus datos personales para recibir un certificado que te permitir\u00e1 desgravarte en tu declaraci\u00f3n de IRPF o Impuesto de Sociedades. Si no puedes incluir todos los datos en la transferencia, env\u00eda un correo electr\u00f3nico a contabilidad@bazgz.es con la informaci\u00f3n necesaria. Ayuda a quienes m\u00e1s lo necesitan y obt\u00e9n beneficios fiscales.","breadcrumb":{"@id":"https:\/\/baz.pariver.com\/index.php\/ingresa-mediante-transferencia\/#breadcrumb"},"inLanguage":"es","potentialAction":[{"@type":"ReadAction","target":["https:\/\/baz.pariver.com\/index.php\/ingresa-mediante-transferencia\/"]}]},{"@type":"BreadcrumbList","@id":"https:\/\/baz.pariver.com\/index.php\/ingresa-mediante-transferencia\/#breadcrumb","itemListElement":[{"@type":"ListItem","position":1,"name":"Portada","item":"https:\/\/baz.pariver.com\/"},{"@type":"ListItem","position":2,"name":"Ingresa mediante transferencia"}]},{"@type":"WebSite","@id":"https:\/\/baz.pariver.com\/#website","url":"https:\/\/baz.pariver.com\/","name":"Fundacion Banco de Alimentos de Zaragoza","description":"Nos hace falta lo que a ti te sobra","publisher":{"@id":"https:\/\/baz.pariver.com\/#organization"},"potentialAction":[{"@type":"SearchAction","target":{"@type":"EntryPoint","urlTemplate":"https:\/\/baz.pariver.com\/?s={search_term_string}"},"query-input":"required name=search_term_string"}],"inLanguage":"es"},{"@type":"Organization","@id":"https:\/\/baz.pariver.com\/#organization","name":"Fundacion Banco de Alimentos de Zaragoza","url":"https:\/\/baz.pariver.com\/","logo":{"@type":"ImageObject","inLanguage":"es","@id":"https:\/\/baz.pariver.com\/#\/schema\/logo\/image\/","url":"https:\/\/baz.pariver.com\/wp-content\/uploads\/2024\/04\/banco-alimentos.png","contentUrl":"https:\/\/baz.pariver.com\/wp-content\/uploads\/2024\/04\/banco-alimentos.png","width":303,"height":309,"caption":"Fundacion Banco de Alimentos de Zaragoza"},"image":{"@id":"https:\/\/baz.pariver.com\/#\/schema\/logo\/image\/"},"sameAs":["https:\/\/www.facebook.com\/BancoAlimentosZaragoza","https:\/\/x.com\/b_alimentoszgz","https:\/\/www.instagram.com\/b_alimentoszgz\/","https:\/\/www.linkedin.com\/company\/fundacin-banco-de-alimentos-de-zaragoza\/"]}]}},"_links":{"self":[{"href":"https:\/\/baz.pariver.com\/index.php\/wp-json\/wp\/v2\/pages\/3959","targetHints":{"allow":["GET"]}}],"collection":[{"href":"https:\/\/baz.pariver.com\/index.php\/wp-json\/wp\/v2\/pages"}],"about":[{"href":"https:\/\/baz.pariver.com\/index.php\/wp-json\/wp\/v2\/types\/page"}],"author":[{"embeddable":true,"href":"https:\/\/baz.pariver.com\/index.php\/wp-json\/wp\/v2\/users\/1"}],"replies":[{"embeddable":true,"href":"https:\/\/baz.pariver.com\/index.php\/wp-json\/wp\/v2\/comments?post=3959"}],"version-history":[{"count":10,"href":"https:\/\/baz.pariver.com\/index.php\/wp-json\/wp\/v2\/pages\/3959\/revisions"}],"predecessor-version":[{"id":6216,"href":"https:\/\/baz.pariver.com\/index.php\/wp-json\/wp\/v2\/pages\/3959\/revisions\/6216"}],"wp:attachment":[{"href":"https:\/\/baz.pariver.com\/index.php\/wp-json\/wp\/v2\/media?parent=3959"}],"curies":[{"name":"wp","href":"https:\/\/api.w.org\/{rel}","templated":true}]}}