{"id":3931,"date":"2024-03-25T12:29:44","date_gmt":"2024-03-25T11:29:44","guid":{"rendered":"https:\/\/baz.pariver.com\/?page_id=3931"},"modified":"2024-04-25T10:40:40","modified_gmt":"2024-04-25T08:40:40","slug":"como-donar-al-banco-de-alimentos","status":"publish","type":"page","link":"https:\/\/baz.pariver.com\/index.php\/como-donar-al-banco-de-alimentos\/","title":{"rendered":"C\u00f3mo donar al banco de alimentos"},"content":{"rendered":"\t\t<div data-elementor-type=\"wp-page\" data-elementor-id=\"3931\" class=\"elementor elementor-3931\" data-elementor-post-type=\"page\">\n\t\t\t\t<div class=\"elementor-element elementor-element-659cf645 e-flex e-con-boxed wpr-particle-no wpr-jarallax-no wpr-parallax-no wpr-sticky-section-no e-con e-parent\" data-id=\"659cf645\" data-element_type=\"container\">\n\t\t\t\t\t<div class=\"e-con-inner\">\n\t\t\t\t<div class=\"elementor-element elementor-element-74b91c80 elementor-widget elementor-widget-text-editor\" data-id=\"74b91c80\" data-element_type=\"widget\" data-widget_type=\"text-editor.default\">\n\t\t\t\t<div class=\"elementor-widget-container\">\n\t\t\t<style>\/*! elementor - v3.21.0 - 08-05-2024 *\/\n.elementor-widget-text-editor.elementor-drop-cap-view-stacked .elementor-drop-cap{background-color:#69727d;color:#fff}.elementor-widget-text-editor.elementor-drop-cap-view-framed .elementor-drop-cap{color:#69727d;border:3px solid;background-color:transparent}.elementor-widget-text-editor:not(.elementor-drop-cap-view-default) .elementor-drop-cap{margin-top:8px}.elementor-widget-text-editor:not(.elementor-drop-cap-view-default) .elementor-drop-cap-letter{width:1em;height:1em}.elementor-widget-text-editor .elementor-drop-cap{float:left;text-align:center;line-height:1;font-size:50px}.elementor-widget-text-editor .elementor-drop-cap-letter{display:inline-block}<\/style>\t\t\t\t<p><!-- wp:paragraph --><\/p>\n<p><!-- \/wp:paragraph --><\/p>\n<p><!-- wp:paragraph --><\/p>\n<p><div class=\"ast-oembed-container \" style=\"height: 100%;\"><iframe title=\"Consejos para donar a una ONG\" width=\"500\" height=\"281\" data-src=\"https:\/\/www.youtube.com\/embed\/6tFyWEXhIHs?feature=oembed\" frameborder=\"0\" allow=\"accelerometer; autoplay; clipboard-write; encrypted-media; gyroscope; picture-in-picture; web-share\" referrerpolicy=\"strict-origin-when-cross-origin\" allowfullscreen src=\"data:image\/gif;base64,R0lGODlhAQABAAAAACH5BAEKAAEALAAAAAABAAEAAAICTAEAOw==\" class=\"lazyload\" data-load-mode=\"1\"><\/iframe><\/div><\/p>\n<p>Puedes hacer tu donaci\u00f3n econ\u00f3mica al Banco de Alimentos de Zaragoza de cualquiera de las siguientes maneras, y en todas ellas podr\u00e1s desgravarte:<\/p>\n<p><!-- \/wp:paragraph --><\/p>\n<p><!-- wp:paragraph --><\/p>\n<p>\u00a0Autoriz\u00e1ndonos a hacer un <strong>cargo puntual o peri\u00f3dico<\/strong> en tu cuenta pulsando <a href=\"https:\/\/baz.pariver.com\/index.php\/autoriza-un-cargo-en-tu-cuenta\/\">aqu\u00ed<\/a><\/p>\n<p><!-- \/wp:paragraph --><\/p>\n<p><!-- wp:paragraph --><\/p>\n<p>Mediante una <strong>transferencia<\/strong> a cualquiera de nuestras cuentas pulsando <a href=\"https:\/\/baz.pariver.com\/index.php\/ingresa-mediante-transferencia\/\">aqu\u00ed<\/a><\/p>\n<p><!-- \/wp:paragraph --><\/p>\n<p><!-- wp:paragraph --><\/p>\n<p>Con <strong>tarjeta\u00a0<\/strong>pulsando <a href=\"https:\/\/baz.pariver.com\/index.php\/dona-con-tarjeta\/\">aqu\u00ed<\/a><\/p>\n<p><!-- \/wp:paragraph --><\/p>\n<p><!-- wp:paragraph --><\/p>\n<p>Desde tu <strong>m\u00f3vil<\/strong>, haciendo Bizum al <b>38087<\/b>, m\u00e1s informaci\u00f3n <a href=\"https:\/\/baz.pariver.com\/index.php\/desde-tu-movil-bizum-38087\/\">aqu\u00ed<\/a><\/p>\n<p><!-- \/wp:paragraph --><\/p>\n<p><!-- wp:paragraph --><\/p>\n<p>Con una <strong>microdonaci\u00f3n<\/strong> de 1 euro al mes pulsando <a href=\"https:\/\/baz.pariver.com\/index.php\/microdonaciones\/\">aqu\u00ed<\/a><\/p>\n<p><!-- \/wp:paragraph --><\/p>\n<p><!-- wp:paragraph --><\/p>\n<p>Si\u00a0<strong>donas a una ONG como el Banco de Alimentos de Zaragoza<\/strong>, adem\u00e1s de contribuir a una causa solidaria,\u00a0<strong>puedes deducirte parte del importe donado<\/strong>\u00a0en tu siguiente declaraci\u00f3n de IRPF (para personas f\u00edsicas) y en el Impuesto de Sociedades (para empresas).\u00a0<\/p>\n<p><!-- \/wp:paragraph --><\/p>\n<p><!-- wp:paragraph --><\/p>\n<p>El\u00a0<strong><a href=\"https:\/\/www.boe.es\/buscar\/act.php?id=BOE-A-2002-25039\" target=\"_blank\" rel=\"noreferrer noopener\">Real Decreto-ley 6\/2023, de 19 de diciembre<\/a>\u00a0<\/strong>publicado en el BOE de 23 de diciembre de 2023, y que se aplica desde 1 de enero de 2024, incluye una modificaci\u00f3n del art\u00edculo 19 de la Ley 49\/2002 que, en el caso de las\u00a0<strong>personas f\u00edsicas, incrementa del 35% al 40% el porcentaje de deducci\u00f3n<\/strong>\u00a0aplicable con car\u00e1cter general.<\/p>\n<p><!-- \/wp:paragraph --><\/p>\n<p><!-- wp:paragraph --><\/p>\n<p>Adem\u00e1s\u00a0<strong>se ampl\u00eda la cuant\u00eda del micromecenazgo de 150\u20ac a 250\u20ac,<\/strong>\u00a0por lo que se incentiva la generaci\u00f3n de este tipo de donativos ya que esa ampliaci\u00f3n de la cuant\u00eda permite aplicar el porcentaje del 80% a una mayor cantidad de donativos.<\/p>\n<p><!-- \/wp:paragraph --><\/p>\n<p><!-- wp:paragraph --><\/p>\n<p>En el caso de\u00a0<strong>personas jur\u00eddicas tambi\u00e9n se incrementa el porcentaje de deducci\u00f3n que pasa del 35% al 40%.<\/strong>\u00a0La base de esta deducci\u00f3n no podr\u00e1 exceder del 15\u202f% de la base imponible del per\u00edodo impositivo,\u00a0 frente al 10% anterior. Las cantidades que excedan de este l\u00edmite se podr\u00e1n aplicar en los per\u00edodos impositivos que concluyan en los diez a\u00f1os inmediatos y sucesivos.<\/p>\n<p><!-- \/wp:paragraph --><\/p>\n<p><!-- wp:paragraph --><\/p>\n<p>Asimismo, para premiar el mecenazgo sostenido en ambos casos\u00a0<strong>si en los dos a\u00f1os anteriores se ha realizado la donaci\u00f3n a la misma entidad al menos por el mismo importe la deducci\u00f3n aumenta al 45% en el caso de personas f\u00edsicas y al 50% para las personas jur\u00eddicas<\/strong>\u00a0(ambos porcentajes se situaban hasta ahora en el 40%).<\/p>\n<p><!-- \/wp:paragraph --><\/p>\n<p><!-- wp:paragraph --><\/p>\n<p>Este incremento afecta a los donativos realizados por contribuyentes de IRPF y por contribuyentes del Impuesto sobre la Renta de No Residentes que operen en territorio espa\u00f1ol sin establecimiento permanente. Los nuevos porcentajes de deducci\u00f3n aplican desde 1 de enero de 2024 a los donativos a entidades acogidas a la\u00a0<em>Ley 49\/2002, de 23 de diciembre, de r\u00e9gimen fiscal de las entidades sin fines lucrativos y de los incentivos al mecenazgo.\u00a0<\/em><\/p>\n<p><!-- \/wp:paragraph --><\/p>\n<p><!-- wp:paragraph --><\/p>\n<p><!-- \/wp:paragraph --><\/p>\n<p><!-- wp:paragraph --><\/p>\n<p>Para m\u00e1s informaci\u00f3n, consulta aqu\u00ed\u00a0 \u00a0<strong><a href=\"https:\/\/www.fundacionlealtad.org\/para-colaborar-con-ong\/deducciones-fiscales\/\" target=\"_blank\" rel=\"noreferrer noopener\">https:\/\/www.fundacionlealtad.org\/deducciones-irpf\/<\/a><\/strong>\u00a0.<\/p>\n<p><!-- \/wp:paragraph --><\/p>\t\t\t\t\t\t<\/div>\n\t\t\t\t<\/div>\n\t\t\t\t\t<\/div>\n\t\t\t\t<\/div>\n\t\t<div class=\"elementor-element elementor-element-601b348 e-flex e-con-boxed wpr-particle-no wpr-jarallax-no wpr-parallax-no wpr-sticky-section-no e-con e-parent\" data-id=\"601b348\" data-element_type=\"container\">\n\t\t\t\t\t<div class=\"e-con-inner\">\n\t\t\t\t<div class=\"elementor-element elementor-element-ca8f345 elementor-widget__width-initial elementor-widget elementor-widget-image\" data-id=\"ca8f345\" data-element_type=\"widget\" data-widget_type=\"image.default\">\n\t\t\t\t<div class=\"elementor-widget-container\">\n\t\t\t<style>\/*! elementor - v3.21.0 - 08-05-2024 *\/\n.elementor-widget-image{text-align:center}.elementor-widget-image a{display:inline-block}.elementor-widget-image a img[src$=\".svg\"]{width:48px}.elementor-widget-image img{vertical-align:middle;display:inline-block}<\/style>\t\t\t\t\t\t\t\t\t\t<img fetchpriority=\"high\" decoding=\"async\" width=\"1024\" height=\"572\" src=\"https:\/\/baz.pariver.com\/wp-content\/uploads\/2024\/01\/Cartel-deduciones-para-destacada-1-1024x572.jpg\" class=\"attachment-large size-large wp-image-3281\" alt=\"\" srcset=\"https:\/\/baz.pariver.com\/wp-content\/uploads\/2024\/01\/Cartel-deduciones-para-destacada-1-1024x572.jpg 1024w, https:\/\/baz.pariver.com\/wp-content\/uploads\/2024\/01\/Cartel-deduciones-para-destacada-1-960x536.jpg 960w, https:\/\/baz.pariver.com\/wp-content\/uploads\/2024\/01\/Cartel-deduciones-para-destacada-1-300x168.jpg 300w, https:\/\/baz.pariver.com\/wp-content\/uploads\/2024\/01\/Cartel-deduciones-para-destacada-1-768x429.jpg 768w, https:\/\/baz.pariver.com\/wp-content\/uploads\/2024\/01\/Cartel-deduciones-para-destacada-1.jpg 1230w\" sizes=\"(max-width: 1024px) 100vw, 1024px\" \/>\t\t\t\t\t\t\t\t\t\t\t\t\t<\/div>\n\t\t\t\t<\/div>\n\t\t\t\t\t<\/div>\n\t\t\t\t<\/div>\n\t\t\t\t<\/div>\n\t\t","protected":false},"excerpt":{"rendered":"<p>Puedes hacer tu donaci\u00f3n econ\u00f3mica al Banco de Alimentos de Zaragoza de cualquiera de las siguientes maneras, y en todas [&hellip;]<\/p>\n","protected":false},"author":1,"featured_media":0,"parent":0,"menu_order":0,"comment_status":"closed","ping_status":"closed","template":"","meta":{"site-sidebar-layout":"default","site-content-layout":"","ast-site-content-layout":"","site-content-style":"default","site-sidebar-style":"default","ast-global-header-display":"","ast-banner-title-visibility":"","ast-main-header-display":"","ast-hfb-above-header-display":"","ast-hfb-below-header-display":"","ast-hfb-mobile-header-display":"","site-post-title":"","ast-breadcrumbs-content":"","ast-featured-img":"","footer-sml-layout":"","theme-transparent-header-meta":"","adv-header-id-meta":"","stick-header-meta":"","header-above-stick-meta":"","header-main-stick-meta":"","header-below-stick-meta":"","astra-migrate-meta-layouts":"default","ast-page-background-enabled":"default","ast-page-background-meta":{"desktop":{"background-color":"var(--ast-global-color-4)","background-image":"","background-repeat":"repeat","background-position":"center center","background-size":"auto","background-attachment":"scroll","background-type":"","background-media":"","overlay-type":"","overlay-color":"","overlay-gradient":""},"tablet":{"background-color":"","background-image":"","background-repeat":"repeat","background-position":"center center","background-size":"auto","background-attachment":"scroll","background-type":"","background-media":"","overlay-type":"","overlay-color":"","overlay-gradient":""},"mobile":{"background-color":"","background-image":"","background-repeat":"repeat","background-position":"center center","background-size":"auto","background-attachment":"scroll","background-type":"","background-media":"","overlay-type":"","overlay-color":"","overlay-gradient":""}},"ast-content-background-meta":{"desktop":{"background-color":"var(--ast-global-color-5)","background-image":"","background-repeat":"repeat","background-position":"center center","background-size":"auto","background-attachment":"scroll","background-type":"","background-media":"","overlay-type":"","overlay-color":"","overlay-gradient":""},"tablet":{"background-color":"var(--ast-global-color-5)","background-image":"","background-repeat":"repeat","background-position":"center center","background-size":"auto","background-attachment":"scroll","background-type":"","background-media":"","overlay-type":"","overlay-color":"","overlay-gradient":""},"mobile":{"background-color":"var(--ast-global-color-5)","background-image":"","background-repeat":"repeat","background-position":"center center","background-size":"auto","background-attachment":"scroll","background-type":"","background-media":"","overlay-type":"","overlay-color":"","overlay-gradient":""}},"footnotes":""},"class_list":["post-3931","page","type-page","status-publish","hentry"],"yoast_head":"<!-- This site is optimized with the Yoast SEO plugin v22.6 - https:\/\/yoast.com\/wordpress\/plugins\/seo\/ -->\n<title>C\u00f3mo donar al banco de alimentos - Fundacion Banco de Alimentos de Zaragoza<\/title>\n<meta name=\"description\" content=\"Descubre c\u00f3mo hacer tu donaci\u00f3n al Banco de Alimentos de Zaragoza de forma f\u00e1cil y segura. Ya sea mediante transferencia, tarjeta, Bizum o microdonaciones, tu contribuci\u00f3n puede marcar la diferencia en la lucha contra el hambre. Adem\u00e1s, con los nuevos incentivos fiscales, puedes beneficiarte de deducciones en tu declaraci\u00f3n de IRPF o Impuesto de Sociedades.\" \/>\n<meta name=\"robots\" content=\"index, follow, max-snippet:-1, max-image-preview:large, max-video-preview:-1\" \/>\n<link rel=\"canonical\" href=\"https:\/\/baz.pariver.com\/index.php\/como-donar-al-banco-de-alimentos\/\" \/>\n<meta property=\"og:locale\" content=\"es_ES\" \/>\n<meta property=\"og:type\" content=\"article\" \/>\n<meta property=\"og:title\" content=\"C\u00f3mo donar al banco de alimentos - Fundacion Banco de Alimentos de Zaragoza\" \/>\n<meta property=\"og:description\" content=\"Descubre c\u00f3mo hacer tu donaci\u00f3n al Banco de Alimentos de Zaragoza de forma f\u00e1cil y segura. Ya sea mediante transferencia, tarjeta, Bizum o microdonaciones, tu contribuci\u00f3n puede marcar la diferencia en la lucha contra el hambre. Adem\u00e1s, con los nuevos incentivos fiscales, puedes beneficiarte de deducciones en tu declaraci\u00f3n de IRPF o Impuesto de Sociedades.\" \/>\n<meta property=\"og:url\" content=\"https:\/\/baz.pariver.com\/index.php\/como-donar-al-banco-de-alimentos\/\" \/>\n<meta property=\"og:site_name\" content=\"Fundacion Banco de Alimentos de Zaragoza\" \/>\n<meta property=\"article:publisher\" content=\"https:\/\/www.facebook.com\/BancoAlimentosZaragoza\" \/>\n<meta property=\"article:modified_time\" content=\"2024-04-25T08:40:40+00:00\" \/>\n<meta property=\"og:image\" content=\"https:\/\/baz.pariver.com\/wp-content\/uploads\/2024\/01\/Cartel-deduciones-para-destacada-1-1024x572.jpg\" \/>\n<meta name=\"twitter:card\" content=\"summary_large_image\" \/>\n<meta name=\"twitter:site\" content=\"@b_alimentoszgz\" \/>\n<meta name=\"twitter:label1\" content=\"Tiempo de lectura\" \/>\n\t<meta name=\"twitter:data1\" content=\"3 minutos\" \/>\n<script type=\"application\/ld+json\" class=\"yoast-schema-graph\">{\"@context\":\"https:\/\/schema.org\",\"@graph\":[{\"@type\":\"WebPage\",\"@id\":\"https:\/\/baz.pariver.com\/index.php\/como-donar-al-banco-de-alimentos\/\",\"url\":\"https:\/\/baz.pariver.com\/index.php\/como-donar-al-banco-de-alimentos\/\",\"name\":\"C\u00f3mo donar al banco de alimentos - Fundacion Banco de Alimentos de Zaragoza\",\"isPartOf\":{\"@id\":\"https:\/\/baz.pariver.com\/#website\"},\"primaryImageOfPage\":{\"@id\":\"https:\/\/baz.pariver.com\/index.php\/como-donar-al-banco-de-alimentos\/#primaryimage\"},\"image\":{\"@id\":\"https:\/\/baz.pariver.com\/index.php\/como-donar-al-banco-de-alimentos\/#primaryimage\"},\"thumbnailUrl\":\"https:\/\/baz.pariver.com\/wp-content\/uploads\/2024\/01\/Cartel-deduciones-para-destacada-1-1024x572.jpg\",\"datePublished\":\"2024-03-25T11:29:44+00:00\",\"dateModified\":\"2024-04-25T08:40:40+00:00\",\"description\":\"Descubre c\u00f3mo hacer tu donaci\u00f3n al Banco de Alimentos de Zaragoza de forma f\u00e1cil y segura. Ya sea mediante transferencia, tarjeta, Bizum o microdonaciones, tu contribuci\u00f3n puede marcar la diferencia en la lucha contra el hambre. Adem\u00e1s, con los nuevos incentivos fiscales, puedes beneficiarte de deducciones en tu declaraci\u00f3n de IRPF o Impuesto de Sociedades.\",\"breadcrumb\":{\"@id\":\"https:\/\/baz.pariver.com\/index.php\/como-donar-al-banco-de-alimentos\/#breadcrumb\"},\"inLanguage\":\"es\",\"potentialAction\":[{\"@type\":\"ReadAction\",\"target\":[\"https:\/\/baz.pariver.com\/index.php\/como-donar-al-banco-de-alimentos\/\"]}]},{\"@type\":\"ImageObject\",\"inLanguage\":\"es\",\"@id\":\"https:\/\/baz.pariver.com\/index.php\/como-donar-al-banco-de-alimentos\/#primaryimage\",\"url\":\"https:\/\/baz.pariver.com\/wp-content\/uploads\/2024\/01\/Cartel-deduciones-para-destacada-1.jpg\",\"contentUrl\":\"https:\/\/baz.pariver.com\/wp-content\/uploads\/2024\/01\/Cartel-deduciones-para-destacada-1.jpg\",\"width\":1230,\"height\":687},{\"@type\":\"BreadcrumbList\",\"@id\":\"https:\/\/baz.pariver.com\/index.php\/como-donar-al-banco-de-alimentos\/#breadcrumb\",\"itemListElement\":[{\"@type\":\"ListItem\",\"position\":1,\"name\":\"Portada\",\"item\":\"https:\/\/baz.pariver.com\/\"},{\"@type\":\"ListItem\",\"position\":2,\"name\":\"C\u00f3mo donar al banco de alimentos\"}]},{\"@type\":\"WebSite\",\"@id\":\"https:\/\/baz.pariver.com\/#website\",\"url\":\"https:\/\/baz.pariver.com\/\",\"name\":\"Fundacion Banco de Alimentos de Zaragoza\",\"description\":\"Nos hace falta lo que a ti te sobra\",\"publisher\":{\"@id\":\"https:\/\/baz.pariver.com\/#organization\"},\"potentialAction\":[{\"@type\":\"SearchAction\",\"target\":{\"@type\":\"EntryPoint\",\"urlTemplate\":\"https:\/\/baz.pariver.com\/?s={search_term_string}\"},\"query-input\":\"required name=search_term_string\"}],\"inLanguage\":\"es\"},{\"@type\":\"Organization\",\"@id\":\"https:\/\/baz.pariver.com\/#organization\",\"name\":\"Fundacion Banco de Alimentos de Zaragoza\",\"url\":\"https:\/\/baz.pariver.com\/\",\"logo\":{\"@type\":\"ImageObject\",\"inLanguage\":\"es\",\"@id\":\"https:\/\/baz.pariver.com\/#\/schema\/logo\/image\/\",\"url\":\"https:\/\/baz.pariver.com\/wp-content\/uploads\/2024\/04\/banco-alimentos.png\",\"contentUrl\":\"https:\/\/baz.pariver.com\/wp-content\/uploads\/2024\/04\/banco-alimentos.png\",\"width\":303,\"height\":309,\"caption\":\"Fundacion Banco de Alimentos de Zaragoza\"},\"image\":{\"@id\":\"https:\/\/baz.pariver.com\/#\/schema\/logo\/image\/\"},\"sameAs\":[\"https:\/\/www.facebook.com\/BancoAlimentosZaragoza\",\"https:\/\/x.com\/b_alimentoszgz\",\"https:\/\/www.instagram.com\/b_alimentoszgz\/\",\"https:\/\/www.linkedin.com\/company\/fundacin-banco-de-alimentos-de-zaragoza\/\"]}]}<\/script>\n<!-- \/ Yoast SEO plugin. -->","yoast_head_json":{"title":"C\u00f3mo donar al banco de alimentos - Fundacion Banco de Alimentos de Zaragoza","description":"Descubre c\u00f3mo hacer tu donaci\u00f3n al Banco de Alimentos de Zaragoza de forma f\u00e1cil y segura. Ya sea mediante transferencia, tarjeta, Bizum o microdonaciones, tu contribuci\u00f3n puede marcar la diferencia en la lucha contra el hambre. Adem\u00e1s, con los nuevos incentivos fiscales, puedes beneficiarte de deducciones en tu declaraci\u00f3n de IRPF o Impuesto de Sociedades.","robots":{"index":"index","follow":"follow","max-snippet":"max-snippet:-1","max-image-preview":"max-image-preview:large","max-video-preview":"max-video-preview:-1"},"canonical":"https:\/\/baz.pariver.com\/index.php\/como-donar-al-banco-de-alimentos\/","og_locale":"es_ES","og_type":"article","og_title":"C\u00f3mo donar al banco de alimentos - Fundacion Banco de Alimentos de Zaragoza","og_description":"Descubre c\u00f3mo hacer tu donaci\u00f3n al Banco de Alimentos de Zaragoza de forma f\u00e1cil y segura. Ya sea mediante transferencia, tarjeta, Bizum o microdonaciones, tu contribuci\u00f3n puede marcar la diferencia en la lucha contra el hambre. Adem\u00e1s, con los nuevos incentivos fiscales, puedes beneficiarte de deducciones en tu declaraci\u00f3n de IRPF o Impuesto de Sociedades.","og_url":"https:\/\/baz.pariver.com\/index.php\/como-donar-al-banco-de-alimentos\/","og_site_name":"Fundacion Banco de Alimentos de Zaragoza","article_publisher":"https:\/\/www.facebook.com\/BancoAlimentosZaragoza","article_modified_time":"2024-04-25T08:40:40+00:00","og_image":[{"url":"https:\/\/baz.pariver.com\/wp-content\/uploads\/2024\/01\/Cartel-deduciones-para-destacada-1-1024x572.jpg"}],"twitter_card":"summary_large_image","twitter_site":"@b_alimentoszgz","twitter_misc":{"Tiempo de lectura":"3 minutos"},"schema":{"@context":"https:\/\/schema.org","@graph":[{"@type":"WebPage","@id":"https:\/\/baz.pariver.com\/index.php\/como-donar-al-banco-de-alimentos\/","url":"https:\/\/baz.pariver.com\/index.php\/como-donar-al-banco-de-alimentos\/","name":"C\u00f3mo donar al banco de alimentos - Fundacion Banco de Alimentos de Zaragoza","isPartOf":{"@id":"https:\/\/baz.pariver.com\/#website"},"primaryImageOfPage":{"@id":"https:\/\/baz.pariver.com\/index.php\/como-donar-al-banco-de-alimentos\/#primaryimage"},"image":{"@id":"https:\/\/baz.pariver.com\/index.php\/como-donar-al-banco-de-alimentos\/#primaryimage"},"thumbnailUrl":"https:\/\/baz.pariver.com\/wp-content\/uploads\/2024\/01\/Cartel-deduciones-para-destacada-1-1024x572.jpg","datePublished":"2024-03-25T11:29:44+00:00","dateModified":"2024-04-25T08:40:40+00:00","description":"Descubre c\u00f3mo hacer tu donaci\u00f3n al Banco de Alimentos de Zaragoza de forma f\u00e1cil y segura. Ya sea mediante transferencia, tarjeta, Bizum o microdonaciones, tu contribuci\u00f3n puede marcar la diferencia en la lucha contra el hambre. Adem\u00e1s, con los nuevos incentivos fiscales, puedes beneficiarte de deducciones en tu declaraci\u00f3n de IRPF o Impuesto de Sociedades.","breadcrumb":{"@id":"https:\/\/baz.pariver.com\/index.php\/como-donar-al-banco-de-alimentos\/#breadcrumb"},"inLanguage":"es","potentialAction":[{"@type":"ReadAction","target":["https:\/\/baz.pariver.com\/index.php\/como-donar-al-banco-de-alimentos\/"]}]},{"@type":"ImageObject","inLanguage":"es","@id":"https:\/\/baz.pariver.com\/index.php\/como-donar-al-banco-de-alimentos\/#primaryimage","url":"https:\/\/baz.pariver.com\/wp-content\/uploads\/2024\/01\/Cartel-deduciones-para-destacada-1.jpg","contentUrl":"https:\/\/baz.pariver.com\/wp-content\/uploads\/2024\/01\/Cartel-deduciones-para-destacada-1.jpg","width":1230,"height":687},{"@type":"BreadcrumbList","@id":"https:\/\/baz.pariver.com\/index.php\/como-donar-al-banco-de-alimentos\/#breadcrumb","itemListElement":[{"@type":"ListItem","position":1,"name":"Portada","item":"https:\/\/baz.pariver.com\/"},{"@type":"ListItem","position":2,"name":"C\u00f3mo donar al banco de alimentos"}]},{"@type":"WebSite","@id":"https:\/\/baz.pariver.com\/#website","url":"https:\/\/baz.pariver.com\/","name":"Fundacion Banco de Alimentos de Zaragoza","description":"Nos hace falta lo que a ti te sobra","publisher":{"@id":"https:\/\/baz.pariver.com\/#organization"},"potentialAction":[{"@type":"SearchAction","target":{"@type":"EntryPoint","urlTemplate":"https:\/\/baz.pariver.com\/?s={search_term_string}"},"query-input":"required name=search_term_string"}],"inLanguage":"es"},{"@type":"Organization","@id":"https:\/\/baz.pariver.com\/#organization","name":"Fundacion Banco de Alimentos de Zaragoza","url":"https:\/\/baz.pariver.com\/","logo":{"@type":"ImageObject","inLanguage":"es","@id":"https:\/\/baz.pariver.com\/#\/schema\/logo\/image\/","url":"https:\/\/baz.pariver.com\/wp-content\/uploads\/2024\/04\/banco-alimentos.png","contentUrl":"https:\/\/baz.pariver.com\/wp-content\/uploads\/2024\/04\/banco-alimentos.png","width":303,"height":309,"caption":"Fundacion Banco de Alimentos de Zaragoza"},"image":{"@id":"https:\/\/baz.pariver.com\/#\/schema\/logo\/image\/"},"sameAs":["https:\/\/www.facebook.com\/BancoAlimentosZaragoza","https:\/\/x.com\/b_alimentoszgz","https:\/\/www.instagram.com\/b_alimentoszgz\/","https:\/\/www.linkedin.com\/company\/fundacin-banco-de-alimentos-de-zaragoza\/"]}]}},"_links":{"self":[{"href":"https:\/\/baz.pariver.com\/index.php\/wp-json\/wp\/v2\/pages\/3931","targetHints":{"allow":["GET"]}}],"collection":[{"href":"https:\/\/baz.pariver.com\/index.php\/wp-json\/wp\/v2\/pages"}],"about":[{"href":"https:\/\/baz.pariver.com\/index.php\/wp-json\/wp\/v2\/types\/page"}],"author":[{"embeddable":true,"href":"https:\/\/baz.pariver.com\/index.php\/wp-json\/wp\/v2\/users\/1"}],"replies":[{"embeddable":true,"href":"https:\/\/baz.pariver.com\/index.php\/wp-json\/wp\/v2\/comments?post=3931"}],"version-history":[{"count":44,"href":"https:\/\/baz.pariver.com\/index.php\/wp-json\/wp\/v2\/pages\/3931\/revisions"}],"predecessor-version":[{"id":6210,"href":"https:\/\/baz.pariver.com\/index.php\/wp-json\/wp\/v2\/pages\/3931\/revisions\/6210"}],"wp:attachment":[{"href":"https:\/\/baz.pariver.com\/index.php\/wp-json\/wp\/v2\/media?parent=3931"}],"curies":[{"name":"wp","href":"https:\/\/api.w.org\/{rel}","templated":true}]}}