{"id":3822,"date":"2024-03-25T10:33:03","date_gmt":"2024-03-25T09:33:03","guid":{"rendered":"https:\/\/baz.pariver.com\/?page_id=3822"},"modified":"2024-04-25T10:22:01","modified_gmt":"2024-04-25T08:22:01","slug":"que-hacen-los-voluntarios","status":"publish","type":"page","link":"https:\/\/baz.pariver.com\/index.php\/que-hacen-los-voluntarios\/","title":{"rendered":"Qu\u00e9 hacen los voluntarios"},"content":{"rendered":"\t\t<div data-elementor-type=\"wp-page\" data-elementor-id=\"3822\" class=\"elementor elementor-3822\" data-elementor-post-type=\"page\">\n\t\t\t\t<div class=\"elementor-element elementor-element-7290ac64 e-flex e-con-boxed wpr-particle-no wpr-jarallax-no wpr-parallax-no wpr-sticky-section-no e-con e-parent\" data-id=\"7290ac64\" data-element_type=\"container\">\n\t\t\t\t\t<div class=\"e-con-inner\">\n\t\t\t\t<div class=\"elementor-element elementor-element-7096c357 elementor-widget elementor-widget-text-editor\" data-id=\"7096c357\" data-element_type=\"widget\" data-widget_type=\"text-editor.default\">\n\t\t\t\t<div class=\"elementor-widget-container\">\n\t\t\t<style>\/*! elementor - v3.21.0 - 08-05-2024 *\/\n.elementor-widget-text-editor.elementor-drop-cap-view-stacked .elementor-drop-cap{background-color:#69727d;color:#fff}.elementor-widget-text-editor.elementor-drop-cap-view-framed .elementor-drop-cap{color:#69727d;border:3px solid;background-color:transparent}.elementor-widget-text-editor:not(.elementor-drop-cap-view-default) .elementor-drop-cap{margin-top:8px}.elementor-widget-text-editor:not(.elementor-drop-cap-view-default) .elementor-drop-cap-letter{width:1em;height:1em}.elementor-widget-text-editor .elementor-drop-cap{float:left;text-align:center;line-height:1;font-size:50px}.elementor-widget-text-editor .elementor-drop-cap-letter{display:inline-block}<\/style>\t\t\t\t<!-- wp:paragraph -->\n<p>La actividad del Banco de Alimentos de Zaragoza est\u00e1 basada en la <strong>colaboraci\u00f3n<\/strong> de <strong>personas voluntarias<\/strong>, que sin recibir a cambio <strong>ninguna remuneraci\u00f3n<\/strong> econ\u00f3mica hacen posible el funcionamiento del Banco.<\/p>\n<!-- \/wp:paragraph --><!-- wp:paragraph -->\n<p>El Banco de Alimentos de Zaragoza cuenta con unos <strong>140 voluntarios fijos<\/strong>.<br \/>Son personas, en su <strong>mayor\u00eda<\/strong> jubilados y prejubilados, cuya situaci\u00f3n laboral y personal les <strong>permite<\/strong> <strong>dedicar<\/strong> su <strong>tiempo<\/strong> a las distintas actividades del Banco, y que quieren emplear sus <strong>conocimientos<\/strong> y <strong>habilidades<\/strong> <strong>profesionales<\/strong> y personales para apoyar la labor del Banco<\/p>\n<!-- \/wp:paragraph --><!-- wp:paragraph -->\n<p>Dentro de los horarios del Banco(De lunes a viernes de <strong>9:00 a 13:00<\/strong>) cada <strong>voluntario<\/strong> <strong>decide<\/strong> los <strong>d\u00edas<\/strong> y las <strong>horas<\/strong> en las que quiere acudir a colaborar, <strong>comprometi\u00e9ndose<\/strong> a <strong>respetar<\/strong>, en la <strong>medida<\/strong> de lo <strong>posible<\/strong>, el horario elegido.<\/p>\n<!-- \/wp:paragraph --><!-- wp:paragraph -->\n<p>El Banco tambi\u00e9n cuenta con <strong>voluntarios<\/strong> <strong>externos<\/strong> que realizan <strong>actividades<\/strong> <strong>fuera<\/strong> de la sede del Banco.<\/p>\n<!-- \/wp:paragraph --><!-- wp:paragraph -->\n<p>Fundamentalmente, las <strong>tareas<\/strong> que realizan los voluntarios son:<\/p>\n<!-- \/wp:paragraph --><!-- wp:list -->\n<ul><!-- wp:list-item -->\n<li><strong>Recepci\u00f3n de mercanc\u00edas<\/strong><\/li>\n<!-- \/wp:list-item --><!-- wp:list-item -->\n<li><strong>Operaciones de almac\u00e9n<\/strong><\/li>\n<!-- \/wp:list-item --><!-- wp:list-item -->\n<li><strong>Preparaci\u00f3n de salidas de alimentos<\/strong><\/li>\n<!-- \/wp:list-item --><!-- wp:list-item -->\n<li><strong>Conducci\u00f3n de furgonetas y peque\u00f1os camiones<\/strong><\/li>\n<!-- \/wp:list-item --><!-- wp:list-item -->\n<li><strong>Tareas de mantenimiento de instalaciones<\/strong><\/li>\n<!-- \/wp:list-item --><!-- wp:list-item -->\n<li><strong>Tareas administrativas<\/strong><\/li>\n<!-- \/wp:list-item --><!-- wp:list-item -->\n<li><strong>Tareas inform\u00e1ticas<\/strong><\/li>\n<!-- \/wp:list-item --><!-- wp:list-item -->\n<li><strong>Contabilidad<\/strong><\/li>\n<!-- \/wp:list-item --><!-- wp:list-item -->\n<li><strong>Tareas comerciales con Empresas Donantes<\/strong><\/li>\n<!-- \/wp:list-item --><!-- wp:list-item -->\n<li><strong>Visitas a Entidades Ben\u00e9ficas<\/strong><\/li>\n<!-- \/wp:list-item --><!-- wp:list-item -->\n<li><strong>Tareas de comunicaci\u00f3n<\/strong><\/li>\n<!-- \/wp:list-item --><\/ul>\n<!-- \/wp:list --><!-- wp:paragraph -->\n<p>Si est\u00e1s <strong>interesado<\/strong> en colaborar a lo largo de <strong>todo<\/strong> <strong>el a\u00f1o<\/strong> completa el <strong>formulario<\/strong> en\u00a0\u00a0<a href=\"https:\/\/baz.pariver.com\/index.php\/voluntarios-fijos\/\" target=\"_blank\" rel=\"noreferrer noopener\">Voluntarios fijos<\/a>\u00a0dej\u00e1ndonos tus datos<\/p>\n<!-- \/wp:paragraph --><!-- wp:paragraph -->\n<p>Tambi\u00e9n contamos con la <strong>colaboraci\u00f3n<\/strong> de <strong>voluntarios<\/strong> en determinadas <strong>campa\u00f1as<\/strong> y <strong>colectas<\/strong>, que nos ayudan a <strong>recoger<\/strong> los <strong>alimentos<\/strong> y <strong>clasificarlos<\/strong> <strong>posteriormente<\/strong> en nuestras instalaciones. Si es este el tipo de <strong>colaboraci\u00f3n<\/strong> que te <strong>interesa<\/strong>, puedes dejarnos tus datos en\u00a0<a href=\"https:\/\/baz.pariver.com\/index.php\/voluntarios-para-campanas\/\" target=\"_blank\" rel=\"noreferrer noopener\">Voluntarios para campa\u00f1as.<\/a><\/p>\n<!-- \/wp:paragraph -->\t\t\t\t\t\t<\/div>\n\t\t\t\t<\/div>\n\t\t\t\t\t<\/div>\n\t\t\t\t<\/div>\n\t\t\t\t<\/div>\n\t\t","protected":false},"excerpt":{"rendered":"<p>La actividad del Banco de Alimentos de Zaragoza est\u00e1 basada en la colaboraci\u00f3n de personas voluntarias, que sin recibir a [&hellip;]<\/p>\n","protected":false},"author":1,"featured_media":0,"parent":0,"menu_order":0,"comment_status":"closed","ping_status":"closed","template":"","meta":{"site-sidebar-layout":"default","site-content-layout":"","ast-site-content-layout":"","site-content-style":"default","site-sidebar-style":"default","ast-global-header-display":"","ast-banner-title-visibility":"","ast-main-header-display":"","ast-hfb-above-header-display":"","ast-hfb-below-header-display":"","ast-hfb-mobile-header-display":"","site-post-title":"","ast-breadcrumbs-content":"","ast-featured-img":"","footer-sml-layout":"","theme-transparent-header-meta":"","adv-header-id-meta":"","stick-header-meta":"","header-above-stick-meta":"","header-main-stick-meta":"","header-below-stick-meta":"","astra-migrate-meta-layouts":"default","ast-page-background-enabled":"default","ast-page-background-meta":{"desktop":{"background-color":"var(--ast-global-color-4)","background-image":"","background-repeat":"repeat","background-position":"center center","background-size":"auto","background-attachment":"scroll","background-type":"","background-media":"","overlay-type":"","overlay-color":"","overlay-gradient":""},"tablet":{"background-color":"","background-image":"","background-repeat":"repeat","background-position":"center center","background-size":"auto","background-attachment":"scroll","background-type":"","background-media":"","overlay-type":"","overlay-color":"","overlay-gradient":""},"mobile":{"background-color":"","background-image":"","background-repeat":"repeat","background-position":"center center","background-size":"auto","background-attachment":"scroll","background-type":"","background-media":"","overlay-type":"","overlay-color":"","overlay-gradient":""}},"ast-content-background-meta":{"desktop":{"background-color":"var(--ast-global-color-5)","background-image":"","background-repeat":"repeat","background-position":"center center","background-size":"auto","background-attachment":"scroll","background-type":"","background-media":"","overlay-type":"","overlay-color":"","overlay-gradient":""},"tablet":{"background-color":"var(--ast-global-color-5)","background-image":"","background-repeat":"repeat","background-position":"center center","background-size":"auto","background-attachment":"scroll","background-type":"","background-media":"","overlay-type":"","overlay-color":"","overlay-gradient":""},"mobile":{"background-color":"var(--ast-global-color-5)","background-image":"","background-repeat":"repeat","background-position":"center center","background-size":"auto","background-attachment":"scroll","background-type":"","background-media":"","overlay-type":"","overlay-color":"","overlay-gradient":""}},"footnotes":""},"class_list":["post-3822","page","type-page","status-publish","hentry"],"yoast_head":"<!-- This site is optimized with the Yoast SEO plugin v22.6 - https:\/\/yoast.com\/wordpress\/plugins\/seo\/ -->\n<title>Qu\u00e9 hacen los voluntarios - Fundacion Banco de Alimentos de Zaragoza<\/title>\n<meta name=\"description\" content=\"La actividad del Banco de Alimentos de Zaragoza est\u00e1 basada en la colaboraci\u00f3n de personas voluntarias, que sin recibir a cambio ninguna remuneraci\u00f3n econ\u00f3mica hacen posible el funcionamiento del Banco.El Banco de Alimentos de Zaragoza cuenta con unos 140 voluntarios fijos.Son personas, en su mayor\u00eda jubilados y prejubilados, cuya situaci\u00f3n laboral y personal les permite dedicar su tiempo a las distintas actividades del Banco, y que quieren emplear sus conocimientos y habilidades profesionales y personales para apoyar la labor del Banco\" \/>\n<meta name=\"robots\" content=\"index, follow, max-snippet:-1, max-image-preview:large, max-video-preview:-1\" \/>\n<link rel=\"canonical\" href=\"https:\/\/baz.pariver.com\/index.php\/que-hacen-los-voluntarios\/\" \/>\n<meta property=\"og:locale\" content=\"es_ES\" \/>\n<meta property=\"og:type\" content=\"article\" \/>\n<meta property=\"og:title\" content=\"Qu\u00e9 hacen los voluntarios - Fundacion Banco de Alimentos de Zaragoza\" \/>\n<meta property=\"og:description\" content=\"La actividad del Banco de Alimentos de Zaragoza est\u00e1 basada en la colaboraci\u00f3n de personas voluntarias, que sin recibir a cambio ninguna remuneraci\u00f3n econ\u00f3mica hacen posible el funcionamiento del Banco.El Banco de Alimentos de Zaragoza cuenta con unos 140 voluntarios fijos.Son personas, en su mayor\u00eda jubilados y prejubilados, cuya situaci\u00f3n laboral y personal les permite dedicar su tiempo a las distintas actividades del Banco, y que quieren emplear sus conocimientos y habilidades profesionales y personales para apoyar la labor del Banco\" \/>\n<meta property=\"og:url\" content=\"https:\/\/baz.pariver.com\/index.php\/que-hacen-los-voluntarios\/\" \/>\n<meta property=\"og:site_name\" content=\"Fundacion Banco de Alimentos de Zaragoza\" \/>\n<meta property=\"article:publisher\" content=\"https:\/\/www.facebook.com\/BancoAlimentosZaragoza\" \/>\n<meta property=\"article:modified_time\" content=\"2024-04-25T08:22:01+00:00\" \/>\n<meta name=\"twitter:card\" content=\"summary_large_image\" \/>\n<meta name=\"twitter:site\" content=\"@b_alimentoszgz\" \/>\n<meta name=\"twitter:label1\" content=\"Tiempo de lectura\" \/>\n\t<meta name=\"twitter:data1\" content=\"2 minutos\" \/>\n<script type=\"application\/ld+json\" class=\"yoast-schema-graph\">{\"@context\":\"https:\/\/schema.org\",\"@graph\":[{\"@type\":\"WebPage\",\"@id\":\"https:\/\/baz.pariver.com\/index.php\/que-hacen-los-voluntarios\/\",\"url\":\"https:\/\/baz.pariver.com\/index.php\/que-hacen-los-voluntarios\/\",\"name\":\"Qu\u00e9 hacen los voluntarios - Fundacion Banco de Alimentos de Zaragoza\",\"isPartOf\":{\"@id\":\"https:\/\/baz.pariver.com\/#website\"},\"datePublished\":\"2024-03-25T09:33:03+00:00\",\"dateModified\":\"2024-04-25T08:22:01+00:00\",\"description\":\"La actividad del Banco de Alimentos de Zaragoza est\u00e1 basada en la colaboraci\u00f3n de personas voluntarias, que sin recibir a cambio ninguna remuneraci\u00f3n econ\u00f3mica hacen posible el funcionamiento del Banco.El Banco de Alimentos de Zaragoza cuenta con unos 140 voluntarios fijos.Son personas, en su mayor\u00eda jubilados y prejubilados, cuya situaci\u00f3n laboral y personal les permite dedicar su tiempo a las distintas actividades del Banco, y que quieren emplear sus conocimientos y habilidades profesionales y personales para apoyar la labor del Banco\",\"breadcrumb\":{\"@id\":\"https:\/\/baz.pariver.com\/index.php\/que-hacen-los-voluntarios\/#breadcrumb\"},\"inLanguage\":\"es\",\"potentialAction\":[{\"@type\":\"ReadAction\",\"target\":[\"https:\/\/baz.pariver.com\/index.php\/que-hacen-los-voluntarios\/\"]}]},{\"@type\":\"BreadcrumbList\",\"@id\":\"https:\/\/baz.pariver.com\/index.php\/que-hacen-los-voluntarios\/#breadcrumb\",\"itemListElement\":[{\"@type\":\"ListItem\",\"position\":1,\"name\":\"Portada\",\"item\":\"https:\/\/baz.pariver.com\/\"},{\"@type\":\"ListItem\",\"position\":2,\"name\":\"Qu\u00e9 hacen los voluntarios\"}]},{\"@type\":\"WebSite\",\"@id\":\"https:\/\/baz.pariver.com\/#website\",\"url\":\"https:\/\/baz.pariver.com\/\",\"name\":\"Fundacion Banco de Alimentos de Zaragoza\",\"description\":\"Nos hace falta lo que a ti te sobra\",\"publisher\":{\"@id\":\"https:\/\/baz.pariver.com\/#organization\"},\"potentialAction\":[{\"@type\":\"SearchAction\",\"target\":{\"@type\":\"EntryPoint\",\"urlTemplate\":\"https:\/\/baz.pariver.com\/?s={search_term_string}\"},\"query-input\":\"required name=search_term_string\"}],\"inLanguage\":\"es\"},{\"@type\":\"Organization\",\"@id\":\"https:\/\/baz.pariver.com\/#organization\",\"name\":\"Fundacion Banco de Alimentos de Zaragoza\",\"url\":\"https:\/\/baz.pariver.com\/\",\"logo\":{\"@type\":\"ImageObject\",\"inLanguage\":\"es\",\"@id\":\"https:\/\/baz.pariver.com\/#\/schema\/logo\/image\/\",\"url\":\"https:\/\/baz.pariver.com\/wp-content\/uploads\/2024\/04\/banco-alimentos.png\",\"contentUrl\":\"https:\/\/baz.pariver.com\/wp-content\/uploads\/2024\/04\/banco-alimentos.png\",\"width\":303,\"height\":309,\"caption\":\"Fundacion Banco de Alimentos de Zaragoza\"},\"image\":{\"@id\":\"https:\/\/baz.pariver.com\/#\/schema\/logo\/image\/\"},\"sameAs\":[\"https:\/\/www.facebook.com\/BancoAlimentosZaragoza\",\"https:\/\/x.com\/b_alimentoszgz\",\"https:\/\/www.instagram.com\/b_alimentoszgz\/\",\"https:\/\/www.linkedin.com\/company\/fundacin-banco-de-alimentos-de-zaragoza\/\"]}]}<\/script>\n<!-- \/ Yoast SEO plugin. -->","yoast_head_json":{"title":"Qu\u00e9 hacen los voluntarios - Fundacion Banco de Alimentos de Zaragoza","description":"La actividad del Banco de Alimentos de Zaragoza est\u00e1 basada en la colaboraci\u00f3n de personas voluntarias, que sin recibir a cambio ninguna remuneraci\u00f3n econ\u00f3mica hacen posible el funcionamiento del Banco.El Banco de Alimentos de Zaragoza cuenta con unos 140 voluntarios fijos.Son personas, en su mayor\u00eda jubilados y prejubilados, cuya situaci\u00f3n laboral y personal les permite dedicar su tiempo a las distintas actividades del Banco, y que quieren emplear sus conocimientos y habilidades profesionales y personales para apoyar la labor del Banco","robots":{"index":"index","follow":"follow","max-snippet":"max-snippet:-1","max-image-preview":"max-image-preview:large","max-video-preview":"max-video-preview:-1"},"canonical":"https:\/\/baz.pariver.com\/index.php\/que-hacen-los-voluntarios\/","og_locale":"es_ES","og_type":"article","og_title":"Qu\u00e9 hacen los voluntarios - Fundacion Banco de Alimentos de Zaragoza","og_description":"La actividad del Banco de Alimentos de Zaragoza est\u00e1 basada en la colaboraci\u00f3n de personas voluntarias, que sin recibir a cambio ninguna remuneraci\u00f3n econ\u00f3mica hacen posible el funcionamiento del Banco.El Banco de Alimentos de Zaragoza cuenta con unos 140 voluntarios fijos.Son personas, en su mayor\u00eda jubilados y prejubilados, cuya situaci\u00f3n laboral y personal les permite dedicar su tiempo a las distintas actividades del Banco, y que quieren emplear sus conocimientos y habilidades profesionales y personales para apoyar la labor del Banco","og_url":"https:\/\/baz.pariver.com\/index.php\/que-hacen-los-voluntarios\/","og_site_name":"Fundacion Banco de Alimentos de Zaragoza","article_publisher":"https:\/\/www.facebook.com\/BancoAlimentosZaragoza","article_modified_time":"2024-04-25T08:22:01+00:00","twitter_card":"summary_large_image","twitter_site":"@b_alimentoszgz","twitter_misc":{"Tiempo de lectura":"2 minutos"},"schema":{"@context":"https:\/\/schema.org","@graph":[{"@type":"WebPage","@id":"https:\/\/baz.pariver.com\/index.php\/que-hacen-los-voluntarios\/","url":"https:\/\/baz.pariver.com\/index.php\/que-hacen-los-voluntarios\/","name":"Qu\u00e9 hacen los voluntarios - Fundacion Banco de Alimentos de Zaragoza","isPartOf":{"@id":"https:\/\/baz.pariver.com\/#website"},"datePublished":"2024-03-25T09:33:03+00:00","dateModified":"2024-04-25T08:22:01+00:00","description":"La actividad del Banco de Alimentos de Zaragoza est\u00e1 basada en la colaboraci\u00f3n de personas voluntarias, que sin recibir a cambio ninguna remuneraci\u00f3n econ\u00f3mica hacen posible el funcionamiento del Banco.El Banco de Alimentos de Zaragoza cuenta con unos 140 voluntarios fijos.Son personas, en su mayor\u00eda jubilados y prejubilados, cuya situaci\u00f3n laboral y personal les permite dedicar su tiempo a las distintas actividades del Banco, y que quieren emplear sus conocimientos y habilidades profesionales y personales para apoyar la labor del Banco","breadcrumb":{"@id":"https:\/\/baz.pariver.com\/index.php\/que-hacen-los-voluntarios\/#breadcrumb"},"inLanguage":"es","potentialAction":[{"@type":"ReadAction","target":["https:\/\/baz.pariver.com\/index.php\/que-hacen-los-voluntarios\/"]}]},{"@type":"BreadcrumbList","@id":"https:\/\/baz.pariver.com\/index.php\/que-hacen-los-voluntarios\/#breadcrumb","itemListElement":[{"@type":"ListItem","position":1,"name":"Portada","item":"https:\/\/baz.pariver.com\/"},{"@type":"ListItem","position":2,"name":"Qu\u00e9 hacen los voluntarios"}]},{"@type":"WebSite","@id":"https:\/\/baz.pariver.com\/#website","url":"https:\/\/baz.pariver.com\/","name":"Fundacion Banco de Alimentos de Zaragoza","description":"Nos hace falta lo que a ti te sobra","publisher":{"@id":"https:\/\/baz.pariver.com\/#organization"},"potentialAction":[{"@type":"SearchAction","target":{"@type":"EntryPoint","urlTemplate":"https:\/\/baz.pariver.com\/?s={search_term_string}"},"query-input":"required name=search_term_string"}],"inLanguage":"es"},{"@type":"Organization","@id":"https:\/\/baz.pariver.com\/#organization","name":"Fundacion Banco de Alimentos de Zaragoza","url":"https:\/\/baz.pariver.com\/","logo":{"@type":"ImageObject","inLanguage":"es","@id":"https:\/\/baz.pariver.com\/#\/schema\/logo\/image\/","url":"https:\/\/baz.pariver.com\/wp-content\/uploads\/2024\/04\/banco-alimentos.png","contentUrl":"https:\/\/baz.pariver.com\/wp-content\/uploads\/2024\/04\/banco-alimentos.png","width":303,"height":309,"caption":"Fundacion Banco de Alimentos de Zaragoza"},"image":{"@id":"https:\/\/baz.pariver.com\/#\/schema\/logo\/image\/"},"sameAs":["https:\/\/www.facebook.com\/BancoAlimentosZaragoza","https:\/\/x.com\/b_alimentoszgz","https:\/\/www.instagram.com\/b_alimentoszgz\/","https:\/\/www.linkedin.com\/company\/fundacin-banco-de-alimentos-de-zaragoza\/"]}]}},"_links":{"self":[{"href":"https:\/\/baz.pariver.com\/index.php\/wp-json\/wp\/v2\/pages\/3822","targetHints":{"allow":["GET"]}}],"collection":[{"href":"https:\/\/baz.pariver.com\/index.php\/wp-json\/wp\/v2\/pages"}],"about":[{"href":"https:\/\/baz.pariver.com\/index.php\/wp-json\/wp\/v2\/types\/page"}],"author":[{"embeddable":true,"href":"https:\/\/baz.pariver.com\/index.php\/wp-json\/wp\/v2\/users\/1"}],"replies":[{"embeddable":true,"href":"https:\/\/baz.pariver.com\/index.php\/wp-json\/wp\/v2\/comments?post=3822"}],"version-history":[{"count":13,"href":"https:\/\/baz.pariver.com\/index.php\/wp-json\/wp\/v2\/pages\/3822\/revisions"}],"predecessor-version":[{"id":5674,"href":"https:\/\/baz.pariver.com\/index.php\/wp-json\/wp\/v2\/pages\/3822\/revisions\/5674"}],"wp:attachment":[{"href":"https:\/\/baz.pariver.com\/index.php\/wp-json\/wp\/v2\/media?parent=3822"}],"curies":[{"name":"wp","href":"https:\/\/api.w.org\/{rel}","templated":true}]}}