{"id":3804,"date":"2024-03-25T10:13:34","date_gmt":"2024-03-25T09:13:34","guid":{"rendered":"https:\/\/baz.pariver.com\/?page_id=3804"},"modified":"2024-04-29T11:26:41","modified_gmt":"2024-04-29T09:26:41","slug":"entidades-receptoras-informacion","status":"publish","type":"page","link":"https:\/\/baz.pariver.com\/index.php\/entidades-receptoras-informacion\/","title":{"rendered":"Entidades receptoras \u2013 Informaci\u00f3n"},"content":{"rendered":"\t\t<div data-elementor-type=\"wp-page\" data-elementor-id=\"3804\" class=\"elementor elementor-3804\" data-elementor-post-type=\"page\">\n\t\t\t\t<div class=\"elementor-element elementor-element-70b9a60f e-flex e-con-boxed wpr-particle-no wpr-jarallax-no wpr-parallax-no wpr-sticky-section-no e-con e-parent\" data-id=\"70b9a60f\" data-element_type=\"container\">\n\t\t\t\t\t<div class=\"e-con-inner\">\n\t\t\t\t<div class=\"elementor-element elementor-element-40f76409 elementor-widget elementor-widget-text-editor\" data-id=\"40f76409\" data-element_type=\"widget\" data-widget_type=\"text-editor.default\">\n\t\t\t\t<div class=\"elementor-widget-container\">\n\t\t\t<style>\/*! elementor - v3.21.0 - 08-05-2024 *\/\n.elementor-widget-text-editor.elementor-drop-cap-view-stacked .elementor-drop-cap{background-color:#69727d;color:#fff}.elementor-widget-text-editor.elementor-drop-cap-view-framed .elementor-drop-cap{color:#69727d;border:3px solid;background-color:transparent}.elementor-widget-text-editor:not(.elementor-drop-cap-view-default) .elementor-drop-cap{margin-top:8px}.elementor-widget-text-editor:not(.elementor-drop-cap-view-default) .elementor-drop-cap-letter{width:1em;height:1em}.elementor-widget-text-editor .elementor-drop-cap{float:left;text-align:center;line-height:1;font-size:50px}.elementor-widget-text-editor .elementor-drop-cap-letter{display:inline-block}<\/style>\t\t\t\t<!-- wp:paragraph -->\n<p>Los alimentos recogidos en el Banco de Alimentos de Zaragoza son repartidos a entidades sociales de la provincia, que deben estar legalmente constituidas como entidades sin \u00e1nimo de lucro.\u00a0 Estas entidades son las que conocen de cerca las necesidades de sus beneficiarios, por lo que son muy importantes para gestionar los alimentos recibidos.<\/p>\n<!-- \/wp:paragraph --><!-- wp:paragraph -->\n<p>El Banco no atiende directamente a particulares. Si necesitas alimentos debes ponerte en contacto con alguna de estas entidades. En el banco te dar\u00e1n informaci\u00f3n de las entidades a las que puedes dirigirte.<\/p>\n<!-- \/wp:paragraph --><!-- wp:paragraph -->\n<p>La entidades que deseen recibir alimentos deben ponerse en contacto con el Banco.<\/p>\n<!-- \/wp:paragraph --><!-- wp:paragraph -->\n<p>Para contactar con el banco:\u00a0\u00a0<a href=\"https:\/\/baz.pariver.com\/index.php\/contactar\/\" target=\"_blank\" rel=\"noreferrer noopener\">Contactar con el banco<\/a><\/p>\n<!-- \/wp:paragraph -->\t\t\t\t\t\t<\/div>\n\t\t\t\t<\/div>\n\t\t\t\t\t<\/div>\n\t\t\t\t<\/div>\n\t\t\t\t<\/div>\n\t\t","protected":false},"excerpt":{"rendered":"<p>Los alimentos recogidos en el Banco de Alimentos de Zaragoza son repartidos a entidades sociales de la provincia, que deben [&hellip;]<\/p>\n","protected":false},"author":1,"featured_media":0,"parent":0,"menu_order":0,"comment_status":"closed","ping_status":"closed","template":"","meta":{"site-sidebar-layout":"default","site-content-layout":"","ast-site-content-layout":"","site-content-style":"default","site-sidebar-style":"default","ast-global-header-display":"","ast-banner-title-visibility":"","ast-main-header-display":"","ast-hfb-above-header-display":"","ast-hfb-below-header-display":"","ast-hfb-mobile-header-display":"","site-post-title":"","ast-breadcrumbs-content":"","ast-featured-img":"","footer-sml-layout":"","theme-transparent-header-meta":"","adv-header-id-meta":"","stick-header-meta":"","header-above-stick-meta":"","header-main-stick-meta":"","header-below-stick-meta":"","astra-migrate-meta-layouts":"default","ast-page-background-enabled":"default","ast-page-background-meta":{"desktop":{"background-color":"var(--ast-global-color-4)","background-image":"","background-repeat":"repeat","background-position":"center center","background-size":"auto","background-attachment":"scroll","background-type":"","background-media":"","overlay-type":"","overlay-color":"","overlay-gradient":""},"tablet":{"background-color":"","background-image":"","background-repeat":"repeat","background-position":"center center","background-size":"auto","background-attachment":"scroll","background-type":"","background-media":"","overlay-type":"","overlay-color":"","overlay-gradient":""},"mobile":{"background-color":"","background-image":"","background-repeat":"repeat","background-position":"center center","background-size":"auto","background-attachment":"scroll","background-type":"","background-media":"","overlay-type":"","overlay-color":"","overlay-gradient":""}},"ast-content-background-meta":{"desktop":{"background-color":"var(--ast-global-color-5)","background-image":"","background-repeat":"repeat","background-position":"center center","background-size":"auto","background-attachment":"scroll","background-type":"","background-media":"","overlay-type":"","overlay-color":"","overlay-gradient":""},"tablet":{"background-color":"var(--ast-global-color-5)","background-image":"","background-repeat":"repeat","background-position":"center center","background-size":"auto","background-attachment":"scroll","background-type":"","background-media":"","overlay-type":"","overlay-color":"","overlay-gradient":""},"mobile":{"background-color":"var(--ast-global-color-5)","background-image":"","background-repeat":"repeat","background-position":"center center","background-size":"auto","background-attachment":"scroll","background-type":"","background-media":"","overlay-type":"","overlay-color":"","overlay-gradient":""}},"footnotes":""},"class_list":["post-3804","page","type-page","status-publish","hentry"],"yoast_head":"<!-- This site is optimized with the Yoast SEO plugin v22.6 - https:\/\/yoast.com\/wordpress\/plugins\/seo\/ -->\n<title>Entidades receptoras \u2013 Informaci\u00f3n - Fundacion Banco de Alimentos de Zaragoza<\/title>\n<meta name=\"description\" content=\"Descubre las entidades sociales de la provincia de Zaragoza que reciben alimentos del Banco de Alimentos para ayudar a quienes m\u00e1s lo necesitan. Conoce c\u00f3mo estas organizaciones sin \u00e1nimo de lucro gestionan los alimentos para beneficiar a sus comunidades locales.\" \/>\n<meta name=\"robots\" content=\"index, follow, max-snippet:-1, max-image-preview:large, max-video-preview:-1\" \/>\n<link rel=\"canonical\" href=\"https:\/\/baz.pariver.com\/index.php\/entidades-receptoras-informacion\/\" \/>\n<meta property=\"og:locale\" content=\"es_ES\" \/>\n<meta property=\"og:type\" content=\"article\" \/>\n<meta property=\"og:title\" content=\"Entidades receptoras \u2013 Informaci\u00f3n - Fundacion Banco de Alimentos de Zaragoza\" \/>\n<meta property=\"og:description\" content=\"Descubre las entidades sociales de la provincia de Zaragoza que reciben alimentos del Banco de Alimentos para ayudar a quienes m\u00e1s lo necesitan. Conoce c\u00f3mo estas organizaciones sin \u00e1nimo de lucro gestionan los alimentos para beneficiar a sus comunidades locales.\" \/>\n<meta property=\"og:url\" content=\"https:\/\/baz.pariver.com\/index.php\/entidades-receptoras-informacion\/\" \/>\n<meta property=\"og:site_name\" content=\"Fundacion Banco de Alimentos de Zaragoza\" \/>\n<meta property=\"article:publisher\" content=\"https:\/\/www.facebook.com\/BancoAlimentosZaragoza\" \/>\n<meta property=\"article:modified_time\" content=\"2024-04-29T09:26:41+00:00\" \/>\n<meta name=\"twitter:card\" content=\"summary_large_image\" \/>\n<meta name=\"twitter:site\" content=\"@b_alimentoszgz\" \/>\n<meta name=\"twitter:label1\" content=\"Tiempo de lectura\" \/>\n\t<meta name=\"twitter:data1\" content=\"1 minuto\" \/>\n<script type=\"application\/ld+json\" class=\"yoast-schema-graph\">{\"@context\":\"https:\/\/schema.org\",\"@graph\":[{\"@type\":\"WebPage\",\"@id\":\"https:\/\/baz.pariver.com\/index.php\/entidades-receptoras-informacion\/\",\"url\":\"https:\/\/baz.pariver.com\/index.php\/entidades-receptoras-informacion\/\",\"name\":\"Entidades receptoras \u2013 Informaci\u00f3n - Fundacion Banco de Alimentos de Zaragoza\",\"isPartOf\":{\"@id\":\"https:\/\/baz.pariver.com\/#website\"},\"datePublished\":\"2024-03-25T09:13:34+00:00\",\"dateModified\":\"2024-04-29T09:26:41+00:00\",\"description\":\"Descubre las entidades sociales de la provincia de Zaragoza que reciben alimentos del Banco de Alimentos para ayudar a quienes m\u00e1s lo necesitan. Conoce c\u00f3mo estas organizaciones sin \u00e1nimo de lucro gestionan los alimentos para beneficiar a sus comunidades locales.\",\"breadcrumb\":{\"@id\":\"https:\/\/baz.pariver.com\/index.php\/entidades-receptoras-informacion\/#breadcrumb\"},\"inLanguage\":\"es\",\"potentialAction\":[{\"@type\":\"ReadAction\",\"target\":[\"https:\/\/baz.pariver.com\/index.php\/entidades-receptoras-informacion\/\"]}]},{\"@type\":\"BreadcrumbList\",\"@id\":\"https:\/\/baz.pariver.com\/index.php\/entidades-receptoras-informacion\/#breadcrumb\",\"itemListElement\":[{\"@type\":\"ListItem\",\"position\":1,\"name\":\"Portada\",\"item\":\"https:\/\/baz.pariver.com\/\"},{\"@type\":\"ListItem\",\"position\":2,\"name\":\"Entidades receptoras \u2013 Informaci\u00f3n\"}]},{\"@type\":\"WebSite\",\"@id\":\"https:\/\/baz.pariver.com\/#website\",\"url\":\"https:\/\/baz.pariver.com\/\",\"name\":\"Fundacion Banco de Alimentos de Zaragoza\",\"description\":\"Nos hace falta lo que a ti te sobra\",\"publisher\":{\"@id\":\"https:\/\/baz.pariver.com\/#organization\"},\"potentialAction\":[{\"@type\":\"SearchAction\",\"target\":{\"@type\":\"EntryPoint\",\"urlTemplate\":\"https:\/\/baz.pariver.com\/?s={search_term_string}\"},\"query-input\":\"required name=search_term_string\"}],\"inLanguage\":\"es\"},{\"@type\":\"Organization\",\"@id\":\"https:\/\/baz.pariver.com\/#organization\",\"name\":\"Fundacion Banco de Alimentos de Zaragoza\",\"url\":\"https:\/\/baz.pariver.com\/\",\"logo\":{\"@type\":\"ImageObject\",\"inLanguage\":\"es\",\"@id\":\"https:\/\/baz.pariver.com\/#\/schema\/logo\/image\/\",\"url\":\"https:\/\/baz.pariver.com\/wp-content\/uploads\/2024\/04\/banco-alimentos.png\",\"contentUrl\":\"https:\/\/baz.pariver.com\/wp-content\/uploads\/2024\/04\/banco-alimentos.png\",\"width\":303,\"height\":309,\"caption\":\"Fundacion Banco de Alimentos de Zaragoza\"},\"image\":{\"@id\":\"https:\/\/baz.pariver.com\/#\/schema\/logo\/image\/\"},\"sameAs\":[\"https:\/\/www.facebook.com\/BancoAlimentosZaragoza\",\"https:\/\/x.com\/b_alimentoszgz\",\"https:\/\/www.instagram.com\/b_alimentoszgz\/\",\"https:\/\/www.linkedin.com\/company\/fundacin-banco-de-alimentos-de-zaragoza\/\"]}]}<\/script>\n<!-- \/ Yoast SEO plugin. -->","yoast_head_json":{"title":"Entidades receptoras \u2013 Informaci\u00f3n - Fundacion Banco de Alimentos de Zaragoza","description":"Descubre las entidades sociales de la provincia de Zaragoza que reciben alimentos del Banco de Alimentos para ayudar a quienes m\u00e1s lo necesitan. Conoce c\u00f3mo estas organizaciones sin \u00e1nimo de lucro gestionan los alimentos para beneficiar a sus comunidades locales.","robots":{"index":"index","follow":"follow","max-snippet":"max-snippet:-1","max-image-preview":"max-image-preview:large","max-video-preview":"max-video-preview:-1"},"canonical":"https:\/\/baz.pariver.com\/index.php\/entidades-receptoras-informacion\/","og_locale":"es_ES","og_type":"article","og_title":"Entidades receptoras \u2013 Informaci\u00f3n - Fundacion Banco de Alimentos de Zaragoza","og_description":"Descubre las entidades sociales de la provincia de Zaragoza que reciben alimentos del Banco de Alimentos para ayudar a quienes m\u00e1s lo necesitan. Conoce c\u00f3mo estas organizaciones sin \u00e1nimo de lucro gestionan los alimentos para beneficiar a sus comunidades locales.","og_url":"https:\/\/baz.pariver.com\/index.php\/entidades-receptoras-informacion\/","og_site_name":"Fundacion Banco de Alimentos de Zaragoza","article_publisher":"https:\/\/www.facebook.com\/BancoAlimentosZaragoza","article_modified_time":"2024-04-29T09:26:41+00:00","twitter_card":"summary_large_image","twitter_site":"@b_alimentoszgz","twitter_misc":{"Tiempo de lectura":"1 minuto"},"schema":{"@context":"https:\/\/schema.org","@graph":[{"@type":"WebPage","@id":"https:\/\/baz.pariver.com\/index.php\/entidades-receptoras-informacion\/","url":"https:\/\/baz.pariver.com\/index.php\/entidades-receptoras-informacion\/","name":"Entidades receptoras \u2013 Informaci\u00f3n - Fundacion Banco de Alimentos de Zaragoza","isPartOf":{"@id":"https:\/\/baz.pariver.com\/#website"},"datePublished":"2024-03-25T09:13:34+00:00","dateModified":"2024-04-29T09:26:41+00:00","description":"Descubre las entidades sociales de la provincia de Zaragoza que reciben alimentos del Banco de Alimentos para ayudar a quienes m\u00e1s lo necesitan. Conoce c\u00f3mo estas organizaciones sin \u00e1nimo de lucro gestionan los alimentos para beneficiar a sus comunidades locales.","breadcrumb":{"@id":"https:\/\/baz.pariver.com\/index.php\/entidades-receptoras-informacion\/#breadcrumb"},"inLanguage":"es","potentialAction":[{"@type":"ReadAction","target":["https:\/\/baz.pariver.com\/index.php\/entidades-receptoras-informacion\/"]}]},{"@type":"BreadcrumbList","@id":"https:\/\/baz.pariver.com\/index.php\/entidades-receptoras-informacion\/#breadcrumb","itemListElement":[{"@type":"ListItem","position":1,"name":"Portada","item":"https:\/\/baz.pariver.com\/"},{"@type":"ListItem","position":2,"name":"Entidades receptoras \u2013 Informaci\u00f3n"}]},{"@type":"WebSite","@id":"https:\/\/baz.pariver.com\/#website","url":"https:\/\/baz.pariver.com\/","name":"Fundacion Banco de Alimentos de Zaragoza","description":"Nos hace falta lo que a ti te sobra","publisher":{"@id":"https:\/\/baz.pariver.com\/#organization"},"potentialAction":[{"@type":"SearchAction","target":{"@type":"EntryPoint","urlTemplate":"https:\/\/baz.pariver.com\/?s={search_term_string}"},"query-input":"required name=search_term_string"}],"inLanguage":"es"},{"@type":"Organization","@id":"https:\/\/baz.pariver.com\/#organization","name":"Fundacion Banco de Alimentos de Zaragoza","url":"https:\/\/baz.pariver.com\/","logo":{"@type":"ImageObject","inLanguage":"es","@id":"https:\/\/baz.pariver.com\/#\/schema\/logo\/image\/","url":"https:\/\/baz.pariver.com\/wp-content\/uploads\/2024\/04\/banco-alimentos.png","contentUrl":"https:\/\/baz.pariver.com\/wp-content\/uploads\/2024\/04\/banco-alimentos.png","width":303,"height":309,"caption":"Fundacion Banco de Alimentos de Zaragoza"},"image":{"@id":"https:\/\/baz.pariver.com\/#\/schema\/logo\/image\/"},"sameAs":["https:\/\/www.facebook.com\/BancoAlimentosZaragoza","https:\/\/x.com\/b_alimentoszgz","https:\/\/www.instagram.com\/b_alimentoszgz\/","https:\/\/www.linkedin.com\/company\/fundacin-banco-de-alimentos-de-zaragoza\/"]}]}},"_links":{"self":[{"href":"https:\/\/baz.pariver.com\/index.php\/wp-json\/wp\/v2\/pages\/3804","targetHints":{"allow":["GET"]}}],"collection":[{"href":"https:\/\/baz.pariver.com\/index.php\/wp-json\/wp\/v2\/pages"}],"about":[{"href":"https:\/\/baz.pariver.com\/index.php\/wp-json\/wp\/v2\/types\/page"}],"author":[{"embeddable":true,"href":"https:\/\/baz.pariver.com\/index.php\/wp-json\/wp\/v2\/users\/1"}],"replies":[{"embeddable":true,"href":"https:\/\/baz.pariver.com\/index.php\/wp-json\/wp\/v2\/comments?post=3804"}],"version-history":[{"count":7,"href":"https:\/\/baz.pariver.com\/index.php\/wp-json\/wp\/v2\/pages\/3804\/revisions"}],"predecessor-version":[{"id":5319,"href":"https:\/\/baz.pariver.com\/index.php\/wp-json\/wp\/v2\/pages\/3804\/revisions\/5319"}],"wp:attachment":[{"href":"https:\/\/baz.pariver.com\/index.php\/wp-json\/wp\/v2\/media?parent=3804"}],"curies":[{"name":"wp","href":"https:\/\/api.w.org\/{rel}","templated":true}]}}