{"id":3798,"date":"2024-03-25T10:11:11","date_gmt":"2024-03-25T09:11:11","guid":{"rendered":"https:\/\/baz.pariver.com\/?page_id=3798"},"modified":"2024-04-25T10:14:59","modified_gmt":"2024-04-25T08:14:59","slug":"donantes-informacion","status":"publish","type":"page","link":"https:\/\/baz.pariver.com\/index.php\/donantes-informacion\/","title":{"rendered":"Donantes \u2013 Informaci\u00f3n"},"content":{"rendered":"\t\t<div data-elementor-type=\"wp-page\" data-elementor-id=\"3798\" class=\"elementor elementor-3798\" data-elementor-post-type=\"page\">\n\t\t\t\t<div class=\"elementor-element elementor-element-145681c8 e-flex e-con-boxed wpr-particle-no wpr-jarallax-no wpr-parallax-no wpr-sticky-section-no e-con e-parent\" data-id=\"145681c8\" data-element_type=\"container\">\n\t\t\t\t\t<div class=\"e-con-inner\">\n\t\t\t\t<div class=\"elementor-element elementor-element-497e687c elementor-widget elementor-widget-text-editor\" data-id=\"497e687c\" data-element_type=\"widget\" data-widget_type=\"text-editor.default\">\n\t\t\t\t<div class=\"elementor-widget-container\">\n\t\t\t<style>\/*! elementor - v3.21.0 - 08-05-2024 *\/\n.elementor-widget-text-editor.elementor-drop-cap-view-stacked .elementor-drop-cap{background-color:#69727d;color:#fff}.elementor-widget-text-editor.elementor-drop-cap-view-framed .elementor-drop-cap{color:#69727d;border:3px solid;background-color:transparent}.elementor-widget-text-editor:not(.elementor-drop-cap-view-default) .elementor-drop-cap{margin-top:8px}.elementor-widget-text-editor:not(.elementor-drop-cap-view-default) .elementor-drop-cap-letter{width:1em;height:1em}.elementor-widget-text-editor .elementor-drop-cap{float:left;text-align:center;line-height:1;font-size:50px}.elementor-widget-text-editor .elementor-drop-cap-letter{display:inline-block}<\/style>\t\t\t\t<!-- wp:paragraph -->\n<p>El Banco gestiona la captaci\u00f3n de alimentos, que se reciben de distintas procedencias:<\/p>\n<!-- \/wp:paragraph --><!-- wp:paragraph -->\n<p>Industria. La mayor\u00eda de los alimentos se reciben de la Industria, es decir de empresas privadas que operan en el sector de la alimentaci\u00f3n, productoras, fabricantes y distribuidoras.<\/p>\n<!-- \/wp:paragraph --><!-- wp:paragraph -->\n<p>Mercazaragoza. Peri\u00f3dicamente, varios d\u00edas a la semana, se recogen frutas y verduras de los mayoristas de Mercazaragoza.<\/p>\n<!-- \/wp:paragraph --><!-- wp:paragraph -->\n<p>FEGA\u00a0(Fondo Espa\u00f1ol de Garant\u00eda Agraria). A trav\u00e9s de la DGA se gestionan fondos recibidos de la CEE que se destinan para la compra de excedentes de Frutas y Hortalizas, con la colaboraci\u00f3n de diversas\u00a0OPFHs (Organizaciones de Productores de Frutas y Hortalizas).<\/p>\n<!-- \/wp:paragraph --><!-- wp:paragraph -->\n<p>FEAD\u00a0(Fondo Europeo de Ayuda a los m\u00e1s Desfavorecidos). La comunidad Econ\u00f3mica Europea mediante el denominado FEAD proporciona alimentos peri\u00f3dicamente (hasta 3 \u00f3 4 veces al a\u00f1o).<\/p>\n<!-- \/wp:paragraph --><!-- wp:paragraph -->\n<p>Campa\u00f1as y Colectas.\u00a0 A lo largo del a\u00f1o tienen lugar distintas campa\u00f1as en las que se recogen alimentos donados por particulares, habitualmente en centros comerciales, grandes superficies y supermercados. Tambi\u00e9n se organizan colectas de alimentos y econ\u00f3micas en empresas, entidades financieras,\u00a0 clubs deportivos, colegios, etc\u2026 y durante la celebraci\u00f3n de actos deportivos, conciertos, etc.<\/p>\n<!-- \/wp:paragraph --><!-- wp:paragraph -->\n<p>Tambi\u00e9n recibimos donaciones de servicios, como transporte para env\u00edo de material y recogida de alimentos en las distintas colectas y campa\u00f1as que se realizan, y donaciones de material de oficina, material inform\u00e1tico, maquinaria de gesti\u00f3n de almac\u00e9n, etc\u2026<\/p>\n<!-- \/wp:paragraph --><!-- wp:paragraph -->\n<p><a href=\"https:\/\/baz.pariver.com\/index.php\/alimentos\/\">Donaciones \/ Alimentos<\/a><\/p>\n<!-- \/wp:paragraph --><!-- wp:paragraph -->\n<p><a href=\"https:\/\/baz.pariver.com\/index.php\/medios-materiales-y-servicios\/\">Donaciones \/ Medios materiales y servicios<\/a><\/p>\n<!-- \/wp:paragraph -->\t\t\t\t\t\t<\/div>\n\t\t\t\t<\/div>\n\t\t\t\t\t<\/div>\n\t\t\t\t<\/div>\n\t\t\t\t<\/div>\n\t\t","protected":false},"excerpt":{"rendered":"<p>El Banco gestiona la captaci\u00f3n de alimentos, que se reciben de distintas procedencias: Industria. La mayor\u00eda de los alimentos se [&hellip;]<\/p>\n","protected":false},"author":1,"featured_media":0,"parent":0,"menu_order":0,"comment_status":"closed","ping_status":"closed","template":"","meta":{"site-sidebar-layout":"default","site-content-layout":"","ast-site-content-layout":"","site-content-style":"default","site-sidebar-style":"default","ast-global-header-display":"","ast-banner-title-visibility":"","ast-main-header-display":"","ast-hfb-above-header-display":"","ast-hfb-below-header-display":"","ast-hfb-mobile-header-display":"","site-post-title":"","ast-breadcrumbs-content":"","ast-featured-img":"","footer-sml-layout":"","theme-transparent-header-meta":"","adv-header-id-meta":"","stick-header-meta":"","header-above-stick-meta":"","header-main-stick-meta":"","header-below-stick-meta":"","astra-migrate-meta-layouts":"default","ast-page-background-enabled":"default","ast-page-background-meta":{"desktop":{"background-color":"var(--ast-global-color-4)","background-image":"","background-repeat":"repeat","background-position":"center center","background-size":"auto","background-attachment":"scroll","background-type":"","background-media":"","overlay-type":"","overlay-color":"","overlay-gradient":""},"tablet":{"background-color":"","background-image":"","background-repeat":"repeat","background-position":"center center","background-size":"auto","background-attachment":"scroll","background-type":"","background-media":"","overlay-type":"","overlay-color":"","overlay-gradient":""},"mobile":{"background-color":"","background-image":"","background-repeat":"repeat","background-position":"center center","background-size":"auto","background-attachment":"scroll","background-type":"","background-media":"","overlay-type":"","overlay-color":"","overlay-gradient":""}},"ast-content-background-meta":{"desktop":{"background-color":"var(--ast-global-color-5)","background-image":"","background-repeat":"repeat","background-position":"center center","background-size":"auto","background-attachment":"scroll","background-type":"","background-media":"","overlay-type":"","overlay-color":"","overlay-gradient":""},"tablet":{"background-color":"var(--ast-global-color-5)","background-image":"","background-repeat":"repeat","background-position":"center center","background-size":"auto","background-attachment":"scroll","background-type":"","background-media":"","overlay-type":"","overlay-color":"","overlay-gradient":""},"mobile":{"background-color":"var(--ast-global-color-5)","background-image":"","background-repeat":"repeat","background-position":"center center","background-size":"auto","background-attachment":"scroll","background-type":"","background-media":"","overlay-type":"","overlay-color":"","overlay-gradient":""}},"footnotes":""},"class_list":["post-3798","page","type-page","status-publish","hentry"],"yoast_head":"<!-- This site is optimized with the Yoast SEO plugin v22.6 - https:\/\/yoast.com\/wordpress\/plugins\/seo\/ -->\n<title>Donantes \u2013 Informaci\u00f3n - Fundacion Banco de Alimentos de Zaragoza<\/title>\n<meta name=\"description\" content=\"Descubre c\u00f3mo el Banco de Alimentos de Zaragoza administra las donaciones de alimentos procedentes de la industria, Mercazaragoza, el FEGA, el FEAD y campa\u00f1as comunitarias. Conoce c\u00f3mo puedes contribuir donando alimentos o servicios para apoyar a quienes m\u00e1s lo necesitan en nuestra comunidad.\" \/>\n<meta name=\"robots\" content=\"index, follow, max-snippet:-1, max-image-preview:large, max-video-preview:-1\" \/>\n<link rel=\"canonical\" href=\"https:\/\/baz.pariver.com\/index.php\/donantes-informacion\/\" \/>\n<meta property=\"og:locale\" content=\"es_ES\" \/>\n<meta property=\"og:type\" content=\"article\" \/>\n<meta property=\"og:title\" content=\"Donantes \u2013 Informaci\u00f3n - Fundacion Banco de Alimentos de Zaragoza\" \/>\n<meta property=\"og:description\" content=\"Descubre c\u00f3mo el Banco de Alimentos de Zaragoza administra las donaciones de alimentos procedentes de la industria, Mercazaragoza, el FEGA, el FEAD y campa\u00f1as comunitarias. Conoce c\u00f3mo puedes contribuir donando alimentos o servicios para apoyar a quienes m\u00e1s lo necesitan en nuestra comunidad.\" \/>\n<meta property=\"og:url\" content=\"https:\/\/baz.pariver.com\/index.php\/donantes-informacion\/\" \/>\n<meta property=\"og:site_name\" content=\"Fundacion Banco de Alimentos de Zaragoza\" \/>\n<meta property=\"article:publisher\" content=\"https:\/\/www.facebook.com\/BancoAlimentosZaragoza\" \/>\n<meta property=\"article:modified_time\" content=\"2024-04-25T08:14:59+00:00\" \/>\n<meta name=\"twitter:card\" content=\"summary_large_image\" \/>\n<meta name=\"twitter:site\" content=\"@b_alimentoszgz\" \/>\n<meta name=\"twitter:label1\" content=\"Tiempo de lectura\" \/>\n\t<meta name=\"twitter:data1\" content=\"2 minutos\" \/>\n<script type=\"application\/ld+json\" class=\"yoast-schema-graph\">{\"@context\":\"https:\/\/schema.org\",\"@graph\":[{\"@type\":\"WebPage\",\"@id\":\"https:\/\/baz.pariver.com\/index.php\/donantes-informacion\/\",\"url\":\"https:\/\/baz.pariver.com\/index.php\/donantes-informacion\/\",\"name\":\"Donantes \u2013 Informaci\u00f3n - Fundacion Banco de Alimentos de Zaragoza\",\"isPartOf\":{\"@id\":\"https:\/\/baz.pariver.com\/#website\"},\"datePublished\":\"2024-03-25T09:11:11+00:00\",\"dateModified\":\"2024-04-25T08:14:59+00:00\",\"description\":\"Descubre c\u00f3mo el Banco de Alimentos de Zaragoza administra las donaciones de alimentos procedentes de la industria, Mercazaragoza, el FEGA, el FEAD y campa\u00f1as comunitarias. Conoce c\u00f3mo puedes contribuir donando alimentos o servicios para apoyar a quienes m\u00e1s lo necesitan en nuestra comunidad.\",\"breadcrumb\":{\"@id\":\"https:\/\/baz.pariver.com\/index.php\/donantes-informacion\/#breadcrumb\"},\"inLanguage\":\"es\",\"potentialAction\":[{\"@type\":\"ReadAction\",\"target\":[\"https:\/\/baz.pariver.com\/index.php\/donantes-informacion\/\"]}]},{\"@type\":\"BreadcrumbList\",\"@id\":\"https:\/\/baz.pariver.com\/index.php\/donantes-informacion\/#breadcrumb\",\"itemListElement\":[{\"@type\":\"ListItem\",\"position\":1,\"name\":\"Portada\",\"item\":\"https:\/\/baz.pariver.com\/\"},{\"@type\":\"ListItem\",\"position\":2,\"name\":\"Donantes \u2013 Informaci\u00f3n\"}]},{\"@type\":\"WebSite\",\"@id\":\"https:\/\/baz.pariver.com\/#website\",\"url\":\"https:\/\/baz.pariver.com\/\",\"name\":\"Fundacion Banco de Alimentos de Zaragoza\",\"description\":\"Nos hace falta lo que a ti te sobra\",\"publisher\":{\"@id\":\"https:\/\/baz.pariver.com\/#organization\"},\"potentialAction\":[{\"@type\":\"SearchAction\",\"target\":{\"@type\":\"EntryPoint\",\"urlTemplate\":\"https:\/\/baz.pariver.com\/?s={search_term_string}\"},\"query-input\":\"required name=search_term_string\"}],\"inLanguage\":\"es\"},{\"@type\":\"Organization\",\"@id\":\"https:\/\/baz.pariver.com\/#organization\",\"name\":\"Fundacion Banco de Alimentos de Zaragoza\",\"url\":\"https:\/\/baz.pariver.com\/\",\"logo\":{\"@type\":\"ImageObject\",\"inLanguage\":\"es\",\"@id\":\"https:\/\/baz.pariver.com\/#\/schema\/logo\/image\/\",\"url\":\"https:\/\/baz.pariver.com\/wp-content\/uploads\/2024\/04\/banco-alimentos.png\",\"contentUrl\":\"https:\/\/baz.pariver.com\/wp-content\/uploads\/2024\/04\/banco-alimentos.png\",\"width\":303,\"height\":309,\"caption\":\"Fundacion Banco de Alimentos de Zaragoza\"},\"image\":{\"@id\":\"https:\/\/baz.pariver.com\/#\/schema\/logo\/image\/\"},\"sameAs\":[\"https:\/\/www.facebook.com\/BancoAlimentosZaragoza\",\"https:\/\/x.com\/b_alimentoszgz\",\"https:\/\/www.instagram.com\/b_alimentoszgz\/\",\"https:\/\/www.linkedin.com\/company\/fundacin-banco-de-alimentos-de-zaragoza\/\"]}]}<\/script>\n<!-- \/ Yoast SEO plugin. -->","yoast_head_json":{"title":"Donantes \u2013 Informaci\u00f3n - Fundacion Banco de Alimentos de Zaragoza","description":"Descubre c\u00f3mo el Banco de Alimentos de Zaragoza administra las donaciones de alimentos procedentes de la industria, Mercazaragoza, el FEGA, el FEAD y campa\u00f1as comunitarias. Conoce c\u00f3mo puedes contribuir donando alimentos o servicios para apoyar a quienes m\u00e1s lo necesitan en nuestra comunidad.","robots":{"index":"index","follow":"follow","max-snippet":"max-snippet:-1","max-image-preview":"max-image-preview:large","max-video-preview":"max-video-preview:-1"},"canonical":"https:\/\/baz.pariver.com\/index.php\/donantes-informacion\/","og_locale":"es_ES","og_type":"article","og_title":"Donantes \u2013 Informaci\u00f3n - Fundacion Banco de Alimentos de Zaragoza","og_description":"Descubre c\u00f3mo el Banco de Alimentos de Zaragoza administra las donaciones de alimentos procedentes de la industria, Mercazaragoza, el FEGA, el FEAD y campa\u00f1as comunitarias. Conoce c\u00f3mo puedes contribuir donando alimentos o servicios para apoyar a quienes m\u00e1s lo necesitan en nuestra comunidad.","og_url":"https:\/\/baz.pariver.com\/index.php\/donantes-informacion\/","og_site_name":"Fundacion Banco de Alimentos de Zaragoza","article_publisher":"https:\/\/www.facebook.com\/BancoAlimentosZaragoza","article_modified_time":"2024-04-25T08:14:59+00:00","twitter_card":"summary_large_image","twitter_site":"@b_alimentoszgz","twitter_misc":{"Tiempo de lectura":"2 minutos"},"schema":{"@context":"https:\/\/schema.org","@graph":[{"@type":"WebPage","@id":"https:\/\/baz.pariver.com\/index.php\/donantes-informacion\/","url":"https:\/\/baz.pariver.com\/index.php\/donantes-informacion\/","name":"Donantes \u2013 Informaci\u00f3n - Fundacion Banco de Alimentos de Zaragoza","isPartOf":{"@id":"https:\/\/baz.pariver.com\/#website"},"datePublished":"2024-03-25T09:11:11+00:00","dateModified":"2024-04-25T08:14:59+00:00","description":"Descubre c\u00f3mo el Banco de Alimentos de Zaragoza administra las donaciones de alimentos procedentes de la industria, Mercazaragoza, el FEGA, el FEAD y campa\u00f1as comunitarias. Conoce c\u00f3mo puedes contribuir donando alimentos o servicios para apoyar a quienes m\u00e1s lo necesitan en nuestra comunidad.","breadcrumb":{"@id":"https:\/\/baz.pariver.com\/index.php\/donantes-informacion\/#breadcrumb"},"inLanguage":"es","potentialAction":[{"@type":"ReadAction","target":["https:\/\/baz.pariver.com\/index.php\/donantes-informacion\/"]}]},{"@type":"BreadcrumbList","@id":"https:\/\/baz.pariver.com\/index.php\/donantes-informacion\/#breadcrumb","itemListElement":[{"@type":"ListItem","position":1,"name":"Portada","item":"https:\/\/baz.pariver.com\/"},{"@type":"ListItem","position":2,"name":"Donantes \u2013 Informaci\u00f3n"}]},{"@type":"WebSite","@id":"https:\/\/baz.pariver.com\/#website","url":"https:\/\/baz.pariver.com\/","name":"Fundacion Banco de Alimentos de Zaragoza","description":"Nos hace falta lo que a ti te sobra","publisher":{"@id":"https:\/\/baz.pariver.com\/#organization"},"potentialAction":[{"@type":"SearchAction","target":{"@type":"EntryPoint","urlTemplate":"https:\/\/baz.pariver.com\/?s={search_term_string}"},"query-input":"required name=search_term_string"}],"inLanguage":"es"},{"@type":"Organization","@id":"https:\/\/baz.pariver.com\/#organization","name":"Fundacion Banco de Alimentos de Zaragoza","url":"https:\/\/baz.pariver.com\/","logo":{"@type":"ImageObject","inLanguage":"es","@id":"https:\/\/baz.pariver.com\/#\/schema\/logo\/image\/","url":"https:\/\/baz.pariver.com\/wp-content\/uploads\/2024\/04\/banco-alimentos.png","contentUrl":"https:\/\/baz.pariver.com\/wp-content\/uploads\/2024\/04\/banco-alimentos.png","width":303,"height":309,"caption":"Fundacion Banco de Alimentos de Zaragoza"},"image":{"@id":"https:\/\/baz.pariver.com\/#\/schema\/logo\/image\/"},"sameAs":["https:\/\/www.facebook.com\/BancoAlimentosZaragoza","https:\/\/x.com\/b_alimentoszgz","https:\/\/www.instagram.com\/b_alimentoszgz\/","https:\/\/www.linkedin.com\/company\/fundacin-banco-de-alimentos-de-zaragoza\/"]}]}},"_links":{"self":[{"href":"https:\/\/baz.pariver.com\/index.php\/wp-json\/wp\/v2\/pages\/3798","targetHints":{"allow":["GET"]}}],"collection":[{"href":"https:\/\/baz.pariver.com\/index.php\/wp-json\/wp\/v2\/pages"}],"about":[{"href":"https:\/\/baz.pariver.com\/index.php\/wp-json\/wp\/v2\/types\/page"}],"author":[{"embeddable":true,"href":"https:\/\/baz.pariver.com\/index.php\/wp-json\/wp\/v2\/users\/1"}],"replies":[{"embeddable":true,"href":"https:\/\/baz.pariver.com\/index.php\/wp-json\/wp\/v2\/comments?post=3798"}],"version-history":[{"count":10,"href":"https:\/\/baz.pariver.com\/index.php\/wp-json\/wp\/v2\/pages\/3798\/revisions"}],"predecessor-version":[{"id":5313,"href":"https:\/\/baz.pariver.com\/index.php\/wp-json\/wp\/v2\/pages\/3798\/revisions\/5313"}],"wp:attachment":[{"href":"https:\/\/baz.pariver.com\/index.php\/wp-json\/wp\/v2\/media?parent=3798"}],"curies":[{"name":"wp","href":"https:\/\/api.w.org\/{rel}","templated":true}]}}