{"id":3772,"date":"2024-03-25T09:43:39","date_gmt":"2024-03-25T08:43:39","guid":{"rendered":"https:\/\/baz.pariver.com\/?page_id=3772"},"modified":"2024-04-29T11:25:45","modified_gmt":"2024-04-29T09:25:45","slug":"plan-de-igualdad","status":"publish","type":"page","link":"https:\/\/baz.pariver.com\/index.php\/plan-de-igualdad\/","title":{"rendered":"Plan de igualdad"},"content":{"rendered":"\t\t<div data-elementor-type=\"wp-page\" data-elementor-id=\"3772\" class=\"elementor elementor-3772\" data-elementor-post-type=\"page\">\n\t\t\t\t<div class=\"elementor-element elementor-element-a9dd9fb e-flex e-con-boxed wpr-particle-no wpr-jarallax-no wpr-parallax-no wpr-sticky-section-no e-con e-parent\" data-id=\"a9dd9fb\" data-element_type=\"container\">\n\t\t\t\t\t<div class=\"e-con-inner\">\n\t\t\t\t<div class=\"elementor-element elementor-element-dad143a elementor-widget__width-initial elementor-widget elementor-widget-accordion\" data-id=\"dad143a\" data-element_type=\"widget\" data-widget_type=\"accordion.default\">\n\t\t\t\t<div class=\"elementor-widget-container\">\n\t\t\t<style>.elementor-accordion{text-align:start}.elementor-accordion .elementor-accordion-item{border:1px solid #d5d8dc}.elementor-accordion .elementor-accordion-item+.elementor-accordion-item{border-top:none}.elementor-accordion .elementor-tab-title{margin:0;padding:15px 20px;font-weight:700;line-height:1;cursor:pointer;outline:none}.elementor-accordion .elementor-tab-title .elementor-accordion-icon{display:inline-block;width:1.5em}.elementor-accordion .elementor-tab-title .elementor-accordion-icon svg{width:1em;height:1em}.elementor-accordion .elementor-tab-title .elementor-accordion-icon.elementor-accordion-icon-right{float:right;text-align:right}.elementor-accordion .elementor-tab-title .elementor-accordion-icon.elementor-accordion-icon-left{float:left;text-align:left}.elementor-accordion .elementor-tab-title .elementor-accordion-icon .elementor-accordion-icon-closed{display:block}.elementor-accordion .elementor-tab-title .elementor-accordion-icon .elementor-accordion-icon-opened,.elementor-accordion .elementor-tab-title.elementor-active .elementor-accordion-icon-closed{display:none}.elementor-accordion .elementor-tab-title.elementor-active .elementor-accordion-icon-opened{display:block}.elementor-accordion .elementor-tab-content{display:none;padding:15px 20px;border-top:1px solid #d5d8dc}@media (max-width:767px){.elementor-accordion .elementor-tab-title{padding:12px 15px}.elementor-accordion .elementor-tab-title .elementor-accordion-icon{width:1.2em}.elementor-accordion .elementor-tab-content{padding:7px 15px}}.e-con-inner>.elementor-widget-accordion,.e-con>.elementor-widget-accordion{width:var(--container-widget-width);--flex-grow:var(--container-widget-flex-grow)}<\/style>\t\t<div class=\"elementor-accordion\">\n\t\t\t\t\t\t\t<div class=\"elementor-accordion-item\">\n\t\t\t\t\t<div id=\"elementor-tab-title-2291\" class=\"elementor-tab-title\" data-tab=\"1\" role=\"button\" aria-controls=\"elementor-tab-content-2291\" aria-expanded=\"false\">\n\t\t\t\t\t\t\t\t\t\t\t\t\t<span class=\"elementor-accordion-icon elementor-accordion-icon-left\" aria-hidden=\"true\">\n\t\t\t\t\t\t\t\t\t\t\t\t\t\t\t<span class=\"elementor-accordion-icon-closed\"><svg class=\"e-font-icon-svg e-fas-plus\" viewBox=\"0 0 448 512\" xmlns=\"http:\/\/www.w3.org\/2000\/svg\"><path d=\"M416 208H272V64c0-17.67-14.33-32-32-32h-32c-17.67 0-32 14.33-32 32v144H32c-17.67 0-32 14.33-32 32v32c0 17.67 14.33 32 32 32h144v144c0 17.67 14.33 32 32 32h32c17.67 0 32-14.33 32-32V304h144c17.67 0 32-14.33 32-32v-32c0-17.67-14.33-32-32-32z\"><\/path><\/svg><\/span>\n\t\t\t\t\t\t\t\t<span class=\"elementor-accordion-icon-opened\"><svg class=\"e-font-icon-svg e-fas-minus\" viewBox=\"0 0 448 512\" xmlns=\"http:\/\/www.w3.org\/2000\/svg\"><path d=\"M416 208H32c-17.67 0-32 14.33-32 32v32c0 17.67 14.33 32 32 32h384c17.67 0 32-14.33 32-32v-32c0-17.67-14.33-32-32-32z\"><\/path><\/svg><\/span>\n\t\t\t\t\t\t\t\t\t\t\t\t\t\t<\/span>\n\t\t\t\t\t\t\t\t\t\t\t\t<a class=\"elementor-accordion-title\" tabindex=\"0\">Plan de igualdad 2020-2023<\/a>\n\t\t\t\t\t<\/div>\n\t\t\t\t\t<div id=\"elementor-tab-content-2291\" class=\"elementor-tab-content elementor-clearfix\" data-tab=\"1\" role=\"region\" aria-labelledby=\"elementor-tab-title-2291\"><p><a href=\"https:\/\/baz.pariver.com\/wp-content\/uploads\/2020\/11\/Plan-Igualdad-2020-2023.pdf\">Plan de igualdad 2020-2023<\/a><\/p><\/div>\n\t\t\t\t<\/div>\n\t\t\t\t\t\t\t\t<\/div>\n\t\t\t\t<\/div>\n\t\t\t\t<\/div>\n\t\t\t\t\t<\/div>\n\t\t\t\t<\/div>\n\t\t\t\t<\/div>\n\t\t","protected":false},"excerpt":{"rendered":"<p>Plan de igualdad 2020-2023 Plan de igualdad 2020-2023<\/p>\n","protected":false},"author":1,"featured_media":0,"parent":0,"menu_order":0,"comment_status":"closed","ping_status":"closed","template":"","meta":{"site-sidebar-layout":"default","site-content-layout":"","ast-site-content-layout":"","site-content-style":"default","site-sidebar-style":"default","ast-global-header-display":"","ast-banner-title-visibility":"","ast-main-header-display":"","ast-hfb-above-header-display":"","ast-hfb-below-header-display":"","ast-hfb-mobile-header-display":"","site-post-title":"","ast-breadcrumbs-content":"","ast-featured-img":"","footer-sml-layout":"","theme-transparent-header-meta":"","adv-header-id-meta":"","stick-header-meta":"","header-above-stick-meta":"","header-main-stick-meta":"","header-below-stick-meta":"","astra-migrate-meta-layouts":"default","ast-page-background-enabled":"default","ast-page-background-meta":{"desktop":{"background-color":"var(--ast-global-color-4)","background-image":"","background-repeat":"repeat","background-position":"center center","background-size":"auto","background-attachment":"scroll","background-type":"","background-media":"","overlay-type":"","overlay-color":"","overlay-gradient":""},"tablet":{"background-color":"","background-image":"","background-repeat":"repeat","background-position":"center center","background-size":"auto","background-attachment":"scroll","background-type":"","background-media":"","overlay-type":"","overlay-color":"","overlay-gradient":""},"mobile":{"background-color":"","background-image":"","background-repeat":"repeat","background-position":"center center","background-size":"auto","background-attachment":"scroll","background-type":"","background-media":"","overlay-type":"","overlay-color":"","overlay-gradient":""}},"ast-content-background-meta":{"desktop":{"background-color":"var(--ast-global-color-5)","background-image":"","background-repeat":"repeat","background-position":"center center","background-size":"auto","background-attachment":"scroll","background-type":"","background-media":"","overlay-type":"","overlay-color":"","overlay-gradient":""},"tablet":{"background-color":"var(--ast-global-color-5)","background-image":"","background-repeat":"repeat","background-position":"center center","background-size":"auto","background-attachment":"scroll","background-type":"","background-media":"","overlay-type":"","overlay-color":"","overlay-gradient":""},"mobile":{"background-color":"var(--ast-global-color-5)","background-image":"","background-repeat":"repeat","background-position":"center center","background-size":"auto","background-attachment":"scroll","background-type":"","background-media":"","overlay-type":"","overlay-color":"","overlay-gradient":""}},"footnotes":""},"class_list":["post-3772","page","type-page","status-publish","hentry"],"yoast_head":"<!-- This site is optimized with the Yoast SEO plugin v22.6 - https:\/\/yoast.com\/wordpress\/plugins\/seo\/ -->\n<title>Plan de igualdad - Fundacion Banco de Alimentos de Zaragoza<\/title>\n<meta name=\"description\" content=\"Descubre nuestro plan de igualdad para el per\u00edodo 2020-2023, donde detallamos nuestras acciones y compromisos para promover la igualdad de g\u00e9nero en nuestra organizaci\u00f3n\" \/>\n<meta name=\"robots\" content=\"index, follow, max-snippet:-1, max-image-preview:large, max-video-preview:-1\" \/>\n<link rel=\"canonical\" href=\"https:\/\/baz.pariver.com\/index.php\/plan-de-igualdad\/\" \/>\n<meta property=\"og:locale\" content=\"es_ES\" \/>\n<meta property=\"og:type\" content=\"article\" \/>\n<meta property=\"og:title\" content=\"Plan de igualdad - Fundacion Banco de Alimentos de Zaragoza\" \/>\n<meta property=\"og:description\" content=\"Descubre nuestro plan de igualdad para el per\u00edodo 2020-2023, donde detallamos nuestras acciones y compromisos para promover la igualdad de g\u00e9nero en nuestra organizaci\u00f3n\" \/>\n<meta property=\"og:url\" content=\"https:\/\/baz.pariver.com\/index.php\/plan-de-igualdad\/\" \/>\n<meta property=\"og:site_name\" content=\"Fundacion Banco de Alimentos de Zaragoza\" \/>\n<meta property=\"article:publisher\" content=\"https:\/\/www.facebook.com\/BancoAlimentosZaragoza\" \/>\n<meta property=\"article:modified_time\" content=\"2024-04-29T09:25:45+00:00\" \/>\n<meta name=\"twitter:card\" content=\"summary_large_image\" \/>\n<meta name=\"twitter:site\" content=\"@b_alimentoszgz\" \/>\n<meta name=\"twitter:label1\" content=\"Tiempo de lectura\" \/>\n\t<meta name=\"twitter:data1\" content=\"1 minuto\" \/>\n<script type=\"application\/ld+json\" class=\"yoast-schema-graph\">{\"@context\":\"https:\/\/schema.org\",\"@graph\":[{\"@type\":\"WebPage\",\"@id\":\"https:\/\/baz.pariver.com\/index.php\/plan-de-igualdad\/\",\"url\":\"https:\/\/baz.pariver.com\/index.php\/plan-de-igualdad\/\",\"name\":\"Plan de igualdad - Fundacion Banco de Alimentos de Zaragoza\",\"isPartOf\":{\"@id\":\"https:\/\/baz.pariver.com\/#website\"},\"datePublished\":\"2024-03-25T08:43:39+00:00\",\"dateModified\":\"2024-04-29T09:25:45+00:00\",\"description\":\"Descubre nuestro plan de igualdad para el per\u00edodo 2020-2023, donde detallamos nuestras acciones y compromisos para promover la igualdad de g\u00e9nero en nuestra organizaci\u00f3n\",\"breadcrumb\":{\"@id\":\"https:\/\/baz.pariver.com\/index.php\/plan-de-igualdad\/#breadcrumb\"},\"inLanguage\":\"es\",\"potentialAction\":[{\"@type\":\"ReadAction\",\"target\":[\"https:\/\/baz.pariver.com\/index.php\/plan-de-igualdad\/\"]}]},{\"@type\":\"BreadcrumbList\",\"@id\":\"https:\/\/baz.pariver.com\/index.php\/plan-de-igualdad\/#breadcrumb\",\"itemListElement\":[{\"@type\":\"ListItem\",\"position\":1,\"name\":\"Portada\",\"item\":\"https:\/\/baz.pariver.com\/\"},{\"@type\":\"ListItem\",\"position\":2,\"name\":\"Plan de igualdad\"}]},{\"@type\":\"WebSite\",\"@id\":\"https:\/\/baz.pariver.com\/#website\",\"url\":\"https:\/\/baz.pariver.com\/\",\"name\":\"Fundacion Banco de Alimentos de Zaragoza\",\"description\":\"Nos hace falta lo que a ti te sobra\",\"publisher\":{\"@id\":\"https:\/\/baz.pariver.com\/#organization\"},\"potentialAction\":[{\"@type\":\"SearchAction\",\"target\":{\"@type\":\"EntryPoint\",\"urlTemplate\":\"https:\/\/baz.pariver.com\/?s={search_term_string}\"},\"query-input\":\"required name=search_term_string\"}],\"inLanguage\":\"es\"},{\"@type\":\"Organization\",\"@id\":\"https:\/\/baz.pariver.com\/#organization\",\"name\":\"Fundacion Banco de Alimentos de Zaragoza\",\"url\":\"https:\/\/baz.pariver.com\/\",\"logo\":{\"@type\":\"ImageObject\",\"inLanguage\":\"es\",\"@id\":\"https:\/\/baz.pariver.com\/#\/schema\/logo\/image\/\",\"url\":\"https:\/\/baz.pariver.com\/wp-content\/uploads\/2024\/04\/banco-alimentos.png\",\"contentUrl\":\"https:\/\/baz.pariver.com\/wp-content\/uploads\/2024\/04\/banco-alimentos.png\",\"width\":303,\"height\":309,\"caption\":\"Fundacion Banco de Alimentos de Zaragoza\"},\"image\":{\"@id\":\"https:\/\/baz.pariver.com\/#\/schema\/logo\/image\/\"},\"sameAs\":[\"https:\/\/www.facebook.com\/BancoAlimentosZaragoza\",\"https:\/\/x.com\/b_alimentoszgz\",\"https:\/\/www.instagram.com\/b_alimentoszgz\/\",\"https:\/\/www.linkedin.com\/company\/fundacin-banco-de-alimentos-de-zaragoza\/\"]}]}<\/script>\n<!-- \/ Yoast SEO plugin. -->","yoast_head_json":{"title":"Plan de igualdad - Fundacion Banco de Alimentos de Zaragoza","description":"Descubre nuestro plan de igualdad para el per\u00edodo 2020-2023, donde detallamos nuestras acciones y compromisos para promover la igualdad de g\u00e9nero en nuestra organizaci\u00f3n","robots":{"index":"index","follow":"follow","max-snippet":"max-snippet:-1","max-image-preview":"max-image-preview:large","max-video-preview":"max-video-preview:-1"},"canonical":"https:\/\/baz.pariver.com\/index.php\/plan-de-igualdad\/","og_locale":"es_ES","og_type":"article","og_title":"Plan de igualdad - Fundacion Banco de Alimentos de Zaragoza","og_description":"Descubre nuestro plan de igualdad para el per\u00edodo 2020-2023, donde detallamos nuestras acciones y compromisos para promover la igualdad de g\u00e9nero en nuestra organizaci\u00f3n","og_url":"https:\/\/baz.pariver.com\/index.php\/plan-de-igualdad\/","og_site_name":"Fundacion Banco de Alimentos de Zaragoza","article_publisher":"https:\/\/www.facebook.com\/BancoAlimentosZaragoza","article_modified_time":"2024-04-29T09:25:45+00:00","twitter_card":"summary_large_image","twitter_site":"@b_alimentoszgz","twitter_misc":{"Tiempo de lectura":"1 minuto"},"schema":{"@context":"https:\/\/schema.org","@graph":[{"@type":"WebPage","@id":"https:\/\/baz.pariver.com\/index.php\/plan-de-igualdad\/","url":"https:\/\/baz.pariver.com\/index.php\/plan-de-igualdad\/","name":"Plan de igualdad - Fundacion Banco de Alimentos de Zaragoza","isPartOf":{"@id":"https:\/\/baz.pariver.com\/#website"},"datePublished":"2024-03-25T08:43:39+00:00","dateModified":"2024-04-29T09:25:45+00:00","description":"Descubre nuestro plan de igualdad para el per\u00edodo 2020-2023, donde detallamos nuestras acciones y compromisos para promover la igualdad de g\u00e9nero en nuestra organizaci\u00f3n","breadcrumb":{"@id":"https:\/\/baz.pariver.com\/index.php\/plan-de-igualdad\/#breadcrumb"},"inLanguage":"es","potentialAction":[{"@type":"ReadAction","target":["https:\/\/baz.pariver.com\/index.php\/plan-de-igualdad\/"]}]},{"@type":"BreadcrumbList","@id":"https:\/\/baz.pariver.com\/index.php\/plan-de-igualdad\/#breadcrumb","itemListElement":[{"@type":"ListItem","position":1,"name":"Portada","item":"https:\/\/baz.pariver.com\/"},{"@type":"ListItem","position":2,"name":"Plan de igualdad"}]},{"@type":"WebSite","@id":"https:\/\/baz.pariver.com\/#website","url":"https:\/\/baz.pariver.com\/","name":"Fundacion Banco de Alimentos de Zaragoza","description":"Nos hace falta lo que a ti te sobra","publisher":{"@id":"https:\/\/baz.pariver.com\/#organization"},"potentialAction":[{"@type":"SearchAction","target":{"@type":"EntryPoint","urlTemplate":"https:\/\/baz.pariver.com\/?s={search_term_string}"},"query-input":"required name=search_term_string"}],"inLanguage":"es"},{"@type":"Organization","@id":"https:\/\/baz.pariver.com\/#organization","name":"Fundacion Banco de Alimentos de Zaragoza","url":"https:\/\/baz.pariver.com\/","logo":{"@type":"ImageObject","inLanguage":"es","@id":"https:\/\/baz.pariver.com\/#\/schema\/logo\/image\/","url":"https:\/\/baz.pariver.com\/wp-content\/uploads\/2024\/04\/banco-alimentos.png","contentUrl":"https:\/\/baz.pariver.com\/wp-content\/uploads\/2024\/04\/banco-alimentos.png","width":303,"height":309,"caption":"Fundacion Banco de Alimentos de Zaragoza"},"image":{"@id":"https:\/\/baz.pariver.com\/#\/schema\/logo\/image\/"},"sameAs":["https:\/\/www.facebook.com\/BancoAlimentosZaragoza","https:\/\/x.com\/b_alimentoszgz","https:\/\/www.instagram.com\/b_alimentoszgz\/","https:\/\/www.linkedin.com\/company\/fundacin-banco-de-alimentos-de-zaragoza\/"]}]}},"_links":{"self":[{"href":"https:\/\/baz.pariver.com\/index.php\/wp-json\/wp\/v2\/pages\/3772","targetHints":{"allow":["GET"]}}],"collection":[{"href":"https:\/\/baz.pariver.com\/index.php\/wp-json\/wp\/v2\/pages"}],"about":[{"href":"https:\/\/baz.pariver.com\/index.php\/wp-json\/wp\/v2\/types\/page"}],"author":[{"embeddable":true,"href":"https:\/\/baz.pariver.com\/index.php\/wp-json\/wp\/v2\/users\/1"}],"replies":[{"embeddable":true,"href":"https:\/\/baz.pariver.com\/index.php\/wp-json\/wp\/v2\/comments?post=3772"}],"version-history":[{"count":10,"href":"https:\/\/baz.pariver.com\/index.php\/wp-json\/wp\/v2\/pages\/3772\/revisions"}],"predecessor-version":[{"id":4946,"href":"https:\/\/baz.pariver.com\/index.php\/wp-json\/wp\/v2\/pages\/3772\/revisions\/4946"}],"wp:attachment":[{"href":"https:\/\/baz.pariver.com\/index.php\/wp-json\/wp\/v2\/media?parent=3772"}],"curies":[{"name":"wp","href":"https:\/\/api.w.org\/{rel}","templated":true}]}}