{"id":3661,"date":"2024-03-25T08:21:25","date_gmt":"2024-03-25T07:21:25","guid":{"rendered":"https:\/\/baz.pariver.com\/?page_id=3661"},"modified":"2024-04-25T10:11:49","modified_gmt":"2024-04-25T08:11:49","slug":"localizacion","status":"publish","type":"page","link":"https:\/\/baz.pariver.com\/index.php\/localizacion\/","title":{"rendered":"Localizaci\u00f3n"},"content":{"rendered":"\t\t<div data-elementor-type=\"wp-page\" data-elementor-id=\"3661\" class=\"elementor elementor-3661\" data-elementor-post-type=\"page\">\n\t\t\t\t<div class=\"elementor-element elementor-element-6d7fcb63 e-flex e-con-boxed wpr-particle-no wpr-jarallax-no wpr-parallax-no wpr-sticky-section-no e-con e-parent\" data-id=\"6d7fcb63\" data-element_type=\"container\">\n\t\t\t\t\t<div class=\"e-con-inner\">\n\t\t\t\t<div class=\"elementor-element elementor-element-10740d0 elementor-widget__width-initial elementor-widget-mobile__width-auto elementor-widget elementor-widget-google_maps\" data-id=\"10740d0\" data-element_type=\"widget\" data-widget_type=\"google_maps.default\">\n\t\t\t\t<div class=\"elementor-widget-container\">\n\t\t\t<style>\/*! elementor - v3.21.0 - 08-05-2024 *\/\n.elementor-widget-google_maps .elementor-widget-container{overflow:hidden}.elementor-widget-google_maps .elementor-custom-embed{line-height:0}.elementor-widget-google_maps iframe{height:300px}<\/style>\t\t<div class=\"elementor-custom-embed\">\n\t\t\t<iframe loading=\"lazy\"\n\t\t\t\t\tdata-src=\"https:\/\/maps.google.com\/maps?q=Banco%20de%20Alimentos%20de%20Zaragoza%20Mercazaragoza%2C%20Carretera%20Cogullada%2065%2C%20Calle%20P%2C%20naves%203%2C%204%2C%205%20y%206%2C%2050014%20Zaragoza&#038;t=m&#038;z=12&#038;output=embed&#038;iwloc=near\"\n\t\t\t\t\ttitle=\"Banco de Alimentos de Zaragoza Mercazaragoza, Carretera Cogullada 65, Calle P, naves 3, 4, 5 y 6, 50014 Zaragoza\"\n\t\t\t\t\taria-label=\"Banco de Alimentos de Zaragoza Mercazaragoza, Carretera Cogullada 65, Calle P, naves 3, 4, 5 y 6, 50014 Zaragoza\"\n\t\t\t src=\"data:image\/gif;base64,R0lGODlhAQABAAAAACH5BAEKAAEALAAAAAABAAEAAAICTAEAOw==\" class=\"lazyload\" data-load-mode=\"1\"><\/iframe>\n\t\t<\/div>\n\t\t\t\t<\/div>\n\t\t\t\t<\/div>\n\t\t\t\t<div class=\"elementor-element elementor-element-69c44c1 elementor-widget__width-initial elementor-icon-list--layout-traditional elementor-list-item-link-full_width elementor-widget elementor-widget-icon-list\" data-id=\"69c44c1\" data-element_type=\"widget\" data-widget_type=\"icon-list.default\">\n\t\t\t\t<div class=\"elementor-widget-container\">\n\t\t\t<link rel=\"stylesheet\" href=\"https:\/\/baz.pariver.com\/wp-content\/uploads\/elementor\/css\/custom-widget-icon-list.min.css?ver=1714632354\">\t\t<ul class=\"elementor-icon-list-items\">\n\t\t\t\t\t\t\t<li class=\"elementor-icon-list-item\">\n\t\t\t\t\t\t\t\t\t\t\t<span class=\"elementor-icon-list-icon\">\n\t\t\t\t\t\t\t<svg xmlns=\"http:\/\/www.w3.org\/2000\/svg\" xmlns:xlink=\"http:\/\/www.w3.org\/1999\/xlink\" id=\"pin-destination-map-location\" style=\"enable-background:new 0 0 10.134 15.626;\" viewBox=\"0 0 10.134 15.626\" xml:space=\"preserve\"><path d=\"M7.873,0.853c-1.705-1.137-3.908-1.137-5.612,0C0.065,2.316-0.638,5.167,0.626,7.484l4.441,8.142l4.441-8.142  C10.772,5.167,10.07,2.316,7.873,0.853z M8.631,7.006l-3.563,6.533L1.504,7.006C0.49,5.146,1.053,2.859,2.816,1.685  C3.5,1.229,4.283,1,5.067,1s1.567,0.228,2.251,0.684C9.081,2.859,9.645,5.146,8.631,7.006z\"><\/path><path d=\"M5.067,2.083c-1.378,0-2.5,1.122-2.5,2.5s1.122,2.5,2.5,2.5s2.5-1.122,2.5-2.5S6.446,2.083,5.067,2.083z M5.067,6.083  c-0.827,0-1.5-0.673-1.5-1.5s0.673-1.5,1.5-1.5s1.5,0.673,1.5,1.5S5.894,6.083,5.067,6.083z\"><\/path><\/svg>\t\t\t\t\t\t<\/span>\n\t\t\t\t\t\t\t\t\t\t<span class=\"elementor-icon-list-text\">Mercazaragoza, Carretera Cogullada 65, Calle P, naves 3, 4, 5, 6 50014 Zaragoza<\/span>\n\t\t\t\t\t\t\t\t\t<\/li>\n\t\t\t\t\t\t\t\t<li class=\"elementor-icon-list-item\">\n\t\t\t\t\t\t\t\t\t\t\t<a href=\"https:\/\/mercazaragoza.es\/planos\/\">\n\n\t\t\t\t\t\t\t\t\t\t\t\t<span class=\"elementor-icon-list-icon\">\n\t\t\t\t\t\t\t<svg xmlns=\"http:\/\/www.w3.org\/2000\/svg\" xmlns:xlink=\"http:\/\/www.w3.org\/1999\/xlink\" id=\"Layer_1\" x=\"0px\" y=\"0px\" viewBox=\"0 0 122.88 121.66\" style=\"enable-background:new 0 0 122.88 121.66\" xml:space=\"preserve\"><g><path d=\"M84.54,52.46c8.33,0,15.88,3.39,21.35,8.84c5.47,5.47,8.84,13,8.84,21.35c0,6.09-1.82,11.78-4.92,16.52l13.07,14.24 l-9.02,8.24l-12.6-13.87c-4.79,3.19-10.54,5.05-16.72,5.05c-8.33,0-15.88-3.39-21.35-8.84c-5.47-5.47-8.84-13-8.84-21.35 c0-8.33,3.39-15.88,8.84-21.35C68.66,55.82,76.19,52.46,84.54,52.46L84.54,52.46L84.54,52.46z M75.73,16.58l35.36-16.33 c1.4-0.64,3.03-0.03,3.66,1.37c0.16,0.37,0.27,0.76,0.27,1.17v54.08c-1.66-1.98-4.58-3.79-6.59-5.41V8.16l-28.82,14.3v20.63 c-1.9,0.29-5.9,0.71-7.7,1.26V22.47L43.08,9.77V90.9l3.64,2.84c1.05,3.2,2.49,7.3,4.27,10.08l-11.68-7.05L4.22,117.97 c-1.3,0.8-3.02,0.37-3.79-0.93C0.14,116.59,0,116.09,0,115.59V19.63c0-1.19,0.73-2.2,1.79-2.59L38.15,0.28h0.07l0.07-0.03h0.03 c0.27-0.1,0.53-0.16,0.83-0.16h0.34c0.27,0.03,0.57,0.07,0.83,0.16h0.03l0.07,0.03h0.07l35.36,16.33L75.73,16.58L75.73,16.58 L75.73,16.58z M35.38,90.9V9.77L6.29,22.2v86.59L35.38,90.9L35.38,90.9z M101.21,65.98c-4.27-4.26-10.17-6.91-16.67-6.91 c-6.5,0-12.4,2.65-16.67,6.91c-4.26,4.26-6.91,10.17-6.91,16.67c0,6.5,2.65,12.4,6.91,16.67c4.26,4.26,10.16,6.91,16.67,6.91 c6.5,0,12.4-2.65,16.67-6.91c4.26-4.26,6.91-10.16,6.91-16.67C108.12,76.15,105.47,70.25,101.21,65.98L101.21,65.98L101.21,65.98 L101.21,65.98z\"><\/path><\/g><\/svg>\t\t\t\t\t\t<\/span>\n\t\t\t\t\t\t\t\t\t\t<span class=\"elementor-icon-list-text\">   Plano de Mercazaragoza <\/span>\n\t\t\t\t\t\t\t\t\t\t\t<\/a>\n\t\t\t\t\t\t\t\t\t<\/li>\n\t\t\t\t\t\t\t\t<li class=\"elementor-icon-list-item\">\n\t\t\t\t\t\t\t\t\t\t\t<a href=\"https:\/\/baz.pariver.com\/index.php\/contactar\/\">\n\n\t\t\t\t\t\t\t\t\t\t\t\t<span class=\"elementor-icon-list-icon\">\n\t\t\t\t\t\t\t<svg xmlns=\"http:\/\/www.w3.org\/2000\/svg\" xmlns:xlink=\"http:\/\/www.w3.org\/1999\/xlink\" id=\"Layer_1\" x=\"0px\" y=\"0px\" viewBox=\"0 0 122.88 121.42\" style=\"enable-background:new 0 0 122.88 121.42\" xml:space=\"preserve\"><style type=\"text\/css\">.st0{fill-rule:evenodd;clip-rule:evenodd;}<\/style><g><path class=\"st0\" d=\"M0,121.42l0-19.63c10.5-4.67,42.65-13.56,44.16-26.41c0.34-2.9-6.5-13.96-8.07-19.26 c-3.36-5.35-4.56-13.85-0.89-19.5c1.46-2.25,0.84-10.44,0.84-13.53c0-30.77,53.92-30.78,53.92,0c0,3.89-0.9,11.04,1.22,14.1 c3.54,5.12,1.71,14.19-1.27,18.93c-1.91,5.57-9.18,16.11-8.56,19.26c2.31,11.74,32.13,19.63,41.52,23.8l0,22.23L0,121.42L0,121.42z\"><\/path><\/g><\/svg>\t\t\t\t\t\t<\/span>\n\t\t\t\t\t\t\t\t\t\t<span class=\"elementor-icon-list-text\">Contactar con el banco<\/span>\n\t\t\t\t\t\t\t\t\t\t\t<\/a>\n\t\t\t\t\t\t\t\t\t<\/li>\n\t\t\t\t\t\t<\/ul>\n\t\t\t\t<\/div>\n\t\t\t\t<\/div>\n\t\t\t\t\t<\/div>\n\t\t\t\t<\/div>\n\t\t\t\t<\/div>\n\t\t","protected":false},"excerpt":{"rendered":"<p>Mercazaragoza, Carretera Cogullada 65, Calle P, naves 3, 4, 5, 6 50014 Zaragoza Plano de Mercazaragoza Contactar con el banco<\/p>\n","protected":false},"author":1,"featured_media":5658,"parent":0,"menu_order":0,"comment_status":"closed","ping_status":"closed","template":"","meta":{"site-sidebar-layout":"default","site-content-layout":"","ast-site-content-layout":"","site-content-style":"default","site-sidebar-style":"default","ast-global-header-display":"","ast-banner-title-visibility":"","ast-main-header-display":"","ast-hfb-above-header-display":"","ast-hfb-below-header-display":"","ast-hfb-mobile-header-display":"","site-post-title":"","ast-breadcrumbs-content":"","ast-featured-img":"disabled","footer-sml-layout":"","theme-transparent-header-meta":"","adv-header-id-meta":"","stick-header-meta":"","header-above-stick-meta":"","header-main-stick-meta":"","header-below-stick-meta":"","astra-migrate-meta-layouts":"default","ast-page-background-enabled":"default","ast-page-background-meta":{"desktop":{"background-color":"var(--ast-global-color-4)","background-image":"","background-repeat":"repeat","background-position":"center center","background-size":"auto","background-attachment":"scroll","background-type":"","background-media":"","overlay-type":"","overlay-color":"","overlay-gradient":""},"tablet":{"background-color":"","background-image":"","background-repeat":"repeat","background-position":"center center","background-size":"auto","background-attachment":"scroll","background-type":"","background-media":"","overlay-type":"","overlay-color":"","overlay-gradient":""},"mobile":{"background-color":"","background-image":"","background-repeat":"repeat","background-position":"center center","background-size":"auto","background-attachment":"scroll","background-type":"","background-media":"","overlay-type":"","overlay-color":"","overlay-gradient":""}},"ast-content-background-meta":{"desktop":{"background-color":"var(--ast-global-color-5)","background-image":"","background-repeat":"repeat","background-position":"center center","background-size":"auto","background-attachment":"scroll","background-type":"","background-media":"","overlay-type":"","overlay-color":"","overlay-gradient":""},"tablet":{"background-color":"var(--ast-global-color-5)","background-image":"","background-repeat":"repeat","background-position":"center center","background-size":"auto","background-attachment":"scroll","background-type":"","background-media":"","overlay-type":"","overlay-color":"","overlay-gradient":""},"mobile":{"background-color":"var(--ast-global-color-5)","background-image":"","background-repeat":"repeat","background-position":"center center","background-size":"auto","background-attachment":"scroll","background-type":"","background-media":"","overlay-type":"","overlay-color":"","overlay-gradient":""}},"footnotes":""},"class_list":["post-3661","page","type-page","status-publish","has-post-thumbnail","hentry"],"yoast_head":"<!-- This site is optimized with the Yoast SEO plugin v22.6 - https:\/\/yoast.com\/wordpress\/plugins\/seo\/ -->\n<title>Localizaci\u00f3n - Fundacion Banco de Alimentos de Zaragoza<\/title>\n<meta name=\"description\" content=\"Encuentra f\u00e1cilmente la ubicaci\u00f3n del Banco de Alimentos de Zaragoza en Mercazaragoza. Consulta nuestra direcci\u00f3n exacta y accede al plano para ubicarnos mejor. Adem\u00e1s, puedes ponerte en contacto con nosotros si necesitas m\u00e1s informaci\u00f3n o deseas colaborar. \u00a1Vis\u00edtanos y \u00fanete a nuestra causa solidaria!\" \/>\n<meta name=\"robots\" content=\"index, follow, max-snippet:-1, max-image-preview:large, max-video-preview:-1\" \/>\n<link rel=\"canonical\" href=\"https:\/\/baz.pariver.com\/index.php\/localizacion\/\" \/>\n<meta property=\"og:locale\" content=\"es_ES\" \/>\n<meta property=\"og:type\" content=\"article\" \/>\n<meta property=\"og:title\" content=\"Localizaci\u00f3n - Fundacion Banco de Alimentos de Zaragoza\" \/>\n<meta property=\"og:description\" content=\"Encuentra f\u00e1cilmente la ubicaci\u00f3n del Banco de Alimentos de Zaragoza en Mercazaragoza. Consulta nuestra direcci\u00f3n exacta y accede al plano para ubicarnos mejor. Adem\u00e1s, puedes ponerte en contacto con nosotros si necesitas m\u00e1s informaci\u00f3n o deseas colaborar. \u00a1Vis\u00edtanos y \u00fanete a nuestra causa solidaria!\" \/>\n<meta property=\"og:url\" content=\"https:\/\/baz.pariver.com\/index.php\/localizacion\/\" \/>\n<meta property=\"og:site_name\" content=\"Fundacion Banco de Alimentos de Zaragoza\" \/>\n<meta property=\"article:publisher\" content=\"https:\/\/www.facebook.com\/BancoAlimentosZaragoza\" \/>\n<meta property=\"article:modified_time\" content=\"2024-04-25T08:11:49+00:00\" \/>\n<meta name=\"twitter:card\" content=\"summary_large_image\" \/>\n<meta name=\"twitter:site\" content=\"@b_alimentoszgz\" \/>\n<meta name=\"twitter:label1\" content=\"Tiempo de lectura\" \/>\n\t<meta name=\"twitter:data1\" content=\"1 minuto\" \/>\n<script type=\"application\/ld+json\" class=\"yoast-schema-graph\">{\"@context\":\"https:\/\/schema.org\",\"@graph\":[{\"@type\":\"WebPage\",\"@id\":\"https:\/\/baz.pariver.com\/index.php\/localizacion\/\",\"url\":\"https:\/\/baz.pariver.com\/index.php\/localizacion\/\",\"name\":\"Localizaci\u00f3n - Fundacion Banco de Alimentos de Zaragoza\",\"isPartOf\":{\"@id\":\"https:\/\/baz.pariver.com\/#website\"},\"primaryImageOfPage\":{\"@id\":\"https:\/\/baz.pariver.com\/index.php\/localizacion\/#primaryimage\"},\"image\":{\"@id\":\"https:\/\/baz.pariver.com\/index.php\/localizacion\/#primaryimage\"},\"thumbnailUrl\":\"https:\/\/baz.pariver.com\/wp-content\/uploads\/2024\/04\/male-icon.svg\",\"datePublished\":\"2024-03-25T07:21:25+00:00\",\"dateModified\":\"2024-04-25T08:11:49+00:00\",\"description\":\"Encuentra f\u00e1cilmente la ubicaci\u00f3n del Banco de Alimentos de Zaragoza en Mercazaragoza. Consulta nuestra direcci\u00f3n exacta y accede al plano para ubicarnos mejor. Adem\u00e1s, puedes ponerte en contacto con nosotros si necesitas m\u00e1s informaci\u00f3n o deseas colaborar. \u00a1Vis\u00edtanos y \u00fanete a nuestra causa solidaria!\",\"breadcrumb\":{\"@id\":\"https:\/\/baz.pariver.com\/index.php\/localizacion\/#breadcrumb\"},\"inLanguage\":\"es\",\"potentialAction\":[{\"@type\":\"ReadAction\",\"target\":[\"https:\/\/baz.pariver.com\/index.php\/localizacion\/\"]}]},{\"@type\":\"ImageObject\",\"inLanguage\":\"es\",\"@id\":\"https:\/\/baz.pariver.com\/index.php\/localizacion\/#primaryimage\",\"url\":\"https:\/\/baz.pariver.com\/wp-content\/uploads\/2024\/04\/male-icon.svg\",\"contentUrl\":\"https:\/\/baz.pariver.com\/wp-content\/uploads\/2024\/04\/male-icon.svg\",\"width\":122,\"height\":121},{\"@type\":\"BreadcrumbList\",\"@id\":\"https:\/\/baz.pariver.com\/index.php\/localizacion\/#breadcrumb\",\"itemListElement\":[{\"@type\":\"ListItem\",\"position\":1,\"name\":\"Portada\",\"item\":\"https:\/\/baz.pariver.com\/\"},{\"@type\":\"ListItem\",\"position\":2,\"name\":\"Localizaci\u00f3n\"}]},{\"@type\":\"WebSite\",\"@id\":\"https:\/\/baz.pariver.com\/#website\",\"url\":\"https:\/\/baz.pariver.com\/\",\"name\":\"Fundacion Banco de Alimentos de Zaragoza\",\"description\":\"Nos hace falta lo que a ti te sobra\",\"publisher\":{\"@id\":\"https:\/\/baz.pariver.com\/#organization\"},\"potentialAction\":[{\"@type\":\"SearchAction\",\"target\":{\"@type\":\"EntryPoint\",\"urlTemplate\":\"https:\/\/baz.pariver.com\/?s={search_term_string}\"},\"query-input\":\"required name=search_term_string\"}],\"inLanguage\":\"es\"},{\"@type\":\"Organization\",\"@id\":\"https:\/\/baz.pariver.com\/#organization\",\"name\":\"Fundacion Banco de Alimentos de Zaragoza\",\"url\":\"https:\/\/baz.pariver.com\/\",\"logo\":{\"@type\":\"ImageObject\",\"inLanguage\":\"es\",\"@id\":\"https:\/\/baz.pariver.com\/#\/schema\/logo\/image\/\",\"url\":\"https:\/\/baz.pariver.com\/wp-content\/uploads\/2024\/04\/banco-alimentos.png\",\"contentUrl\":\"https:\/\/baz.pariver.com\/wp-content\/uploads\/2024\/04\/banco-alimentos.png\",\"width\":303,\"height\":309,\"caption\":\"Fundacion Banco de Alimentos de Zaragoza\"},\"image\":{\"@id\":\"https:\/\/baz.pariver.com\/#\/schema\/logo\/image\/\"},\"sameAs\":[\"https:\/\/www.facebook.com\/BancoAlimentosZaragoza\",\"https:\/\/x.com\/b_alimentoszgz\",\"https:\/\/www.instagram.com\/b_alimentoszgz\/\",\"https:\/\/www.linkedin.com\/company\/fundacin-banco-de-alimentos-de-zaragoza\/\"]}]}<\/script>\n<!-- \/ Yoast SEO plugin. -->","yoast_head_json":{"title":"Localizaci\u00f3n - Fundacion Banco de Alimentos de Zaragoza","description":"Encuentra f\u00e1cilmente la ubicaci\u00f3n del Banco de Alimentos de Zaragoza en Mercazaragoza. Consulta nuestra direcci\u00f3n exacta y accede al plano para ubicarnos mejor. Adem\u00e1s, puedes ponerte en contacto con nosotros si necesitas m\u00e1s informaci\u00f3n o deseas colaborar. \u00a1Vis\u00edtanos y \u00fanete a nuestra causa solidaria!","robots":{"index":"index","follow":"follow","max-snippet":"max-snippet:-1","max-image-preview":"max-image-preview:large","max-video-preview":"max-video-preview:-1"},"canonical":"https:\/\/baz.pariver.com\/index.php\/localizacion\/","og_locale":"es_ES","og_type":"article","og_title":"Localizaci\u00f3n - Fundacion Banco de Alimentos de Zaragoza","og_description":"Encuentra f\u00e1cilmente la ubicaci\u00f3n del Banco de Alimentos de Zaragoza en Mercazaragoza. Consulta nuestra direcci\u00f3n exacta y accede al plano para ubicarnos mejor. Adem\u00e1s, puedes ponerte en contacto con nosotros si necesitas m\u00e1s informaci\u00f3n o deseas colaborar. \u00a1Vis\u00edtanos y \u00fanete a nuestra causa solidaria!","og_url":"https:\/\/baz.pariver.com\/index.php\/localizacion\/","og_site_name":"Fundacion Banco de Alimentos de Zaragoza","article_publisher":"https:\/\/www.facebook.com\/BancoAlimentosZaragoza","article_modified_time":"2024-04-25T08:11:49+00:00","twitter_card":"summary_large_image","twitter_site":"@b_alimentoszgz","twitter_misc":{"Tiempo de lectura":"1 minuto"},"schema":{"@context":"https:\/\/schema.org","@graph":[{"@type":"WebPage","@id":"https:\/\/baz.pariver.com\/index.php\/localizacion\/","url":"https:\/\/baz.pariver.com\/index.php\/localizacion\/","name":"Localizaci\u00f3n - Fundacion Banco de Alimentos de Zaragoza","isPartOf":{"@id":"https:\/\/baz.pariver.com\/#website"},"primaryImageOfPage":{"@id":"https:\/\/baz.pariver.com\/index.php\/localizacion\/#primaryimage"},"image":{"@id":"https:\/\/baz.pariver.com\/index.php\/localizacion\/#primaryimage"},"thumbnailUrl":"https:\/\/baz.pariver.com\/wp-content\/uploads\/2024\/04\/male-icon.svg","datePublished":"2024-03-25T07:21:25+00:00","dateModified":"2024-04-25T08:11:49+00:00","description":"Encuentra f\u00e1cilmente la ubicaci\u00f3n del Banco de Alimentos de Zaragoza en Mercazaragoza. Consulta nuestra direcci\u00f3n exacta y accede al plano para ubicarnos mejor. Adem\u00e1s, puedes ponerte en contacto con nosotros si necesitas m\u00e1s informaci\u00f3n o deseas colaborar. \u00a1Vis\u00edtanos y \u00fanete a nuestra causa solidaria!","breadcrumb":{"@id":"https:\/\/baz.pariver.com\/index.php\/localizacion\/#breadcrumb"},"inLanguage":"es","potentialAction":[{"@type":"ReadAction","target":["https:\/\/baz.pariver.com\/index.php\/localizacion\/"]}]},{"@type":"ImageObject","inLanguage":"es","@id":"https:\/\/baz.pariver.com\/index.php\/localizacion\/#primaryimage","url":"https:\/\/baz.pariver.com\/wp-content\/uploads\/2024\/04\/male-icon.svg","contentUrl":"https:\/\/baz.pariver.com\/wp-content\/uploads\/2024\/04\/male-icon.svg","width":122,"height":121},{"@type":"BreadcrumbList","@id":"https:\/\/baz.pariver.com\/index.php\/localizacion\/#breadcrumb","itemListElement":[{"@type":"ListItem","position":1,"name":"Portada","item":"https:\/\/baz.pariver.com\/"},{"@type":"ListItem","position":2,"name":"Localizaci\u00f3n"}]},{"@type":"WebSite","@id":"https:\/\/baz.pariver.com\/#website","url":"https:\/\/baz.pariver.com\/","name":"Fundacion Banco de Alimentos de Zaragoza","description":"Nos hace falta lo que a ti te sobra","publisher":{"@id":"https:\/\/baz.pariver.com\/#organization"},"potentialAction":[{"@type":"SearchAction","target":{"@type":"EntryPoint","urlTemplate":"https:\/\/baz.pariver.com\/?s={search_term_string}"},"query-input":"required name=search_term_string"}],"inLanguage":"es"},{"@type":"Organization","@id":"https:\/\/baz.pariver.com\/#organization","name":"Fundacion Banco de Alimentos de Zaragoza","url":"https:\/\/baz.pariver.com\/","logo":{"@type":"ImageObject","inLanguage":"es","@id":"https:\/\/baz.pariver.com\/#\/schema\/logo\/image\/","url":"https:\/\/baz.pariver.com\/wp-content\/uploads\/2024\/04\/banco-alimentos.png","contentUrl":"https:\/\/baz.pariver.com\/wp-content\/uploads\/2024\/04\/banco-alimentos.png","width":303,"height":309,"caption":"Fundacion Banco de Alimentos de Zaragoza"},"image":{"@id":"https:\/\/baz.pariver.com\/#\/schema\/logo\/image\/"},"sameAs":["https:\/\/www.facebook.com\/BancoAlimentosZaragoza","https:\/\/x.com\/b_alimentoszgz","https:\/\/www.instagram.com\/b_alimentoszgz\/","https:\/\/www.linkedin.com\/company\/fundacin-banco-de-alimentos-de-zaragoza\/"]}]}},"_links":{"self":[{"href":"https:\/\/baz.pariver.com\/index.php\/wp-json\/wp\/v2\/pages\/3661","targetHints":{"allow":["GET"]}}],"collection":[{"href":"https:\/\/baz.pariver.com\/index.php\/wp-json\/wp\/v2\/pages"}],"about":[{"href":"https:\/\/baz.pariver.com\/index.php\/wp-json\/wp\/v2\/types\/page"}],"author":[{"embeddable":true,"href":"https:\/\/baz.pariver.com\/index.php\/wp-json\/wp\/v2\/users\/1"}],"replies":[{"embeddable":true,"href":"https:\/\/baz.pariver.com\/index.php\/wp-json\/wp\/v2\/comments?post=3661"}],"version-history":[{"count":47,"href":"https:\/\/baz.pariver.com\/index.php\/wp-json\/wp\/v2\/pages\/3661\/revisions"}],"predecessor-version":[{"id":5773,"href":"https:\/\/baz.pariver.com\/index.php\/wp-json\/wp\/v2\/pages\/3661\/revisions\/5773"}],"wp:featuredmedia":[{"embeddable":true,"href":"https:\/\/baz.pariver.com\/index.php\/wp-json\/wp\/v2\/media\/5658"}],"wp:attachment":[{"href":"https:\/\/baz.pariver.com\/index.php\/wp-json\/wp\/v2\/media?parent=3661"}],"curies":[{"name":"wp","href":"https:\/\/api.w.org\/{rel}","templated":true}]}}