{"id":3606,"date":"2024-03-22T13:42:43","date_gmt":"2024-03-22T12:42:43","guid":{"rendered":"https:\/\/baz.pariver.com\/?page_id=3606"},"modified":"2024-04-25T09:56:53","modified_gmt":"2024-04-25T07:56:53","slug":"historia-de-los-bancos-de-alimentos","status":"publish","type":"page","link":"https:\/\/baz.pariver.com\/index.php\/historia-de-los-bancos-de-alimentos\/","title":{"rendered":"Historia de los Bancos de Alimentos"},"content":{"rendered":"\t\t<div data-elementor-type=\"wp-page\" data-elementor-id=\"3606\" class=\"elementor elementor-3606\" data-elementor-post-type=\"page\">\n\t\t\t\t<div class=\"elementor-element elementor-element-73b7ed10 e-flex e-con-boxed wpr-particle-no wpr-jarallax-no wpr-parallax-no wpr-sticky-section-no e-con e-parent\" data-id=\"73b7ed10\" data-element_type=\"container\">\n\t\t\t\t\t<div class=\"e-con-inner\">\n\t\t\t\t<div class=\"elementor-element elementor-element-22f2de30 elementor-widget elementor-widget-text-editor\" data-id=\"22f2de30\" data-element_type=\"widget\" data-widget_type=\"text-editor.default\">\n\t\t\t\t<div class=\"elementor-widget-container\">\n\t\t\t<style>\/*! elementor - v3.21.0 - 08-05-2024 *\/\n.elementor-widget-text-editor.elementor-drop-cap-view-stacked .elementor-drop-cap{background-color:#69727d;color:#fff}.elementor-widget-text-editor.elementor-drop-cap-view-framed .elementor-drop-cap{color:#69727d;border:3px solid;background-color:transparent}.elementor-widget-text-editor:not(.elementor-drop-cap-view-default) .elementor-drop-cap{margin-top:8px}.elementor-widget-text-editor:not(.elementor-drop-cap-view-default) .elementor-drop-cap-letter{width:1em;height:1em}.elementor-widget-text-editor .elementor-drop-cap{float:left;text-align:center;line-height:1;font-size:50px}.elementor-widget-text-editor .elementor-drop-cap-letter{display:inline-block}<\/style>\t\t\t\t<!-- wp:paragraph -->\n<p>Los <strong>Bancos<\/strong> <strong>de Alimentos<\/strong> nacieron en Estados Unidos, en Phoenix (Arizona) en 1967.<\/p>\n<!-- \/wp:paragraph --><!-- wp:paragraph -->\n<p>El motivo de su nacimiento fue el comprobar que alimentos en perfectas condiciones se desperdiciaban diariamente, bien por ser excedentes de producci\u00f3n o de cosechas, por defectos de envasado, o por estar pr\u00f3xima su fecha de caducidad. La idea era aprovechar estos alimentos que iban a ser eliminados, para donarlos a las personas que no pod\u00edan adquirirlos de otro modo.<\/p>\n<!-- \/wp:paragraph --><!-- wp:paragraph -->\n<p>La idea de los Bancos de Alimentos pasa a Canad\u00e1 en 1981, y posteriormente a Francia. En 1986 se crea la FEBA (Federaci\u00f3n Europea de Bancos de Alimentos) para promover el desarrollo de los Bancos en los Estados Miembros y coordinar sus actividades a nivel europeo.<\/p>\n<!-- \/wp:paragraph --><!-- wp:paragraph -->\n<p>Los primeros Bancos de Alimentos que aparecen en Espa\u00f1a fueron el de Barcelona, creado en 1987, seguido por el de Gerona (1988), el de Madrid (1994), y el de Vizcaya (1995), entre otros.<\/p>\n<!-- \/wp:paragraph --><!-- wp:paragraph -->\n<p>En 1996 se crea en Espa\u00f1a la FESBAL (Federaci\u00f3n Espa\u00f1ola de Bancos de Alimentos) que incluye los 54 Bancos espa\u00f1oles que existen actualmente (enero 2021).<\/p>\n<!-- \/wp:paragraph --><!-- wp:paragraph -->\n<p>En 2011, el comit\u00e9 ejecutivo de la FESBAL aprob\u00f3 el \u2018C\u00f3digo de Buenas Pr\u00e1cticas de los Bancos de Alimentos\u2019, conteniendo estos 10 puntos que todos los Bancos deben seguir:<\/p>\n<!-- \/wp:paragraph --><!-- wp:paragraph -->\n<p>1. Los Bancos de Alimentos son <strong>apol\u00edticos<\/strong> y <strong>aconfesionales<\/strong>.<\/p>\n<!-- \/wp:paragraph --><!-- wp:paragraph -->\n<p>2. Los miembros de los \u00f3rganos de gobierno<strong> en ning\u00fan momento ser\u00e1n remunerados<\/strong>.<\/p>\n<!-- \/wp:paragraph --><!-- wp:paragraph -->\n<p>3. El porcentaje de personal <strong>remunerado<\/strong> ser\u00e1 <strong>m\u00ednimo<\/strong>.<\/p>\n<!-- \/wp:paragraph --><!-- wp:paragraph -->\n<p>4. Se <strong>evitar\u00e1<\/strong> la presencia de <strong>cargos p\u00fablicos<\/strong> de especial relevancia en los Bancos.<\/p>\n<!-- \/wp:paragraph --><!-- wp:paragraph -->\n<p>5. Los <strong>alimentos<\/strong> que se <strong>reciben<\/strong> en los Bancos se <strong>destinar\u00e1n<\/strong> a las <strong>entidades<\/strong> <strong>ben\u00e9ficas<\/strong> evitando otro destino.<\/p>\n<!-- \/wp:paragraph --><!-- wp:paragraph -->\n<p>6. En ning\u00fan caso se solicitar\u00e1 <strong>ninguna<\/strong> <strong>compensaci\u00f3n<\/strong> econ\u00f3mica ni directa ni indirectamente a las <strong>entidades ben\u00e9ficas<\/strong> a las que se atiende.<\/p>\n<!-- \/wp:paragraph --><!-- wp:paragraph -->\n<p>7. El destino de las <strong>donaciones<\/strong> se justificar\u00e1 <strong>documentalmente<\/strong>.<\/p>\n<!-- \/wp:paragraph --><!-- wp:paragraph -->\n<p>8. La <strong>satisfacci\u00f3n<\/strong> de los <strong>voluntarios<\/strong> y el <strong>adecuado ambiente de trabajo<\/strong> son <strong>objetivos<\/strong> de la organizaci\u00f3n.<\/p>\n<!-- \/wp:paragraph --><!-- wp:paragraph -->\n<p>9. Se <strong>cuidar\u00e1<\/strong> especialmente la <strong>informaci\u00f3n<\/strong> y la participaci\u00f3n de los <strong>miembros<\/strong> de la entidad.<\/p>\n<!-- \/wp:paragraph --><!-- wp:paragraph -->\n<p>10. El fomento del esp\u00edritu de <strong>solidaridad<\/strong>, <strong>sobriedad<\/strong> y <strong>consumo<\/strong> <strong>responsable<\/strong> son valores y <strong>objetivos<\/strong> de los Bancos de Alimentos.<\/p>\n<!-- \/wp:paragraph -->\t\t\t\t\t\t<\/div>\n\t\t\t\t<\/div>\n\t\t\t\t\t<\/div>\n\t\t\t\t<\/div>\n\t\t\t\t<\/div>\n\t\t","protected":false},"excerpt":{"rendered":"<p>Los Bancos de Alimentos nacieron en Estados Unidos, en Phoenix (Arizona) en 1967. El motivo de su nacimiento fue el [&hellip;]<\/p>\n","protected":false},"author":1,"featured_media":0,"parent":0,"menu_order":0,"comment_status":"closed","ping_status":"closed","template":"","meta":{"site-sidebar-layout":"default","site-content-layout":"","ast-site-content-layout":"","site-content-style":"default","site-sidebar-style":"default","ast-global-header-display":"","ast-banner-title-visibility":"","ast-main-header-display":"","ast-hfb-above-header-display":"","ast-hfb-below-header-display":"","ast-hfb-mobile-header-display":"","site-post-title":"","ast-breadcrumbs-content":"","ast-featured-img":"","footer-sml-layout":"","theme-transparent-header-meta":"","adv-header-id-meta":"","stick-header-meta":"","header-above-stick-meta":"","header-main-stick-meta":"","header-below-stick-meta":"","astra-migrate-meta-layouts":"default","ast-page-background-enabled":"default","ast-page-background-meta":{"desktop":{"background-color":"var(--ast-global-color-4)","background-image":"","background-repeat":"repeat","background-position":"center center","background-size":"auto","background-attachment":"scroll","background-type":"","background-media":"","overlay-type":"","overlay-color":"","overlay-gradient":""},"tablet":{"background-color":"","background-image":"","background-repeat":"repeat","background-position":"center center","background-size":"auto","background-attachment":"scroll","background-type":"","background-media":"","overlay-type":"","overlay-color":"","overlay-gradient":""},"mobile":{"background-color":"","background-image":"","background-repeat":"repeat","background-position":"center center","background-size":"auto","background-attachment":"scroll","background-type":"","background-media":"","overlay-type":"","overlay-color":"","overlay-gradient":""}},"ast-content-background-meta":{"desktop":{"background-color":"var(--ast-global-color-5)","background-image":"","background-repeat":"repeat","background-position":"center center","background-size":"auto","background-attachment":"scroll","background-type":"","background-media":"","overlay-type":"","overlay-color":"","overlay-gradient":""},"tablet":{"background-color":"var(--ast-global-color-5)","background-image":"","background-repeat":"repeat","background-position":"center center","background-size":"auto","background-attachment":"scroll","background-type":"","background-media":"","overlay-type":"","overlay-color":"","overlay-gradient":""},"mobile":{"background-color":"var(--ast-global-color-5)","background-image":"","background-repeat":"repeat","background-position":"center center","background-size":"auto","background-attachment":"scroll","background-type":"","background-media":"","overlay-type":"","overlay-color":"","overlay-gradient":""}},"footnotes":""},"class_list":["post-3606","page","type-page","status-publish","hentry"],"yoast_head":"<!-- This site is optimized with the Yoast SEO plugin v22.6 - https:\/\/yoast.com\/wordpress\/plugins\/seo\/ -->\n<title>Historia de los Bancos de Alimentos - Fundacion Banco de Alimentos de Zaragoza<\/title>\n<meta name=\"description\" content=\"Los Bancos de Alimentos nacieron en Estados Unidos, en Phoenix (Arizona) en 1967.El motivo de su nacimiento fue el comprobar que alimentos en perfectas condiciones\" \/>\n<meta name=\"robots\" content=\"index, follow, max-snippet:-1, max-image-preview:large, max-video-preview:-1\" \/>\n<link rel=\"canonical\" href=\"https:\/\/baz.pariver.com\/index.php\/historia-de-los-bancos-de-alimentos\/\" \/>\n<meta property=\"og:locale\" content=\"es_ES\" \/>\n<meta property=\"og:type\" content=\"article\" \/>\n<meta property=\"og:title\" content=\"Historia de los Bancos de Alimentos - Fundacion Banco de Alimentos de Zaragoza\" \/>\n<meta property=\"og:description\" content=\"Los Bancos de Alimentos nacieron en Estados Unidos, en Phoenix (Arizona) en 1967.El motivo de su nacimiento fue el comprobar que alimentos en perfectas condiciones\" \/>\n<meta property=\"og:url\" content=\"https:\/\/baz.pariver.com\/index.php\/historia-de-los-bancos-de-alimentos\/\" \/>\n<meta property=\"og:site_name\" content=\"Fundacion Banco de Alimentos de Zaragoza\" \/>\n<meta property=\"article:publisher\" content=\"https:\/\/www.facebook.com\/BancoAlimentosZaragoza\" \/>\n<meta property=\"article:modified_time\" content=\"2024-04-25T07:56:53+00:00\" \/>\n<meta name=\"twitter:card\" content=\"summary_large_image\" \/>\n<meta name=\"twitter:site\" content=\"@b_alimentoszgz\" \/>\n<meta name=\"twitter:label1\" content=\"Tiempo de lectura\" \/>\n\t<meta name=\"twitter:data1\" content=\"2 minutos\" \/>\n<script type=\"application\/ld+json\" class=\"yoast-schema-graph\">{\"@context\":\"https:\/\/schema.org\",\"@graph\":[{\"@type\":\"WebPage\",\"@id\":\"https:\/\/baz.pariver.com\/index.php\/historia-de-los-bancos-de-alimentos\/\",\"url\":\"https:\/\/baz.pariver.com\/index.php\/historia-de-los-bancos-de-alimentos\/\",\"name\":\"Historia de los Bancos de Alimentos - Fundacion Banco de Alimentos de Zaragoza\",\"isPartOf\":{\"@id\":\"https:\/\/baz.pariver.com\/#website\"},\"datePublished\":\"2024-03-22T12:42:43+00:00\",\"dateModified\":\"2024-04-25T07:56:53+00:00\",\"description\":\"Los Bancos de Alimentos nacieron en Estados Unidos, en Phoenix (Arizona) en 1967.El motivo de su nacimiento fue el comprobar que alimentos en perfectas condiciones\",\"breadcrumb\":{\"@id\":\"https:\/\/baz.pariver.com\/index.php\/historia-de-los-bancos-de-alimentos\/#breadcrumb\"},\"inLanguage\":\"es\",\"potentialAction\":[{\"@type\":\"ReadAction\",\"target\":[\"https:\/\/baz.pariver.com\/index.php\/historia-de-los-bancos-de-alimentos\/\"]}]},{\"@type\":\"BreadcrumbList\",\"@id\":\"https:\/\/baz.pariver.com\/index.php\/historia-de-los-bancos-de-alimentos\/#breadcrumb\",\"itemListElement\":[{\"@type\":\"ListItem\",\"position\":1,\"name\":\"Portada\",\"item\":\"https:\/\/baz.pariver.com\/\"},{\"@type\":\"ListItem\",\"position\":2,\"name\":\"Historia de los Bancos de Alimentos\"}]},{\"@type\":\"WebSite\",\"@id\":\"https:\/\/baz.pariver.com\/#website\",\"url\":\"https:\/\/baz.pariver.com\/\",\"name\":\"Fundacion Banco de Alimentos de Zaragoza\",\"description\":\"Nos hace falta lo que a ti te sobra\",\"publisher\":{\"@id\":\"https:\/\/baz.pariver.com\/#organization\"},\"potentialAction\":[{\"@type\":\"SearchAction\",\"target\":{\"@type\":\"EntryPoint\",\"urlTemplate\":\"https:\/\/baz.pariver.com\/?s={search_term_string}\"},\"query-input\":\"required name=search_term_string\"}],\"inLanguage\":\"es\"},{\"@type\":\"Organization\",\"@id\":\"https:\/\/baz.pariver.com\/#organization\",\"name\":\"Fundacion Banco de Alimentos de Zaragoza\",\"url\":\"https:\/\/baz.pariver.com\/\",\"logo\":{\"@type\":\"ImageObject\",\"inLanguage\":\"es\",\"@id\":\"https:\/\/baz.pariver.com\/#\/schema\/logo\/image\/\",\"url\":\"https:\/\/baz.pariver.com\/wp-content\/uploads\/2024\/04\/banco-alimentos.png\",\"contentUrl\":\"https:\/\/baz.pariver.com\/wp-content\/uploads\/2024\/04\/banco-alimentos.png\",\"width\":303,\"height\":309,\"caption\":\"Fundacion Banco de Alimentos de Zaragoza\"},\"image\":{\"@id\":\"https:\/\/baz.pariver.com\/#\/schema\/logo\/image\/\"},\"sameAs\":[\"https:\/\/www.facebook.com\/BancoAlimentosZaragoza\",\"https:\/\/x.com\/b_alimentoszgz\",\"https:\/\/www.instagram.com\/b_alimentoszgz\/\",\"https:\/\/www.linkedin.com\/company\/fundacin-banco-de-alimentos-de-zaragoza\/\"]}]}<\/script>\n<!-- \/ Yoast SEO plugin. -->","yoast_head_json":{"title":"Historia de los Bancos de Alimentos - Fundacion Banco de Alimentos de Zaragoza","description":"Los Bancos de Alimentos nacieron en Estados Unidos, en Phoenix (Arizona) en 1967.El motivo de su nacimiento fue el comprobar que alimentos en perfectas condiciones","robots":{"index":"index","follow":"follow","max-snippet":"max-snippet:-1","max-image-preview":"max-image-preview:large","max-video-preview":"max-video-preview:-1"},"canonical":"https:\/\/baz.pariver.com\/index.php\/historia-de-los-bancos-de-alimentos\/","og_locale":"es_ES","og_type":"article","og_title":"Historia de los Bancos de Alimentos - Fundacion Banco de Alimentos de Zaragoza","og_description":"Los Bancos de Alimentos nacieron en Estados Unidos, en Phoenix (Arizona) en 1967.El motivo de su nacimiento fue el comprobar que alimentos en perfectas condiciones","og_url":"https:\/\/baz.pariver.com\/index.php\/historia-de-los-bancos-de-alimentos\/","og_site_name":"Fundacion Banco de Alimentos de Zaragoza","article_publisher":"https:\/\/www.facebook.com\/BancoAlimentosZaragoza","article_modified_time":"2024-04-25T07:56:53+00:00","twitter_card":"summary_large_image","twitter_site":"@b_alimentoszgz","twitter_misc":{"Tiempo de lectura":"2 minutos"},"schema":{"@context":"https:\/\/schema.org","@graph":[{"@type":"WebPage","@id":"https:\/\/baz.pariver.com\/index.php\/historia-de-los-bancos-de-alimentos\/","url":"https:\/\/baz.pariver.com\/index.php\/historia-de-los-bancos-de-alimentos\/","name":"Historia de los Bancos de Alimentos - Fundacion Banco de Alimentos de Zaragoza","isPartOf":{"@id":"https:\/\/baz.pariver.com\/#website"},"datePublished":"2024-03-22T12:42:43+00:00","dateModified":"2024-04-25T07:56:53+00:00","description":"Los Bancos de Alimentos nacieron en Estados Unidos, en Phoenix (Arizona) en 1967.El motivo de su nacimiento fue el comprobar que alimentos en perfectas condiciones","breadcrumb":{"@id":"https:\/\/baz.pariver.com\/index.php\/historia-de-los-bancos-de-alimentos\/#breadcrumb"},"inLanguage":"es","potentialAction":[{"@type":"ReadAction","target":["https:\/\/baz.pariver.com\/index.php\/historia-de-los-bancos-de-alimentos\/"]}]},{"@type":"BreadcrumbList","@id":"https:\/\/baz.pariver.com\/index.php\/historia-de-los-bancos-de-alimentos\/#breadcrumb","itemListElement":[{"@type":"ListItem","position":1,"name":"Portada","item":"https:\/\/baz.pariver.com\/"},{"@type":"ListItem","position":2,"name":"Historia de los Bancos de Alimentos"}]},{"@type":"WebSite","@id":"https:\/\/baz.pariver.com\/#website","url":"https:\/\/baz.pariver.com\/","name":"Fundacion Banco de Alimentos de Zaragoza","description":"Nos hace falta lo que a ti te sobra","publisher":{"@id":"https:\/\/baz.pariver.com\/#organization"},"potentialAction":[{"@type":"SearchAction","target":{"@type":"EntryPoint","urlTemplate":"https:\/\/baz.pariver.com\/?s={search_term_string}"},"query-input":"required name=search_term_string"}],"inLanguage":"es"},{"@type":"Organization","@id":"https:\/\/baz.pariver.com\/#organization","name":"Fundacion Banco de Alimentos de Zaragoza","url":"https:\/\/baz.pariver.com\/","logo":{"@type":"ImageObject","inLanguage":"es","@id":"https:\/\/baz.pariver.com\/#\/schema\/logo\/image\/","url":"https:\/\/baz.pariver.com\/wp-content\/uploads\/2024\/04\/banco-alimentos.png","contentUrl":"https:\/\/baz.pariver.com\/wp-content\/uploads\/2024\/04\/banco-alimentos.png","width":303,"height":309,"caption":"Fundacion Banco de Alimentos de Zaragoza"},"image":{"@id":"https:\/\/baz.pariver.com\/#\/schema\/logo\/image\/"},"sameAs":["https:\/\/www.facebook.com\/BancoAlimentosZaragoza","https:\/\/x.com\/b_alimentoszgz","https:\/\/www.instagram.com\/b_alimentoszgz\/","https:\/\/www.linkedin.com\/company\/fundacin-banco-de-alimentos-de-zaragoza\/"]}]}},"_links":{"self":[{"href":"https:\/\/baz.pariver.com\/index.php\/wp-json\/wp\/v2\/pages\/3606","targetHints":{"allow":["GET"]}}],"collection":[{"href":"https:\/\/baz.pariver.com\/index.php\/wp-json\/wp\/v2\/pages"}],"about":[{"href":"https:\/\/baz.pariver.com\/index.php\/wp-json\/wp\/v2\/types\/page"}],"author":[{"embeddable":true,"href":"https:\/\/baz.pariver.com\/index.php\/wp-json\/wp\/v2\/users\/1"}],"replies":[{"embeddable":true,"href":"https:\/\/baz.pariver.com\/index.php\/wp-json\/wp\/v2\/comments?post=3606"}],"version-history":[{"count":28,"href":"https:\/\/baz.pariver.com\/index.php\/wp-json\/wp\/v2\/pages\/3606\/revisions"}],"predecessor-version":[{"id":5736,"href":"https:\/\/baz.pariver.com\/index.php\/wp-json\/wp\/v2\/pages\/3606\/revisions\/5736"}],"wp:attachment":[{"href":"https:\/\/baz.pariver.com\/index.php\/wp-json\/wp\/v2\/media?parent=3606"}],"curies":[{"name":"wp","href":"https:\/\/api.w.org\/{rel}","templated":true}]}}